{"id":3357,"date":"2013-10-20T18:28:53","date_gmt":"2013-10-21T01:28:53","guid":{"rendered":"http:\/\/megasonex.com\/?page_id=3357"},"modified":"2026-01-26T18:11:33","modified_gmt":"2026-01-27T02:11:33","slug":"terms","status":"publish","type":"page","link":"https:\/\/megasonex.com\/sl\/terms\/","title":{"rendered":"Pogoji"},"content":{"rendered":"<p>1. Sprejem pogojev uporabe<\/p>\n<p>2. Sprememba pogojev<\/p>\n<p>3. Pravila zasebnosti<\/p>\n<p>4. Odrekanje pravic<\/p>\n<p>5. Registracija<\/p>\n<p>6. Prispevki<\/p>\n<p>7. Omejitve odgovornosti<\/p>\n<p>8. Vsebina tretjih oseb\/Software<\/p>\n<p>9. Avtorske pravice in blagovne znamke<\/p>\n<p>10. Lastninske pravice na na\u0161i spletni strani<\/p>\n<p>11. ZDA zahtevki kr\u0161itev avtorskih pravic<\/p>\n<p>12. Od\u0161kodnine in izpustitve<\/p>\n<p>13. Zaustavitev strani<\/p>\n<p>14. Goldspire izdelki<\/p>\n<p>15. Re\u0161evanje sporov<\/p>\n<p>16. Neodvisnost<\/p>\n<p>17. Opustitev<\/p>\n<p>18. Naslovi<br \/>\n<strong><br \/>\nPogoji uporabe<\/strong><\/p>\n<p>&nbsp;<\/p>\n<p>Ta spletna stran je na voljo preko podjetja\u00a0<strong>Goldspire Group Limited,<\/strong> The Center 31\/F, 99 Queens Road Central, Hong Kong, Kitajska (&#8220;Goldspire&#8221;).<\/p>\n<p>&nbsp;<\/p>\n<p>Pogoji uporabe urejajo va\u0161 dostop in uporabo tega spletnega mesta. Prav tako lahko posebni pogoji veljajo za dolo\u010deno vsebino, podatke, materiale ali informacije, vsebovane na ali v povezavi s to spletno stranjo (&#8220;vsebina&#8221;), in za posebno vsebino, podatke, materiale ali informacije, katere lahko nalo\u017eite, predlo\u017eite in \/ ali objavite na spletni strani (&#8220;Uporabni\u0161ke vsebine&#8221;), ali transakcije, sklenjene v okviru tega spletnega mesta. Tak\u0161ni posebni pogoji so lahko dodatek pogojem uporabe ali, \u010de je tako izrecno dolo\u010deno in samo v tem dolo\u010denem obsegu, lahko izpodrinejo te pogoje uporabe.<\/p>\n<p>&nbsp;<\/p>\n<p><strong><a name=\"1\"><\/a>1. Sprejem pogojev uporabe<\/strong><\/p>\n<p>&nbsp;<\/p>\n<p>Z dostopom in uporabo teh spletnih strani se strinjate, da ste pravno povezani s pogoji uporabe, vsemi omejitvami in dodatnimi dolo\u010dbami in pogoji, povezanimi s spletno stranjo. \u010ce se ne strinjate z vsemi pogoji, <strong>NE<\/strong> dostopajte in <strong>NE<\/strong> uporabljajte te spletne strani.<\/p>\n<p>&nbsp;<\/p>\n<p><strong><a name=\"2\"><\/a>2. Sprememba pogojev<\/strong><\/p>\n<p>&nbsp;<\/p>\n<p>Podjetje Goldspire lahko kadarkoli spremeni pogoje uporabe. Tak\u0161ne spremembe za\u010dnejo veljati z njihovo objavo. Z nadaljevanjem dostopa in uporabo spletnih strani po tak\u0161ni objavi se avtomati\u010dno \u0161teje, da sprejemate te nove spremembe. Svetujemo vam, da redno pregledujete vse veljavne pogoje. Druge spletne strani podjetja Goldspire lahko vsebujejo druga\u010dne pogoje uporabe, ki veljajo za druge spletne strani.<\/p>\n<p>&nbsp;<\/p>\n<p>Podjetje Goldspire si pridr\u017euje pravico do opustitve, sprememb in posodobitev v zvezi s spletnimi stranmi ali vsebino kadarkoli brez predhodnega obvestila. Podjetje Goldspire si pridr\u017euje pravico, da takoj omeji, zavrne ali prekine dostop katerikoli osebi do spletnih strani ali kateregakoli njenega dela brez predhodnega obvestila kadarkoli in iz kateregakoli vzroka po lastni presoji.<\/p>\n<p>&nbsp;<\/p>\n<p><strong><a name=\"3\"><\/a>3. Pravila zasebnosti<\/strong><\/p>\n<p>&nbsp;<\/p>\n<p>Osebni podatki, zbrani v povezavi s to spletno stranjo, se lahko uporabljajo samo v skladu s Pravilnikom o zasebnosti in Pogoji uporabe podjetja Goldspire, kakor je objavljeno na tej spletni strani.<\/p>\n<p>&nbsp;<\/p>\n<p><strong><a name=\"4\"><\/a>4. Odrekanje pravicam<\/strong><\/p>\n<p>&nbsp;<\/p>\n<p>VSE INFORMACIJE (VKLJU\u010cNO, A NE IZKLJU\u010cNO, BESEDILA, SLIKE, GRAFIKE, POVEZAVE IN DRUGE MATERIALE) NA SPLETNI STRANI SO NA VOLJO &#8220;KOT SO&#8221; IN &#8220;KOT SO NA VOLJO&#8221;. PODJETJE GOLDSPIRE IN NJENE H\u010cERINSKE DRU\u017dBE, PODRU\u017dNICE, PARTNERJI, IMETNIKI LICENC IN DOBAVITELJI IZRECNO ZAVRA\u010cAJO POSREDOVANJA IN JAMSTVA VSEH VRST, KOT JIH DOVOLJUJE ZAKON , IZRECNE ALI ZAKONSKE, VKLJU\u010cUJO\u010c JAMSTVA ZA PRODAJO, USTREZNOSTI ZA DOLO\u010cEN NAMEN, KR\u0160ITVE ALI DELOVANJA TE SPLETNE STRANI, VSEBIN OZIROMA UPORABNI\u0160KIH VSEBIN. Niti podjetje Goldspire niti njene odvisne dru\u017ebe, podru\u017enice, partnerji, imetniki licenc in dobavitelji ne zagotavljajo in ne navajajo, da (i) spletna stran ustreza va\u0161im zahtevam, (ii) bo spletna stran delovala neprekinjeno, neomejeno varno ali brez napak, ali (iii) bodo rezultati, ki se lahko pridobijo z uporabo te spletne strani (vklju\u010dno z vsemi informacijami in gradivi na tej spletni strani) pravilni, popolni, to\u010dni, zanesljivi ali druga\u010de ustrezali va\u0161im zahtevam.<\/p>\n<p>&nbsp;<\/p>\n<p>To je javna spletna stran. Ne smete imeti nobenih pri\u010dakovanj glede zaupnosti v zvezi s katerokoli uporabni\u0161ko vsebino, katero posredujete na tej spletni strani. <strong>Ne po\u0161iljajte zaupnih informacij.<\/strong><\/p>\n<p>&nbsp;<\/p>\n<p>Podjetje Goldspire in njene h\u010derinske dru\u017ebe, podru\u017enice, partnerji, imetniki licenc in dobavitelji ne nosijo nobene odgovornosti za prekinitve ali motnje internetnega omre\u017eja ali gostovanja storitev in ne jam\u010dijo, da so spletna stran in storitve, ki omogo\u010dajo delovanje te  spletne strani, ali elektronska komunikacija, poslana s strani podjetja Goldspire, brez virusov ali drugih \u0161kodljivih elementov.<\/p>\n<p>&nbsp;<\/p>\n<p>Vsi materiali, prene\u0161eni ali kako druga\u010de pridobljeni z uporabo te spletne strani, se izvajajo po va\u0161i lastni presoji in sprejemanju tveganja. Sami ste odgovorni za kakr\u0161nokoli \u0161kodo va\u0161ega ra\u010dunalni\u0161kega sistema ali izgubo podatkov, ki bi lahko izhajala iz prenosa kakr\u0161negakoli podatka.<\/p>\n<p>&nbsp;<\/p>\n<p><strong><a name=\"5\"><\/a>5. Registracija<\/strong><\/p>\n<p>&nbsp;<\/p>\n<p>Za dostop do dolo\u010denih podro\u010dij na spletnem mestu in uporabo dolo\u010denih funkcij ali zna\u010dilnosti te spletne strani se boste morda morali registrirati kot registriran uporabnik. Ta registracija je brezpla\u010dna.<\/p>\n<p>&nbsp;<\/p>\n<p>Ob registraciji morate definirati va\u0161e uporabni\u0161ko ime in geslo in vpisati va\u0161 veljaven e-po\u0161tni naslov. Duplikati uporabni\u0161kih imen in e-po\u0161tnih naslovov niso dovoljeni; \u010de je ime ali e-naslov, ki ga vna\u0161ate, \u017ee v uporabi, boste morali izbrati drugo ime oz. e-naslov. Poslali vam bomo potrditveno e-po\u0161to z va\u0161imi podatki registracije. V primeru, da dostava tak\u0161nih informacij odpove zaradi kateregakoli razloga, se lahko va\u0161 dostop ali uporaba obmo\u010dij, funkcij ali zna\u010dilnosti, ki zahtevajo tak vpis, zavrne ali prekine. Predlagamo, da va\u0161e podatke registracije teko\u010de posodabljate. Sami ste odgovorni za ohranjanje zaupnosti va\u0161ega gesla. Pridr\u017eujemo si pravico do spremembe va\u0161ega uporabni\u0161kega imena, izbrisa va\u0161e predlo\u017eene vsebine na spletni strani ali zavrnitve ali preklica registracije, \u010de izberete uporabni\u0161ko ime, ki je nespodobno, \u017ealjivo ali kako druga\u010de neprimerno. Tudi sami ste odgovorni za omejen dostop do va\u0161ega ra\u010dunalnika. Strinjate se, da sprejemate odgovornost za vse dejavnosti, ki potekajo v okviru va\u0161ega ra\u010duna, uporabni\u0161kega imena in\/ali gesla, va\u0161ega ravnanja, neaktivnosti ali malomarnosti. \u010ce opazite sumljiva ravnanja v zvezi z ra\u010dunom, uporabni\u0161kim imenom in\/ali geslom, nas boste o tem takoj kontaktirali preko kontaktnega obrazca na tej spletni strani. Po lastni presoji lahko iz kateregakoli razloga zapremo  registracijo kateregakoli e-po\u0161tnega naslova ali ponudnika internetnih storitev.<\/p>\n<p>&nbsp;<\/p>\n<p><strong><a name=\"6\"><\/a>6. Prispevki<\/strong><\/p>\n<p>&nbsp;<\/p>\n<p>Z oddajo katerekoli uporabni\u0161ke vsebine na spletno stran se strinjate, da bo vsebina ustrezna, konstruktivna in primerna in ne bo vsebovala nobenih postavk v nasprotju z zakoni ali druga\u010de neprimernih za objavo, vklju\u010dno, a ne izklju\u010dno (1) obrekljive ali \u0161kodljive za druge osebe ali podjetja, (2) \u0161kodljive osebam ali premo\u017eenju ali kako druga\u010de obrekljive ali nadle\u017ene za osebe ali organizacije, (3) ki  kr\u0161ijo zakonske pravice oseb (vklju\u010dno s pravico do zasebnosti ali javnosti), (4)pornografske vsebine, nespodobne, vulgarne, nedostojne ali groze\u010de, (5) kulturno, etni\u010dno ali kako druga\u010de neprimerne, (6) ki nakazujejo ali spodbujajo kakr\u0161nokoli nezakonito ravnanje.<\/p>\n<p>&nbsp;<\/p>\n<p>Po svojih mo\u010deh si boste prizadevali za skeniranje in odstranjevanje vseh virusnih ali druga\u010de kontaminiranih ali uni\u010dujo\u010dih vsebin pred oddajo kateregakoli materiala. Prav tako ne boste vna\u0161ali veri\u017enih pisem, piramidnih shem, anket in podobnih nagovarjanj preko spletnega mesta. Enako ne boste ponarejali ali manipulirali s podatki, da bi prikrili izvor vsebin in\/ali uporabni\u0161kih vsebin, posredovanih preko na\u0161e spletne strani, ali manipulirali va\u0161o prisotnost na spletni strani. Ne boste posegali v na\u0161o spletno stran, stre\u017enike ali omre\u017eja in prena\u0161ali nerazumno ali nesorazmerno velike obremenitve za na\u0161o infrastrukturo.<\/p>\n<p>&nbsp;<\/p>\n<p>Potrjujete in jam\u010dite, da objavljene vsebine na spletni strani ne kr\u0161ijo lastninskih pravic drugih, kot naprimer ,vendar ne izklju\u010dno, avtorskih pravic, blagovnih znamk ali patentov  in zaupnih vsebin.<\/p>\n<p>&nbsp;<\/p>\n<p>Sprejemate in strinjate se, da katerakoli va\u0161a ideja, stali\u0161\u010de in razprava ali katerakoli druga\u010dna uporabni\u0161ka vsebina, katere vna\u0161ate na spletno stran, ni predmet varstva pravic intelektualne lastnine in se lahko uporablja brez nadomestila ali avtorstva.<\/p>\n<p>&nbsp;<\/p>\n<p>Podjetju Goldspire in njenim h\u010derinskim podjetjem, podru\u017enicam in partnerjem po vsem svetu dajete nepreklicno, brezpla\u010dno, neizklju\u010dno, podlicen\u010dno in prenosljivo licenco za uporabo, reproduciranje, pripravo izpeljanih del, distribucijo, javno izvajanje, javno prikazovanje, prenos in objavo uporabni\u0161kih vsebin, ki jih posredujete na tej spletni strani ali katerikoli drugi spletni Goldspire strani v povezavi s tr\u017eenjem ali materiali za odnose z javnostmi v kateremkoli in vseh medijih.<\/p>\n<p>&nbsp;<\/p>\n<p>Sami ste odgovorni za va\u0161e uporabni\u0161ke vsebine in posledice objavljanj. Podjetje Goldspire lahko, vendar ni k temu zavezano, pregleduje in nadzoruje uporabni\u0161ke vsebine pred in\/ali po oddaji. Sprejemate, da je nemogo\u010de za nas, da bi spremljali ali pregledovali vse uporabni\u0161ke vsebine. Brez omejitev Goldspire in njegove h\u010derinske dru\u017ebe, podru\u017enice, partnerji, nosilci licenc in dobavitelji ne bodo in ne morejo biti odgovorni za to\u010dnost, popolnost, veljavnost ali kakovost uporabni\u0161kih vsebin, objavljenih s strani tretjih oseb.<\/p>\n<p>&nbsp;<\/p>\n<p>Goldspire ne podpira nobenih uporabni\u0161kih vsebin, mnenj, priporo\u010dil ali nasvetov, objavljenih na spletu, in se izrecno odpoveduje vsej odgovornosti v zvezi z objavljeno vsebino uporabnikov.<\/p>\n<p>&nbsp;<\/p>\n<p>Podjetje Goldspire ima izklju\u010dno pravico in zmo\u017enost za urejanje in\/ali odstranjevanje sporo\u010dil ali katerihkoli druga\u010dnih uporabni\u0161kih vsebin, ki so neustrezne, nepravilne ali kako druga\u010de v nasprotju s pogoji uporabe in to brez kakr\u0161negakoli razloga, kadarkoli, brez predhodnega obvestila ali soglasja in po svoji lastni presoji. Vsakdo, ki meni, da je uporabnik predlo\u017eil neprimerno vsebino, je pozvan, da kontaktira s pomo\u010djo kontaktnega obrazca na tej spletni strani podjetje Goldspire \u010dimprej. Po prejemu tak\u0161nega obvestila bomo po najbolj\u0161ih mo\u010deh in ocenjeni nujnosti ustrezno ukrepali v razumnem \u010dasovnem obdobju. Ker gre za ro\u010dni proces, vsebin ne bomo mogli odstraniti nemudoma ali urediti posameznih sklopov vsebin.<\/p>\n<p>&nbsp;<\/p>\n<p><strong><a name=\"7\"><\/a>7. Omejitev odgovornosti<\/strong><\/p>\n<p>&nbsp;<\/p>\n<p>V NOBENEM PRIMERU PODJETJE GOLDSPIRE ALI NJENE PODRU\u017dNICE, PARTNERJI, NOSILCI LICENC ALI DOBAVITELJI NE ODGOVARJAJO ZA KAKR\u0160NOKOLI NEPOSREDNO, POSREDNO, POSLEDI\u010cNO, POSEBNO ALI NAKLJU\u010cNO ALI DRUGO NASTALO \u0160KODO, KI IZHAJA V POVEZAVI Z DOSTOPOM, UPORABO ALI NEZMO\u017dNOSTJO ZA DOSTOP DO TE SPLETNE STRANI ALI UPORABNI\u0160KIH  VSEBIN, \u010cETUDI JE BILO PODJETJE GOLDSPIRE O TAK\u0160NIH MO\u017dNOSTIH OBVE\u0160\u010cENO, RAZEN V PRIMERIH \u0160KOD, KI BI SE POJAVILE NEPOSREDNO IN IZKLJU\u010cNO IZ NAMERNE KR\u0160ITVE ALI HUDE MALOMARNOSTI PODJETJA GOLDSPIRE.<\/p>\n<p>&nbsp;<\/p>\n<p>\u010ce \u017eivite v dr\u017eavi, ki ne dopu\u0161\u010da kakr\u0161nihkoli navedenih izklju\u010ditev ali omejitev odgovornosti ali katerihkoli omejitev odgovornosti garancij iz to\u010dke 4, te izjeme ali omejitve ne bodo veljale za vas, vendar samo tiste, ki so izklju\u010dene ali omejitve niso dovoljene. V tak\u0161nih primerih bodo izjeme ali omejitve omejene na najve\u010dji obseg, ki ga dovoljuje veljavna lokalna zakonodaja.<\/p>\n<p>&nbsp;<\/p>\n<p><strong><a name=\"8\"><\/a>8. Vsebina tretjih oseb\/Software<\/strong><\/p>\n<p>&nbsp;<\/p>\n<p>Podjteje Goldspire nikakor ni odgovorno za vsebino katerekoli spletne strani v lasti tretje osebe, ki so lahko povezane s spletnim mestom preko hiperpovezav, \u010detudi so te spletne strani v skladu s pravili uporabe. Vsaka povezava na na\u0161i spletni strani do drugih strani ne pomeni potrditev povezanih vsebin, sodbo ali garancijo, da so strani  narejene ustrezno, primerno za katerokoli vsebino na\u0161ih strani in za to ne prevzemamo nobene odgovornosti zanje.<\/p>\n<p>&nbsp;<\/p>\n<p>Vsa programska oprema, ki je na voljo za prenos z ali preko na\u0161e spletne strani, je licencirana pod pogoji veljavne licen\u010dne pogodbe. Izjema, kot je to dolo\u010deno v veljavni licen\u010dni pogodbi, je programska oprema, ki je na voljo le kon\u010dnim uporabnikom, zato so vsa nadaljnja prepisovanja, reprodukcije ali redistribucije programske opreme izrecno prepovedane. MOREBITNA GARANCIJA V ZVEZI S PROGRAMSKO OPREMO VELJA SAMO IN IZRECNO, KOT JE TO DOLO\u010cENO V USTREZNI LICEN\u010cNI POGODBI. GOLDSPIRE IZRECNO ZAVRA\u010cA VSA DODATNA JAMSTVA ALI KAKR\u0160NEKOLI EKSPLICITNE ALI IMPLICITNE ZAHTEVE, VKLJU\u010cNO Z JAMSTVI ZA PRODAJO, USTREZNOSTI ZA DOLO\u010cEN NAMEN ALI NEKR\u0160ITVE V ZVEZI S PROGRAMSKO OPREMO.<\/p>\n<p>&nbsp;<\/p>\n<p><strong><a name=\"9\"><\/a>9. Avtorske pravice in blagovne znamke<\/strong><\/p>\n<p>&nbsp;<\/p>\n<p>Avtorske pravice in vse druge lastninske pravice vsebin podjetja Goldspire, njegovih podru\u017enic, h\u010derinskih dru\u017eb in\/ali partnerjev, programska oprema za upravljanje in objavo spletne strani, zbiranje podatkov na spletni strani, zaporedje in ureditev tega spletnega mesta, pripadajo podjetju Goldspire Group, Ltd. in njenim partnerjem ali nosilcem licenc. Vse pravice vsebin, ki niso izrecno odobrene, so pridr\u017eane.<\/p>\n<p>&nbsp;<\/p>\n<p>MEGASONEX\u00ae, MEGABATTERY\u00ae, MEGACRYSTAL\u00ae, ULTRA GENTLE\u2014MEGA CLEAN\u00ae in THE ULTRSOUND TOOTHBRUSH\u00ae so registrirane blagovne znamke podjteja Amity Capital Limited v izbranih dr\u017eavah.<\/p>\n<p>&nbsp;<\/p>\n<p>Te in vse druge registrirane blagovne znamke podjetja Amity Capital Limited in njegovih podru\u017enic so pomembna sredstva podjetja. Pravilna uporaba teh blagovnih znamk je pomembna, zato sledite navodilom Amity Capilta Limited pri sklicevanju na na\u0161e proizvode in storitve.<\/p>\n<p>&nbsp;<\/p>\n<p>Uporaba in registracija imena MEGASONEX\u00ae je rezervirana izklju\u010dno za na\u0161e podjetje. Ne morete registrirati ali uporabiti celega ali dela na\u0161ega imena podjetja, zakonskega imena, imena blagovne znamke, imena domene ali drugih imen, navedb ali opisov, ki so podobna imenu MEGASONEX\u00ae ali vsebujejo del imena  MEGASONEX\u00ae ali drugih registriranih blagovnih znamk dru\u017ebe Amity Capital Limited.<\/p>\n<p>&nbsp;<\/p>\n<p><strong><a name=\"10\"><\/a>10. Lastninske pravice na na\u0161i spletni strani<\/strong><\/p>\n<p>&nbsp;<\/p>\n<p>Ta spletna stran je javna po naravi in vse objavljene informacije se \u0161tejejo za nezaupne. Sprejemate, da predlo\u017eitev kateregakoli izuma, ki izhaja iz katerekoli posredovane uporabni\u0161ke vsebine, pomeni javno informacijo v skladu z veljavno zakonodajo patentov.<\/p>\n<p>&nbsp;<\/p>\n<p>Sprejemate, da so lahko vse posredovane uporabni\u0161ke vsebine in\/ali pogovori na spletnih straneh predmet patentov, avtorskih pravic, blagovnih znamk in drugih pravic intelektualne lastnine podjetja Goldspire, njegovih h\u010derinskih podjetij, podru\u017enic, partnerjev ali tretjih oseb. \u010ce nameravate  izkori\u0161\u010dati ideje, predloge ali re\u0161itve drugih uporabni\u0161kih vsebin, posredovanih na spletno stran, ste odgovorni, da ravnate v skladu s pravili intelektualne lastnine pred izvajanjem tak\u0161nega ravnanja.<\/p>\n<p>&nbsp;<\/p>\n<p><strong><a name=\"11\"><\/a>11. ZDA zahtevki kr\u0161itev avtorskih pravic<\/strong><\/p>\n<p>&nbsp;<\/p>\n<p>\u010ce veste ali sumite, da je katerikoli od materialov na tej spletni strani (vklju\u010dno a ne izklju\u010dno materiali, objavljeni na forumu), uporabljen ali kopiran na na\u010din, ki predstavlja kr\u0161itev avtorskih pravic,  prosimo, po\u0161ljite obvestilo imenovanemu zastopniku podjetja Goldspire, navedenemu v nadaljevanju. V skladu s predpisi U.S. Digital Millennium Copyright Act, 17 U.S.C. Sec. 512(c)(3) mora obvestilo izpolnjevati naslednje zahteve:<\/p>\n<ul>\n<li>Fizi\u010dni ali elektronski podpis lastnika avtorskih pravic ali osebe, poobla\u0161\u010dene za ukrepanje v imenu lastnika ekskluzivne  pravice, ki mu je bila pravica kr\u0161ena;<\/li>\n<li>Identifikacija avtorskih del, ki so bila kr\u0161ena, ali, \u010de je ve\u010d avtorsko za\u0161\u010ditenih kr\u0161itev na enem spletnem mestu, podati seznam tak\u0161nih kr\u0161itev;<\/li>\n<li>Identifikacija materiala, za katerega menite, da kr\u0161i ali je predmet kr\u0161itve, da se odstrani ali onemogo\u010di dostop do informacije in povezav, ki omogo\u010dajo poiskati gradivo;<\/li>\n<li>Zadostne informacije z dovoljenjem, da vas kontaktiramo, naslov, telefonska \u0161tevilka in elektronski naslov;<\/li>\n<li>Va\u0161a izjava, da imate dobronamerno prepri\u010danje, da je uporaba materiala kr\u0161ena pod pogoji pravic avtorja, njegovega zastopnika ali zakona;<\/li>\n<li>Izjava, da so podatki v obvestilu to\u010dni in podvr\u017eeni kazni za krivo izpoved, da ste lastnik ali poobla\u0161\u010denec za ukrepanje v imenu lastnika izklju\u010dne kr\u0161ene avtorske pravice.<\/li>\n<\/ul>\n<p>Uradni zastopnik za obvestila o kr\u0161itvah avtorskih pravic se lahko kontaktira na naslednji na\u010din:<\/p>\n<p>&nbsp;<\/p>\n<p>Po po\u0161ti:<\/p>\n<p>Goldspire Group Ltd.<br \/>\nCorporate Legal Department<br \/>\n36\/F Tower Two, Times Square<br \/>\n1 Matheson Street<br \/>\nCauseway Bay<br \/>\nHong Kong<br \/>\nKitajska<\/p>\n<p>&nbsp;<\/p>\n<p>Po faksu:<\/p>\n<p>Goldspire Group, Ltd.<br \/>\nCorporate Legal Department<br \/>\nHong Kong<br \/>\nKitajska<br \/>\n+ 852 2530 8498<\/p>\n<p>&nbsp;<\/p>\n<p>Navedene informacije so na voljo izklju\u010dno za obve\u0161\u010danje podjetja Goldspire, da je bilo va\u0161e avtorsko gradivo kr\u0161eno. Vsi drugi primeri, kot naprimer vpra\u0161anja, povezana s proizvodi, in vpra\u0161anja ali skrbi glede nepravilne objave vsebin ne bodo obravnavana po tem procesu. V prizadevanju za za\u0161\u010dito avtorskih pravic podjetje Goldspire vztraja pri politiki prepre\u010devanja dostopa do spletne strani v primeru ve\u010dkratnih kr\u0161itev.<\/p>\n<p>&nbsp;<\/p>\n<p><strong><a name=\"12\"><\/a>12. Od\u0161kodnine in izpustitve<\/strong><\/p>\n<p>&nbsp;<\/p>\n<p>Sogla\u0161ate z odpovedovanjem zahtevkov do podjetja Goldspire, njegovih h\u010derinskih podjetij, podru\u017enic, partnerjev, dobaviteljev ter njihovih uradnikov, direktorjev, zaposlenih, delni\u010darjev, pravnih in zakonitih zastopnikov, agentov in naslednikov v zvezi s kakr\u0161nimikoli od\u0161kodninskimi obveznostmi, stro\u0161ki in izdatki (vklju\u010dno z odvetni\u0161kimi stro\u0161ki, honorarji strokovnjakov in stro\u0161ki sodnih postopkov), ki bi izhajali iz objav, vsebin ali posredovanja kateregakoli sporo\u010dila, podatkov, materiala ali katerekoli druge uporabni\u0161ke vsebine, katero oddate na spletni strani, ali katerekoli kr\u0161itve teh pogojev uporabe. V primeru kakr\u0161nihkoli prito\u017eb ali sodnih postopkov, ki izhajajo iz kateregakoli sporo\u010dila ali druge uporabni\u0161ke vsebine, katero objavite, si Goldspire pridr\u017euje pravico, da razkrije va\u0161o identiteto in vse druge informacije, povezane z vami.<\/p>\n<p>&nbsp;<\/p>\n<p>\u010ce ste v sporu z enim ali ve\u010d uporabniki, razre\u0161ujete podjetje Goldspire, njene h\u010derinske dru\u017ebe, podru\u017enice, partnerje in dobavitelje, vse njihove uradnike, direktorje, zaposlene, delni\u010darje, zakonite zastopnike, zastopnike in naslednike terjatev, od\u0161kodninskih zahtevkov, zahtev in \u0161kod (dejanskih ali posledi\u010dnih) vseh vrst in zna\u010daja, znanih in neznanih, ki izhajajo iz ali so na kakr\u0161enkoli na\u010din povezani s takimi spori.<\/p>\n<p>&nbsp;<\/p>\n<p><strong><a name=\"13\"><\/a>13. Zaustavitve strani<\/strong><\/p>\n<p>&nbsp;<\/p>\n<p>Imamo izklju\u010dno pravico zapreti spletno stran ali katerikoli njen del iz kakr\u0161negakoli razloga kadarkoli brez predhodnega obvestila ali soglasja. V zvezi s tem ne nosimo nikakr\u0161ne odgovornosti za neuspeh, shranjevanje ali brisanje vsebin in\/ali uporabni\u0161kih vsebin na spletnem mestu.<\/p>\n<p>&nbsp;<\/p>\n<p><strong><a name=\"14\"><\/a>14. Goldspire izdelki<\/strong><\/p>\n<p>&nbsp;<\/p>\n<p>Spletna stran lahko vsebuje sklicevanja na dolo\u010dene izdelke in storitve podjetja Goldspire, ki niso nujno na voljo v vseh posameznih dr\u017eavah. Vsaka tak\u0161na navedba ne pomeni ali jam\u010di, da bodo ti izdelki ali storitve na voljo v vsakem trenutku v katerikoli posamezni dr\u017eavi. Prosimo kontaktirajte va\u0161ega lokalnega Goldspire poslovnega partnerja za ve\u010d informacij.<\/p>\n<p>&nbsp;<\/p>\n<p><strong><a name=\"16\"><\/a>15. Re\u0161evanje sporov<\/strong><\/p>\n<p>&nbsp;<\/p>\n<p>Ti pogoji uporabe so urejeni in v skladu z zakonodajo Hong Konga, posebne upravne enote Ljudske republike Kitajske (&#8220;Hong Kong&#8221;). Strinjate se, da je za vse spore, terjatve ali vzroke za to\u017ebe, ki izhajajo v zvezi ali v povezavi s pogoji uporabe ali z va\u0161o uporabo tega spletnega mesta, vklju\u010dno s spori, povezanimi z obstojem ali veljavnostjo teh pogojev uporabe, zahtevke ali to\u017ebe pristojno izklju\u010dno sodi\u0161\u010de v Hong Kongu.<\/p>\n<p>&nbsp;<\/p>\n<p><strong><a name=\"17\"><\/a>16. Neodvisnost<\/strong><\/p>\n<p>&nbsp;<\/p>\n<p>\u010ce je katerakoli dolo\u010dba pogojev uporabe neveljavna ali neizvr\u0161ljiva, potem bo neveljaven ali neizvr\u0161ljiv predpis zamenjan z veljavnim, izvr\u0161ljivim dolo\u010dilom, ki bo kar najbolje ustrezal namenu izvirnega predpisa in bo ta postal veljaven.<\/p>\n<p>&nbsp;<\/p>\n<p><strong><a name=\"18\"><\/a>17. Opustitev<\/strong><\/p>\n<p>&nbsp;<\/p>\n<p>Nobena napaka s strani podjetja Goldspire ne predstavlja odpoved kateremukoli delu Goldspirovih pravic pod temi pogoji uporabe, pa naj gre za pretekle ali prihodnje ukrepe s strani katerekoli osebe.<br \/>\nNiti prejetje katerihkoli sredstev podjetja Goldspire ali zaupanje katerekoli osebe v ravnanje podjetja Goldspire ne pomeni odpovedi kateremukoli delu teh pogojev uporabe. Samo ustrezna pisna odpoved s strani poobla\u0161\u010denega predstavnika podjetja Goldspire bo imela dolo\u010den pravni u\u010dinek.<\/p>\n<p>&nbsp;<\/p>\n<p><strong><a name=\"19\"><\/a>18. Naslovi<\/strong><\/p>\n<p>&nbsp;<\/p>\n<p>Naslovi poglavij pogojev uporabe so vstavljeni samo za priro\u010dnost branja in ne predstavljajo del pogojev in ne vplivajo na kakr\u0161enkoli na\u010din na pomen ali razlago pogojev uporabe.<\/p>\n<p>&nbsp;<\/p>\n<p>Hvala, ker uporabljate na\u0161o spletno stran.<br \/>\n<strong> <\/strong><\/p>\n<p>&nbsp;<\/p>\n<p><strong>Zadnja sprememba: <\/strong>: marec 2013<\/p>\n","protected":false},"excerpt":{"rendered":"<p>1. Sprejem pogojev uporabe 2. Sprememba pogojev 3. Pravila zasebnosti 4. Odrekanje pravic 5. Registracija 6. Prispevki 7. Omejitve odgovornosti 8. Vsebina tretjih oseb\/Software 9. Avtorske pravice in blagovne znamke 10. Lastninske pravice na na\u0161i spletni strani 11. ZDA zahtevki kr\u0161itev avtorskih pravic 12. Od\u0161kodnine in izpustitve 13. Zaustavitev strani 14. Goldspire izdelki 15. Re\u0161evanje [&hellip;]<\/p>\n","protected":false},"author":3,"featured_media":0,"parent":0,"menu_order":216,"comment_status":"closed","ping_status":"closed","template":"","meta":{"footnotes":""},"class_list":["post-3357","page","type-page","status-publish","hentry"],"_links":{"self":[{"href":"https:\/\/megasonex.com\/sl\/wp-json\/wp\/v2\/pages\/3357","targetHints":{"allow":["GET"]}}],"collection":[{"href":"https:\/\/megasonex.com\/sl\/wp-json\/wp\/v2\/pages"}],"about":[{"href":"https:\/\/megasonex.com\/sl\/wp-json\/wp\/v2\/types\/page"}],"author":[{"embeddable":true,"href":"https:\/\/megasonex.com\/sl\/wp-json\/wp\/v2\/users\/3"}],"replies":[{"embeddable":true,"href":"https:\/\/megasonex.com\/sl\/wp-json\/wp\/v2\/comments?post=3357"}],"version-history":[{"count":1,"href":"https:\/\/megasonex.com\/sl\/wp-json\/wp\/v2\/pages\/3357\/revisions"}],"predecessor-version":[{"id":16501,"href":"https:\/\/megasonex.com\/sl\/wp-json\/wp\/v2\/pages\/3357\/revisions\/16501"}],"wp:attachment":[{"href":"https:\/\/megasonex.com\/sl\/wp-json\/wp\/v2\/media?parent=3357"}],"curies":[{"name":"wp","href":"https:\/\/api.w.org\/{rel}","templated":true}]}}