{"id":3352,"date":"2013-10-20T12:51:13","date_gmt":"2013-10-20T19:51:13","guid":{"rendered":"http:\/\/megasonex.com\/?page_id=3352"},"modified":"2013-10-20T18:27:08","modified_gmt":"2013-10-21T01:27:08","slug":"privacy","status":"publish","type":"page","link":"https:\/\/megasonex.com\/sl\/privacy\/","title":{"rendered":"Zasebnost"},"content":{"rendered":"<p>Skrbno izvajamo varovanje zasebnosti osebnih podatkov, katere delite z nami, in informiranje o tem, kako bomo uporabili va\u0161e osebne podatke. Zato vam svetujemo, da natan\u010dno preberete to politiko zasebnosti.<\/p>\n<h3><strong>Katere podatke zbiramo?<\/strong><\/h3>\n<p>Od vas zbiramo informacije, ko se registrirate na na\u0161i spletni strani, oddate naro\u010dilo, registrirate izdelek, se naro\u010dite na na\u0161e novice, odgovorite na anketo ali izpolnite obrazec.<\/p>\n<p>&nbsp;<\/p>\n<p>Pri naro\u010danju ali registraciji na na\u0161i spletni strani lahko od vas zahtevamo, da vnesete: ime, e-mail naslov, po\u0161tni naslov, telefonsko \u0161tevilko in\/ali podatke o kreditni kartici. Lahko pa obi\u0161\u010dete na\u0161o spletno stran tudi anonimno.<\/p>\n<h3><strong>V kak\u0161en namen uporabljamo va\u0161e osebne podatke?<\/strong><\/h3>\n<p>Posredovanje va\u0161ih osebnih podatkov nam omogo\u010da, da vam ponudimo \u0161tevilne ugodnosti za vas:<\/p>\n<ul>\n<li>Registrirajte va\u0161 nakup (tako boste prejeli vse ugodnosti za izdelek, ki vam pripadajo)<\/li>\n<li>Sodelujte v spletnih skupinah<\/li>\n<li>Prejemajte informacije, osebna sporo\u010dila in posebne ponudbe, ki so primerne va\u0161emu zanimanju<\/li>\n<li>Prihranite \u010das s shranitvijo va\u0161ega profila<\/li>\n<li>Kupujte na\u0161e izdelke preko spleta<\/li>\n<\/ul>\n<p>Va\u0161e posredovane informacije lahko uporabimo tudi na slede\u010de na\u010dine, vendar ne izklju\u010dno:<\/p>\n<ul>\n<li>Da se pribli\u017eamo va\u0161im \u017eeljam (va\u0161e informacije nam pomagajo, da se bolje odzovemo na va\u0161e osebne potrebe)<\/li>\n<li>Da izbolj\u0161amo na\u0161o spletno stran (nenehno si prizadevamo izbolj\u0161ati na\u0161o spletno stran tudi na podlagi va\u0161ih povratnih informacij)<\/li>\n<li>Za izbolj\u0161anje storitev za kupce (va\u0161i podatki nam pomagajo, da se u\u010dinkoviteje odzovemo na va\u0161e \u017eelje in potrebe)<\/li>\n<li>Za izbolj\u0161anje na\u0161ih izdelkov in storitev (va\u0161i podatki nam pomagajo, da opravimo raziskavo trga)<\/li>\n<li>Za izbolj\u0161avo poslovnih procesov<\/li>\n<li>Za upravljanje nate\u010dajev, promocij, raziskav ali drugih informacij<\/li>\n<li>Da vam po\u0161ljemo periodi\u010dna e-mail sporo\u010dila<\/li>\n<\/ul>\n<p>Posredovanje informacij preko spleta lahko storite na ve\u010d razli\u010dnih na\u010dinov, naprimer z naro\u010dilom izdelka, registracijo nakupa, sodelovanjem pri promocijah, nagradnih igrah ali naro\u010dilu na e-novice. Va\u0161e osebne izku\u0161nje lahko po\u0161ljete tudi preko kartice, katero dobite s kupljenimi izdelki ali s posredovanjem informacij na\u0161im zastopnikom po e-po\u0161ti , telefonu ali v pisni obliki.<\/p>\n<p>&nbsp;<\/p>\n<p>V\u010dasih lahko pridobimo va\u0161e osebne podatke tudi preko zunanjih partnerjev. Na primer  podatke lahko pridobimo tudi od  partnerskih podjetij, katerim ste v preteklosti \u017ee posredovali va\u0161e osebne podatke in dovolili delitev informacij z nami. \u010ce v danih primerih ne \u017eelite, da uporabimo va\u0161e osebne podatke, katerih nam niste osebno posredovali, nas o tem obvestite na zgornji naslov.<\/p>\n<h3><strong>Ali uporabljamo pi\u0161kotke?<\/strong><\/h3>\n<p>Da.<\/p>\n<ul>\n<li>Pi\u0161kotki so majhne datoteke, ki jih spletne strani ali ponudniki spletnih storitev prenesejo na trdi disk va\u0161ega ra\u010dunalnika preko spletnega brskalnika (razen \u010de onemogo\u010dite to funkcijo). To omogo\u010da spletnim stranem ali ponudnikom spletnih storitev, da prepoznajo va\u0161 brskalnik in zajamejo in si zapomnijo dolo\u010dene informacije.<\/li>\n<\/ul>\n<p>Mi uporabljamo pi\u0161kotke z namenom, da si zapomnimo in obdelamo naro\u010dila artiklov v va\u0161i ko\u0161arici, da razumemo in shranimo va\u0161e nastavitve za prihodnje obiske na\u0161e spletne strani. Podatke sestavimo  v zbirne podatke o obisku in aktivnostih na na\u0161ih spletnih straneh, tako da lahko ponudimo bolj\u0161a spletna mesta in orodja v prihodnosti. Sklenemo lahko tudi pogodbe z izvajalci zunaj podjetja, da nam pomagajo pri bolj\u0161em razumevanju na\u0161e spletne strani in vedenju obiskovalcev. Ti ponudniki storitev nimajo dovoljenja za uporabo va\u0161ih osebnih podatkov, zbranih v na\u0161em imenu, razen v namene izbolj\u0161av poslovanja.<\/p>\n<p>&nbsp;<\/p>\n<p>\u010ce vam je ljub\u0161e, se lahko odlo\u010dite, da izklopite vse pi\u0161kotke preko nastavitev va\u0161ega brskalnika. Kot pri ve\u010dini spletnih strani bodo v primeru izklju\u010ditve pi\u0161kotkov  nekatere spletne storitve morda delovale nepravilno. Navkljub temu \u0161e vedno lahko oddate naro\u010dila preko telefona ali preko ostalih kontaktnih povezav.<\/p>\n<h3><strong>Ali razkrivamo va\u0161e podatke?<\/strong><\/h3>\n<p>Va\u0161ih osebnih podatkov NE prodajamo, trgujemo ali kako druga\u010de prena\u0161amo zunanjim strankam. To ne vklju\u010duje zaupanja vrednih tretjih oseb, ki nam pomagajo pri delovanju na\u0161ih spletnih strani, vodenju na\u0161ega poslovanja ali va\u0161ega servisiranja, \u010deprav se te tretje osebe strinjajo z obravnavanjem va\u0161ih podatkov  kot zaupnih. Va\u0161e osebne podatke lahko razkrijemo v primerih, ko je  to v skladu z zakonodajo ali  na\u0161o poslovno politiko podjetja ali za za\u0161\u010dito na\u0161ih ali pravic drugih, za za\u0161\u010dito ali varnost lastnine. Vendar pa lahko neosebne podatke obiskovalcev posredujemo tretjim osebam  za tr\u017eenje, ogla\u0161evanje ali druge namene.<\/p>\n<h3><strong>Povezave do tretjih oseb<\/strong><\/h3>\n<p>Ob\u010dasno lahko po lastni presoji vklju\u010dimo ali ponudimo izdelke ali storitve tretjim osebam na na\u0161i spletni strani. Te spletne strani tretjih oseb imajo lo\u010dene in neodvisne politike zasebnosti. Zato nimamo nikakr\u0161ne odgovornosti za vsebino in dejavnosti teh povezanih strani. Kljub temu \u0161\u010ditimo celovitost na\u0161e spletne strani in si \u017eelimo povratnih informacij o povezanih straneh tretjih oseb.<\/p>\n<h3><strong>Varovanje va\u0161ih podatkov<\/strong><\/h3>\n<div>Spletne strani lahko izvajajo interaktivne storitve, kot so oglasne deske, forumi in\/ali klepetalnice. Ne pozabite, da so vse tovrstne informacije, katere posredujete, vidne tudi drugim uporabnikom, zato bodite previdni, preden objavite prispevek.<\/div>\n<div>\n<h3><strong>Va\u0161e pravice<\/strong><\/h3>\n<p>Imeli boste ustrezen dostop do vseh osebnih podatkov, katere ste \u017ee posredovali, tako da jih lahko kadarkoli spremenite ali izbri\u0161ete. To lahko storite tako, da zahtevate kopijo va\u0161ega profila na spodaj naveden kontaktni naslov. Morda ste predhodno \u017ee vnesli va\u0161e osebne podatke preko na\u0161e spletne strani ali klicnega centra. Va\u0161a odlo\u010ditev, da se ne boste registrirali, ne bo vplivala na informacije, katere ste \u017ee posredovali.<\/p>\n<\/div>\n<h3><strong>Spletna politika zasebnosti<\/strong><\/h3>\n<p>Spletna politika zasebnosti velja samo za podatke, zbrane preko na\u0161e spletne strani, in ne za podatke, ki so pridobljeni izven spleta.<\/p>\n<h3><strong>Pravila in pogoji<\/strong><\/h3>\n<p>Prosimo, obi\u0161\u010dite na\u0161 spletni naslov pravil in pogojev uporabe, omejitev in zavrnitev odgovornosti, ki urejajo uporabo na\u0161e spletne strani, na <a href=\"..\/terms\">http:\/\/www.megasonex.com\/sl\/terms<\/a>.<\/p>\n<h3><strong>Posebne informacije za star\u0161e<\/strong><\/h3>\n<p>Na\u0161a spletna stran na splo\u0161no ni usmerjena na otroke, mlaj\u0161e od \u0161tirinajst let, vendar je na\u0161a dol\u017enost, da ravnamo v skladu z zakoni in zahtevamo dovoljenje star\u0161ev ali skrbnikov za zbiranje, uporabo ali razkritje osebnih podatkov otrok, mlaj\u0161ih od \u0161tirinajst let. Priporo\u010damo, da star\u0161i prevzamejo aktivno vlogo pri nadzoru spletnih aktivnosti svojih otrok.<\/p>\n<h3><strong>Va\u0161 soglasje<\/strong><\/h3>\n<p>Z uporabo na\u0161ih  spletnih strani sogla\u0161ate z na\u0161o spletno politiko zasebnosti.<\/p>\n<h3><strong>Spremembe na\u0161e politike zasebnosti<\/strong><\/h3>\n<p>\u010ce se odlo\u010dimo za spremembe na\u0161e politike zasebnosti, bomo te spremembe objavili na tej strani.<\/p>\n<h3><strong>Pi\u0161ite nam<\/strong><\/h3>\n<p>\u010ce imate vpra\u0161anja o politiki zasebnosti, nam vpra\u0161anja posredujte na spodnji naslov:<\/p>\n<p>&nbsp;<\/p>\n<blockquote class=\"wp-embedded-content\" data-secret=\"Elr3NY59M8\"><p><a href=\"https:\/\/megasonex.com\/\">MEGASONEX<\/a><\/p><\/blockquote>\n<p><iframe loading=\"lazy\" class=\"wp-embedded-content\" sandbox=\"allow-scripts\" security=\"restricted\" style=\"position: absolute; visibility: hidden;\" title=\"&#8220;MEGASONEX&#8221; &#8212; MEGASONEX\u00ae\" src=\"https:\/\/megasonex.com\/embed\/#?secret=jbWorTOEjX#?secret=Elr3NY59M8\" data-secret=\"Elr3NY59M8\" width=\"500\" height=\"282\" frameborder=\"0\" marginwidth=\"0\" marginheight=\"0\" scrolling=\"no\"><\/iframe><\/p>\n<p>&nbsp;<\/p>\n<p>Goldspire Group Ltd.<\/p>\n<p>&nbsp;<\/p>\n<p>The Center 31\/F<br \/>\n99 Queens Road Central<br \/>\nHong Kong<br \/>\nKitajska<br \/>\ninfo@megasonex.com<\/p>\n","protected":false},"excerpt":{"rendered":"<p>Skrbno izvajamo varovanje zasebnosti osebnih podatkov, katere delite z nami, in informiranje o tem, kako bomo uporabili va\u0161e osebne podatke. Zato vam svetujemo, da natan\u010dno preberete to politiko zasebnosti. Katere podatke zbiramo? Od vas zbiramo informacije, ko se registrirate na na\u0161i spletni strani, oddate naro\u010dilo, registrirate izdelek, se naro\u010dite na na\u0161e novice, odgovorite na anketo [&hellip;]<\/p>\n","protected":false},"author":3,"featured_media":0,"parent":0,"menu_order":213,"comment_status":"closed","ping_status":"closed","template":"","meta":{"footnotes":""},"class_list":["post-3352","page","type-page","status-publish","hentry"],"_links":{"self":[{"href":"https:\/\/megasonex.com\/sl\/wp-json\/wp\/v2\/pages\/3352","targetHints":{"allow":["GET"]}}],"collection":[{"href":"https:\/\/megasonex.com\/sl\/wp-json\/wp\/v2\/pages"}],"about":[{"href":"https:\/\/megasonex.com\/sl\/wp-json\/wp\/v2\/types\/page"}],"author":[{"embeddable":true,"href":"https:\/\/megasonex.com\/sl\/wp-json\/wp\/v2\/users\/3"}],"replies":[{"embeddable":true,"href":"https:\/\/megasonex.com\/sl\/wp-json\/wp\/v2\/comments?post=3352"}],"version-history":[{"count":0,"href":"https:\/\/megasonex.com\/sl\/wp-json\/wp\/v2\/pages\/3352\/revisions"}],"wp:attachment":[{"href":"https:\/\/megasonex.com\/sl\/wp-json\/wp\/v2\/media?parent=3352"}],"curies":[{"name":"wp","href":"https:\/\/api.w.org\/{rel}","templated":true}]}}