{"id":2557,"date":"2013-06-06T20:46:36","date_gmt":"2013-06-07T03:46:36","guid":{"rendered":"http:\/\/megasonex.com\/?page_id=2557"},"modified":"2013-06-06T21:06:11","modified_gmt":"2013-06-07T04:06:11","slug":"ingredients","status":"publish","type":"page","link":"https:\/\/megasonex.com\/sl\/toothpaste\/ingredients\/","title":{"rendered":"Sestavine"},"content":{"rendered":"<div class=\"toothpaste\"><\/div>\n<div class=\"why\">\n<div class=\"why_headline jtextfill\"><span>Nano-hidroksiapatit<\/span><\/div>\n<div class=\"why_details jtextfill\"><span>Na\u0161a klju\u010dna sestavina, nano-hidroksiapatit, je najmanj\u0161i gradnik zobne sklenine. Dodan v zobno pasto lahko pomaga obnoviti sklenino in jo narediti mo\u010dno, gladko in sijo\u010do. Ker je sestavina zelo draga, je prisotna le pri nekaterih zobnih pastah, vendar pa vse ne vsebujejo dovolj visoke koncentracije za dober u\u010dinek.<\/span><\/div>\n<div style=\"clear: both;\"><\/div>\n<div class=\"why_headline jtextfill\"><span>Sorbitol<\/span><\/div>\n<div class=\"why_details jtextfill\"><span>V zobni pasti uporabljamo sorbitol, naravno sestavino, prisotno tudi v jabolkih, hru\u0161kah in breskvah, ki daje zobni pasti potrebno kompaktnost, mehkost in prepre\u010duje prehitro su\u0161enje. Sorbitol najdete v razli\u010dnih farmacevtskih in \u017eivilskih proizvodih, naprimer v ustnih vodah in v skoraj vseh \u017eve\u010dilnih gumijih brez sladkorja.<\/span><\/div>\n<div style=\"clear: both;\"><\/div>\n<div class=\"why_headline jtextfill\"><span>Glicerin<\/span><\/div>\n<div class=\"why_details jtextfill\"><span>To viskozno teko\u010dino uporabljamo, da ohranimo zobno pasto vla\u017eno in gladko. Okus je nekoliko sladek, vendar nasprotno od sladkorja ne predstavlja hrane za  kariogene bakterije. Glicerin najdete v pi\u0161kotih z nizko vsebnostjo ma\u0161\u010dob, bonbonih, mle\u010dnih izdelkih in celo v Hollywoodu, kjer ga igralci nanesejo okrog o\u010di, da je videti kot solze.<\/span><\/div>\n<div style=\"clear: both;\"><\/div>\n<div class=\"why_headline jtextfill\"><span>Voda<\/span><\/div>\n<div class=\"why_details jtextfill\"><span>Uporabljamo zelo \u010disto vodo, kakr\u0161na je odobrena s strani agencije Food and Drug Administration za uporabo v nadzorovanih farmacevtskih izdelkih. Voda pomaga ohranjati na\u0161o zobno pasto vla\u017eno in teko\u010do. Brez nje bi bilo zobno pasto te\u017eko iztisniti iz tube.<\/span><\/div>\n<div style=\"clear: both;\"><\/div>\n<div class=\"why_headline jtextfill\"><span>Kremen<\/span><\/div>\n<div class=\"why_details jtextfill\"><span>Kot ve\u010dina zobnih past tudi na\u0161a  formulacija vsebuje kremen, ki je eden izmed najpogostej\u0161ih mineralov, je zelo trd in ena od glavnih sestavin belega porcelana. Za razliko od mnogih drugih past, ki uporabljajo grobo mlet kremen kot abrazivno sredstvo, mi uporabljamo mikroskopsko majhne delce, ki zobno sklenino spolirajo in ne odrgnejo. Mikroskopski kremen hkrati pomaga dati pasti pravo teksturo.<\/span><\/div>\n<div style=\"clear: both;\"><\/div>\n<div class=\"why_headline jtextfill\"><span>Ksilitol<\/span><\/div>\n<div class=\"why_details jtextfill\"><span>Uporabljamo ksilitol, naravno sladilo, ki ga najdemo v vlaknih \u0161tevilnih vrst sadja in zelenjave. Nasprotno od obi\u010dajnega sladkorja (saharoza), s katerim se hranijo kariogene bakterije, ksilitol dejansko pomaga uni\u010diti \u0161kodljive bakterije v ustih, kot naprimer Streptococcus mutans. Ksilitol dodatno tudi pomaga ustvariti osve\u017eujo\u010d ob\u010dutek v ustih.<\/span><\/div>\n<div style=\"clear: both;\"><\/div>\n<div class=\"why_headline jtextfill\"><span>Tetranatrijev pirofosfat<\/span><\/div>\n<div class=\"why_details jtextfill\"><span>To kristalno spojino uporabljamo za odstranjevanje v slini raztopljenih kalcija in magnezija, ki  prispevata k nastanku  zobnega kamna. Tetranatrijev pirofosfat je povsem varen in se uporablja v razli\u010dnih \u017eivilih, kot naprimer v konzerviranih tunah, rakcih, pudingih,\u2026<\/span><\/div>\n<div style=\"clear: both;\"><\/div>\n<div class=\"why_headline jtextfill\"><span>Natrijev metilkokoiltaurat<\/span><\/div>\n<div class=\"why_details jtextfill\"><span>Sestavino, pridobljeno iz kokosa, uporabljamo v majhnih koli\u010dinah za penjenje, kar izbolj\u0161a \u010distilni u\u010dinek na\u0161e zobne paste tudi pri uporabi navadne ro\u010dne zobne \u0161\u010detke. Tako se izognemo dodajanju \u0161kodljivih penilcev, kot je natrijev laurilsulfat.<\/span><\/div>\n<div style=\"clear: both;\"><\/div>\n<div class=\"why_headline jtextfill\"><span>Sljuda<\/span><\/div>\n<div class=\"why_details jtextfill\"><span>Ta naravno prisoten mineral uporabljamo za poliranje zobne povr\u0161ine do sijo\u010dega videza. Sljuda ima dolgo tradicijo uporabe v vrhunski kozmetiki &#8211; \u0161minkah in glosih.<\/span><\/div>\n<div style=\"clear: both;\"><\/div>\n<div class=\"why_headline jtextfill\"><span>Titanijev dioksid<\/span><\/div>\n<div class=\"why_details jtextfill\"><span>Ta naravni mineral, ki je povsem bel, za\u010dasno pomaga, da so va\u0161i zobje po \u010di\u0161\u010denju videti bolj beli. Je popolnoma varen in ima dolgo zgodovino uporabe v \u017eivilih, kozmetiki, kot barvilo za  posneto mleko, kot glavna sestavina krem za son\u010danje in celo kot pigment pri tattoojih.<\/span><\/div>\n<div style=\"clear: both;\"><\/div>\n<div class=\"why_headline jtextfill\"><span>Natrijeva<br \/>\nkarboksimetilceluloza<\/span><\/div>\n<div class=\"why_details jtextfill\"><span>To hipoalergeno sestavino rastlinskega izvora dodajamo na\u0161i zobni pasti  za zna\u010dilno teksturo, gladkost in za prepre\u010devanje izlo\u010danja sestavin. Prav tako sestavina zni\u017euje ledi\u0161\u010de zobni pasti, tako da je bolje prenese ladijski promet v hladnem podnebju. Ta ista spojina se uporablja v razli\u010dnih farmacevtskih izdelkih in \u017eivilih, kapljicah za o\u010di, sladoledu,\u2026<\/span><\/div>\n<div style=\"clear: both;\"><\/div>\n<div class=\"why_headline jtextfill\"><span>Citronska kislina<\/span><\/div>\n<div class=\"why_details jtextfill\"><span>Ta naravna kislina, ki daje citrusom njihovo zna\u010dilno kislost, ohranja zobno pasto pH uravnote\u017eeno. Uravnavanje uravnote\u017eenega pH v ustih je klju\u010dnega pomena,  ker lahko kisel pH v ustih vodi do demineralizacije zobne sklenine, medtem ko alkalen pH povzro\u010da nastanek zobnega kamna.<\/span><\/div>\n<div style=\"clear: both;\"><\/div>\n<div class=\"why_headline jtextfill\"><span>Natrijev saharin<\/span><\/div>\n<div class=\"why_details jtextfill\"><span>Da bi prikrili okus visoke koncentracije nano-hidroksiapatita v na\u0161i zobni pasti, je dodana majhna koli\u010dina tega sladila, ker sam ksilitol tega okusa ne more prikriti. Saharin se varno uporablja \u017ee ve\u010d kot 130 let kot snov, ki je zelo sladka in brez kalorij. Saharin v nasprotju s sladkorjem ne predstavlja hrane \u0161kodljivim bakterijam v ustih.<\/span><\/div>\n<div style=\"clear: both;\"><\/div>\n<div class=\"why_headline jtextfill\"><span>Aroma<\/span><\/div>\n<div class=\"why_details jtextfill\"><span>Uporabljamo za\u0161\u010diteno me\u0161anico \u010distih rastlinskih izvle\u010dkov, da ima na\u0161a zobna pasta okus po meti, ki je dovolj blag, da ne vpliva na va\u0161e oku\u0161anje in je hkrati osve\u017eujo\u010d.<\/span><\/div>\n<div style=\"clear: both;\"><\/div>\n<\/div>\n","protected":false},"excerpt":{"rendered":"<p>Nano-hidroksiapatit Na\u0161a klju\u010dna sestavina, nano-hidroksiapatit, je najmanj\u0161i gradnik zobne sklenine. Dodan v zobno pasto lahko pomaga obnoviti sklenino in jo narediti mo\u010dno, gladko in sijo\u010do. Ker je sestavina zelo draga, je prisotna le pri nekaterih zobnih pastah, vendar pa vse ne vsebujejo dovolj visoke koncentracije za dober u\u010dinek. Sorbitol V zobni pasti uporabljamo sorbitol, naravno [&hellip;]<\/p>\n","protected":false},"author":3,"featured_media":0,"parent":2538,"menu_order":31,"comment_status":"closed","ping_status":"open","template":"","meta":{"footnotes":""},"class_list":["post-2557","page","type-page","status-publish","hentry"],"_links":{"self":[{"href":"https:\/\/megasonex.com\/sl\/wp-json\/wp\/v2\/pages\/2557","targetHints":{"allow":["GET"]}}],"collection":[{"href":"https:\/\/megasonex.com\/sl\/wp-json\/wp\/v2\/pages"}],"about":[{"href":"https:\/\/megasonex.com\/sl\/wp-json\/wp\/v2\/types\/page"}],"author":[{"embeddable":true,"href":"https:\/\/megasonex.com\/sl\/wp-json\/wp\/v2\/users\/3"}],"replies":[{"embeddable":true,"href":"https:\/\/megasonex.com\/sl\/wp-json\/wp\/v2\/comments?post=2557"}],"version-history":[{"count":0,"href":"https:\/\/megasonex.com\/sl\/wp-json\/wp\/v2\/pages\/2557\/revisions"}],"up":[{"embeddable":true,"href":"https:\/\/megasonex.com\/sl\/wp-json\/wp\/v2\/pages\/2538"}],"wp:attachment":[{"href":"https:\/\/megasonex.com\/sl\/wp-json\/wp\/v2\/media?parent=2557"}],"curies":[{"name":"wp","href":"https:\/\/api.w.org\/{rel}","templated":true}]}}