{"id":2547,"date":"2013-06-06T20:37:09","date_gmt":"2013-06-07T03:37:09","guid":{"rendered":"http:\/\/megasonex.com\/?page_id=2547"},"modified":"2013-06-06T20:45:28","modified_gmt":"2013-06-07T03:45:28","slug":"science","status":"publish","type":"page","link":"https:\/\/megasonex.com\/sl\/toothpaste\/science\/","title":{"rendered":"Znanost"},"content":{"rendered":"<div style=\"width: 244px\" class=\"wp-caption alignright\"><img loading=\"lazy\" decoding=\"async\" title=\"Hydroxyapatite_Tooth\" alt=\"Hydroxyapatite\" src=\"\/wp-content\/uploads\/Hydroxyapatite_Tooth.jpg\" width=\"234\" height=\"225\" \/><p class=\"wp-caption-text\"><span style=\"font-size: 90%;\">Kristalna struktura hidroksiapatita v zobni sklenini<\/span><\/p><\/div>\n<h3>Znanost o nano-hidroksiapatitu<\/h3>\n<p>Predstavljajte si, da obnavljate va\u0161o sklenino vsakokrat, ko \u0161\u010detkate zobe. Predstavljajte si, da imate mo\u010d odpraviti  za\u010detno stopnjo kariesa*. Sli\u0161i se nemogo\u010de, vendar za to obstajajo znanstveni dokazi.<\/p>\n<p>&nbsp;<\/p>\n<p>Ve\u010dina zobne sklenine je sestavljena iz trdnega kristala, imenovanega hidroksiapatit. Ko bakterije v zobnih oblogah presnavljajo sladkorje, tvorijo mle\u010dno kislino, ki demineralizira (razgrajuje) kristale, zaradi \u010desar postane sklenina \u0161ibkej\u0161a ali se celo popolnoma raztopi, kar vodi v karies.<\/p>\n<p>&nbsp;<\/p>\n<p>Na sre\u010do va\u0161a slina ponavadi uspe obnoviti ali remineralizirati va\u0161o sklenino s tvorbo le nekaj nanometrov velikih kristalov hidroksiapatita. \u010ce v va\u0161i slini ni dovolj hidroksiapatita ali \u010de kisline v plaku premagajo va\u0161 naravni obrambni mehanizem, se va\u0161a sklenina pri\u010dne raztapljati, kar vodi v karies.<\/p>\n<p>&nbsp;<\/p>\n<div id=\"attachment_652\" style=\"width: 257px\" class=\"wp-caption alignleft\"><img loading=\"lazy\" decoding=\"async\" aria-describedby=\"caption-attachment-652\" class=\"size-full wp-image-652    \" title=\"Placeholder\" alt=\"Placeholder\" src=\"\/wp-content\/uploads\/Hydroxyapatite_Nanoparticles.png\" width=\"247\" height=\"247\" \/><p id=\"caption-attachment-652\" class=\"wp-caption-text\">20-50 nm nano-hidroksiapatit<\/p><\/div>\n<p>Obi\u010dajno zobne paste uporabljajo fluoride za krepitev zobne sklenine in zmanj\u0161anje verjetnosti za nastanek kariesa. Medtem ko so fluoridi koristni v nizkih koncentracijah, na primer  v hrani in pitni vodi, je lahko previsoka koncentracija fluoridov \u0161kodljiva in povzro\u010da nenadno ali kroni\u010dno zastrupitev (fluorozo).<\/p>\n<p>&nbsp;<\/p>\n<p>Predstavljamo vam novo sestavino\u2026 nano-hidroksiapatit. Za razliko od fluoridov nano-hidroksiapatit ne samo pomaga krepiti zobno sklenino, pa\u010d pa jo dejansko tudi obnavlja. Nano-hidroksiapatit je nanokristal hidroksiapatita, ki je glavni gradnik zobne sklenine. Nanokristali so ravno prav veliki za vgrajevanje v fisure in razpoke v va\u0161i sklenini \u2013 remineralizacijo. <\/p>\n<p>&nbsp;<\/p>\n<p>Va\u0161a slina naravno vsebuje nano-hidroksiapatit, ki vas \u0161\u010diti pred kariesom. MEGASONEX\u00ae zobna pasta vam priskrbi  dodaten nano-hidroksiapatit ustrezne velikosti 20-50 nm in pospe\u0161i naravni obnovitveni proces. Tako ni ob uporabi MEGASONEX\u00ae zobne paste nobene nevarnosti za previsoko koncentracijo s fluoridi in je pasta popolnoma varna tudi za otroke.<\/p>\n<p>&nbsp;<\/p>\n<p><span style=\"font-size: 65%; display: inline-block;\">* Nano-hidroksiapatit lahko pomaga pri za\u010detnem kariesu (belih lisah), ne more pa  pomagati pri napredovalem kariesu, zato vsaj dvakrat letno obi\u0161\u010dite va\u0161ega zobozdravnika.<\/span><\/p>\n","protected":false},"excerpt":{"rendered":"<p>Znanost o nano-hidroksiapatitu Predstavljajte si, da obnavljate va\u0161o sklenino vsakokrat, ko \u0161\u010detkate zobe. Predstavljajte si, da imate mo\u010d odpraviti za\u010detno stopnjo kariesa*. Sli\u0161i se nemogo\u010de, vendar za to obstajajo znanstveni dokazi. &nbsp; Ve\u010dina zobne sklenine je sestavljena iz trdnega kristala, imenovanega hidroksiapatit. Ko bakterije v zobnih oblogah presnavljajo sladkorje, tvorijo mle\u010dno kislino, ki demineralizira (razgrajuje) [&hellip;]<\/p>\n","protected":false},"author":3,"featured_media":0,"parent":2538,"menu_order":29,"comment_status":"closed","ping_status":"open","template":"","meta":{"footnotes":""},"class_list":["post-2547","page","type-page","status-publish","hentry"],"_links":{"self":[{"href":"https:\/\/megasonex.com\/sl\/wp-json\/wp\/v2\/pages\/2547","targetHints":{"allow":["GET"]}}],"collection":[{"href":"https:\/\/megasonex.com\/sl\/wp-json\/wp\/v2\/pages"}],"about":[{"href":"https:\/\/megasonex.com\/sl\/wp-json\/wp\/v2\/types\/page"}],"author":[{"embeddable":true,"href":"https:\/\/megasonex.com\/sl\/wp-json\/wp\/v2\/users\/3"}],"replies":[{"embeddable":true,"href":"https:\/\/megasonex.com\/sl\/wp-json\/wp\/v2\/comments?post=2547"}],"version-history":[{"count":0,"href":"https:\/\/megasonex.com\/sl\/wp-json\/wp\/v2\/pages\/2547\/revisions"}],"up":[{"embeddable":true,"href":"https:\/\/megasonex.com\/sl\/wp-json\/wp\/v2\/pages\/2538"}],"wp:attachment":[{"href":"https:\/\/megasonex.com\/sl\/wp-json\/wp\/v2\/media?parent=2547"}],"curies":[{"name":"wp","href":"https:\/\/api.w.org\/{rel}","templated":true}]}}