{"id":2426,"date":"2013-06-05T13:24:43","date_gmt":"2013-06-05T20:24:43","guid":{"rendered":"http:\/\/megasonex.com\/?page_id=2426"},"modified":"2013-08-29T11:19:46","modified_gmt":"2013-08-29T18:19:46","slug":"scraper","status":"publish","type":"page","link":"https:\/\/megasonex.com\/sl\/scraper\/","title":{"rendered":"Strgalo za jezik"},"content":{"rendered":"<p><img decoding=\"async\" src=\"\/wp-content\/uploads\/Scraper_Hand_Sideways.jpg\" width=\"100%\"\/><\/p>\n<div style=\"font-size: 120%\">\n<p>&nbsp;<\/p>\n<p>\u010ci\u0161\u010denje jezika je bistveni del va\u0161e vsakodnevne zobne higiene. Veliko bakterij, ki povzro\u010dajo zobne obloge, slab zadah in ostale ustne te\u017eave, se zadr\u017euje na jeziku in jih je potrebno redno odstranjevati. Vendar so bila dosedanja strgala za jezik precej preprosta.<\/p>\n<p>&nbsp;<\/p>\n<p>Predstavljamo vam prvo ultrazvo\u010dno strgalo za jezik na svetu\u2026 blagovne znamke MEGASONEX\u00ae.<\/p>\n<p>&nbsp;<\/p>\n<p>Ultrazvo\u010dno strgalo za jezik lahko uporablja vsak lastnik MEGASONEX\u00ae zobne \u0161\u010detke. Strgalo za jezik z zasukom pritrdite na konec dr\u017eala zobne \u0161\u010detke. Potrebno je samo zamenjati glavo zobne \u0161\u010detke z MEGASONEX\u00ae strgalom za jezik in pridobili boste naju\u010dinkovitej\u0161e strgalo za jezik. Prosimo razi\u0161\u010dite <a href=\"features\">zna\u010dilnosti strgala<\/a>, spoznajte <a href=\"science\">znanost<\/a> v ozadju in se nau\u010dite, <a href=\"instructions\">kako uporabiti<\/a> strgalo za doseg najbolj\u0161ih rezultatov.<\/p>\n<\/div>\n","protected":false},"excerpt":{"rendered":"<p>&nbsp; \u010ci\u0161\u010denje jezika je bistveni del va\u0161e vsakodnevne zobne higiene. Veliko bakterij, ki povzro\u010dajo zobne obloge, slab zadah in ostale ustne te\u017eave, se zadr\u017euje na jeziku in jih je potrebno redno odstranjevati. Vendar so bila dosedanja strgala za jezik precej preprosta. &nbsp; Predstavljamo vam prvo ultrazvo\u010dno strgalo za jezik na svetu\u2026 blagovne znamke MEGASONEX\u00ae. &nbsp; [&hellip;]<\/p>\n","protected":false},"author":3,"featured_media":0,"parent":0,"menu_order":28,"comment_status":"closed","ping_status":"open","template":"","meta":{"footnotes":""},"class_list":["post-2426","page","type-page","status-publish","hentry"],"_links":{"self":[{"href":"https:\/\/megasonex.com\/sl\/wp-json\/wp\/v2\/pages\/2426","targetHints":{"allow":["GET"]}}],"collection":[{"href":"https:\/\/megasonex.com\/sl\/wp-json\/wp\/v2\/pages"}],"about":[{"href":"https:\/\/megasonex.com\/sl\/wp-json\/wp\/v2\/types\/page"}],"author":[{"embeddable":true,"href":"https:\/\/megasonex.com\/sl\/wp-json\/wp\/v2\/users\/3"}],"replies":[{"embeddable":true,"href":"https:\/\/megasonex.com\/sl\/wp-json\/wp\/v2\/comments?post=2426"}],"version-history":[{"count":0,"href":"https:\/\/megasonex.com\/sl\/wp-json\/wp\/v2\/pages\/2426\/revisions"}],"wp:attachment":[{"href":"https:\/\/megasonex.com\/sl\/wp-json\/wp\/v2\/media?parent=2426"}],"curies":[{"name":"wp","href":"https:\/\/api.w.org\/{rel}","templated":true}]}}