{"id":1846,"date":"2013-05-03T17:36:10","date_gmt":"2013-05-04T00:36:10","guid":{"rendered":"http:\/\/megasonex.com\/?page_id=1846"},"modified":"2013-05-04T23:52:28","modified_gmt":"2013-05-05T06:52:28","slug":"ingredients","status":"publish","type":"page","link":"https:\/\/megasonex.com\/pt-br\/toothpaste\/ingredients\/","title":{"rendered":"Ingredientes"},"content":{"rendered":"<div class=\"toothpaste\"><\/div>\n<div class=\"why\">\n<div class=\"why_headline jtextfill\"><span>Nano-hidroxiapatita<\/span><\/div>\n<div class=\"why_details jtextfill\"><span>O ingrediente chave, nano-hidroxiapatita \u00e9 o alicerce mais pequeno de dentes. Adicionado \u00e0 pasta de dentes, pode reconstruir o esmalte e torn\u00e1-lo forte, liso e brilhante. Porque \u00e9 muito caro, somente um seleto poucos cremes dentais de alta qualidade us\u00e1-lo, e muitos que lo usam uma concentra\u00e7\u00e3o t\u00e3o alta\u00a0como fazemos. Ele pode reduzir nossas margens de lucro, mas sem ele, nossa pasta de dentes n\u00e3o seria o mesmo.<\/span><\/div>\n<div style=\"clear: both;\"><\/div>\n<div class=\"why_headline jtextfill\"><span>Sorbitol<\/span><\/div>\n<div class=\"why_details jtextfill\"><span>Usamos sorbitol, um composto que ocorre naturalmente em ma\u00e7\u00e3s, p\u00earas e p\u00eassegos, a fim de dar a nossa pasta de dentes a sua consist\u00eancia caracter\u00edstica e tamb\u00e9m para ajud\u00e1-la a ficar macio e evitar que ela seque prematuramente. Voc\u00ea pode encontr\u00e1-lo em uma variedade de produtos farmac\u00eauticos e aliment\u00edcios, incluindo anti-s\u00e9pticos bucais, quase todos os chicletes sem a\u00e7\u00facar, e no caranguejo surimi em seu sushi bar local.<\/span><\/div>\n<div style=\"clear: both;\"><\/div>\n<div class=\"why_headline jtextfill\"><span>Glicerina<\/span><\/div>\n<div class=\"why_details jtextfill\"><span>N\u00f3s usamos esse l\u00edquido viscoso, a fim de manter que o nosso creme dental seja \u00famido e dar-lhe a sua lisura. Ele tamb\u00e9m \u00e9, naturalmente, um pouco doce, mas ao contr\u00e1rio do a\u00e7\u00facar, n\u00e3o alimenta as bact\u00e9rias que causam a placa na boca. Ela pode ser encontrada em biscoitos com pouca gordura, nos doces, nos latic\u00ednios e at\u00e9 mesmo em Hollywood, onde os atores coloc\u00e1-lo em torno de seus olhos, a fim de faz\u00ea-lo aparecer como se eles est\u00e3o chorando.<\/span><\/div>\n<div style=\"clear: both;\"><\/div>\n<div class=\"why_headline jtextfill\"><span>\u00c1gua<\/span><\/div>\n<div class=\"why_details jtextfill\"><span>Usamos a \u00e1gua que \u00e9 t\u00e3o puro, a FDA dos Estados Unidos permite que seja utilizado em produtos farmac\u00eauticos regulados. Em nossa f\u00f3rmula, a \u00e1gua ajuda a manter a nossa pasta de dentes \u00famida e pastosa. Sem ele, nossa pasta de dente seria muito dif\u00edcil espremer para fora!<\/span><\/div>\n<div style=\"clear: both;\"><\/div>\n<div class=\"why_headline jtextfill\"><span>S\u00edlica<\/span><\/div>\n<div class=\"why_details jtextfill\"><span>Como a maioria dos cremes dentais, usamos s\u00edlica em nossa formula\u00e7\u00e3o. S\u00edlica, um dos minerais mais comuns, \u00e9 muito duro e \u00e9 um dos principais componentes de porcelana branca. Ao contr\u00e1rio de muitas outras formula\u00e7\u00f5es que utilizam a s\u00edlica mo\u00edda grosseiramente como um agente abrasivo, usamos part\u00edculas microsc\u00f3picas\u00a0para polir , ao inv\u00e9s de raspar, os dentes e para ajudar a dar a nossa creme dental a textura certa.<\/span><\/div>\n<div style=\"clear: both;\"><\/div>\n<div class=\"why_headline jtextfill\"><span>Xilitol<\/span><\/div>\n<div class=\"why_details jtextfill\"><span>N\u00f3s fazemos bom uso do xilitol, um ado\u00e7ante natural encontrado nas fibras de muitas frutas e vegetais ordin\u00e1rias. Ao contr\u00e1rio do a\u00e7\u00facar comum (sacarose), que alimenta bact\u00e9rias causadoras de c\u00e1ries, xilitol foi mostrado para realmente ajudar a matar as bact\u00e9rias bucais delet\u00e9rios, como a Streptococcus mutans. Como um b\u00f4nus adicional, xilitol tamb\u00e9m ajuda a criar uma sensa\u00e7\u00e3o inconfund\u00edvel refrescante na boca.<\/span><\/div>\n<div style=\"clear: both;\"><\/div>\n<div class=\"why_headline jtextfill\"><span>Pirofosfato tetrass\u00f3dico<\/span><\/div>\n<div class=\"why_details jtextfill\"><span>Usamos este composto cristalino, a fim de ajudar a remover parte do c\u00e1lcio e magn\u00e9sio dissolvidos na saliva, que poderiam levar \u00e0 forma\u00e7\u00e3o de t\u00e1rtaro. Tetrasodium pirofosfato \u00e9 t\u00e3o seguro que ele \u00e9 usado em uma variedade de alimentos, como conservas de atum e caranguejo, pudim e marshmallows.<\/span><\/div>\n<div style=\"clear: both;\"><\/div>\n<div class=\"why_headline jtextfill\"><span>Metil cocoil taurato de s\u00f3dio<\/span><\/div>\n<div class=\"why_details jtextfill\"><span>Usamos uma pequena tra\u00e7o deste ingrediente suave derivado de coco, a fim de criar um pouco de espuma, para ajudar a melhorar a a\u00e7\u00e3o de limpeza de nossa f\u00f3rmula, mesmo para usu\u00e1rios das escovas manuais, e para ajudar a dar a nossa f\u00f3rmula a sensa\u00e7\u00e3o na boca que se associa com a limpeza sem recorrer para a utiliza\u00e7\u00e3o de agentes como SLS.<\/span><\/div>\n<div style=\"clear: both;\"><\/div>\n<div class=\"why_headline jtextfill\"><span>Mica<\/span><\/div>\n<div class=\"why_details jtextfill\"><span>Usamos este mineral de ocorr\u00eancia natural a fim de dar ao nosso creme dental uma apar\u00eancia brilhante e para polir as superf\u00edcies dos dentes para um alto brilho. Mica tem uma longa tradi\u00e7\u00e3o de uso em uma variedade de cosm\u00e9ticos de alta qualidade, incluindo batons e gloss.<\/span><\/div>\n<div style=\"clear: both;\"><\/div>\n<div class=\"why_headline jtextfill\"><span>Di\u00f3xido de tit\u00e2nio<\/span><\/div>\n<div class=\"why_details jtextfill\"><span>Um mineral natural que \u00e9 deslumbrantemente branco, \u00e9 usado para fazer que a nossa creme dental seja t\u00e3o branco quanto ele pode ser e tamb\u00e9m para ajudar temporariamente para fazer que os seus dentes parecem mais brancos. Perfeitamente seguro, tem uma longa hist\u00f3ria de uso em alimentos, cosm\u00e9ticos, como corante em leite desnatado, um ingrediente principal no protetor solar e at\u00e9 mesmo como um pigmento da tatuagem.<\/span><\/div>\n<div style=\"clear: both;\"><\/div>\n<div class=\"why_headline jtextfill\"><span>Carboximetilcelulose de s\u00f3dio<\/span><\/div>\n<div class=\"why_details jtextfill\"><span>Utilizamos esta ingrediente hipoalerg\u00e9nico de origem vegetal, a fim de dar a nossa creme dental sua espessura caracter\u00edstica, sua suavidade e para evitar que os ingredientes se separem para fora. Tamb\u00e9m ajuda a manter deprimido o ponto de congelamento da nossa f\u00f3rmula de modo que \u00e9 mais capaz de suportar o seu transporte atrav\u00e9s de climas frios. Este mesmo composto \u00e9 utilizado em uma ampla variedade de produtos e alimentos, incluindo produtos farmac\u00eauticos e muitas marcas de sorvete e col\u00edrios.<\/span><\/div>\n<div style=\"clear: both;\"><\/div>\n<div class=\"why_headline jtextfill\"><span>\u00c1cido c\u00edtrico<\/span><\/div>\n<div class=\"why_details jtextfill\"><span>Este \u00e1cido que ocorre naturalmente, o que d\u00e1 frutas como lim\u00f5es seu sabor azedo caracter\u00edstico, \u00e9 usado na nossa f\u00f3rmula para ajudar a manter o seu pH equilibrado. A obten\u00e7\u00e3o de um equil\u00edbrio do pH na boca \u00e9 cr\u00edtico, como o excesso de acidez na boca pode causar a desmineraliza\u00e7\u00e3o dos dentes, enquanto que o excesso de alcalinidade pode levar \u00e0 forma\u00e7\u00e3o de c\u00e1lculos.<\/span><\/div>\n<div style=\"clear: both;\"><\/div>\n<div class=\"why_headline jtextfill\"><span>Sacarina de s\u00f3dio<\/span><\/div>\n<div class=\"why_details jtextfill\"><span>A fim de contrariar um aspecto do sabor proveniente da alta concentra\u00e7\u00e3o de nano-hidroxiapatita na nossa f\u00f3rmula que o xilitol por si s\u00f3 n\u00e3o pode controlar,\u00a0 utilizamos um pequeno tra\u00e7inho deste ado\u00e7ante. Sacarina tem sido utilizada de forma segura durante mais de 130 anos, como uma subst\u00e2ncia que \u00e9 extremamente doce, sem calorias, de modo que, ao contr\u00e1rio de outros edulcorantes, tais como a\u00e7\u00facar, n\u00e3o serve de alimento para as bact\u00e9rias na boca.<br \/>\n<\/span><\/div>\n<div style=\"clear: both;\"><\/div>\n<div class=\"why_headline jtextfill\"><span>Aroma<\/span><\/div>\n<div class=\"why_details jtextfill\"><span>N\u00f3s usamos uma mistura de extratos bot\u00e2nicos puros, a fim de dar a nossa creme dental um sabor de menta que \u00e9 leve o suficiente para ser refrescante, mas n\u00e3o t\u00e3o forte que pode afetar o seu sentido do paladar.<\/span><\/div>\n<div style=\"clear: both;\"><\/div>\n<\/div>\n","protected":false},"excerpt":{"rendered":"<p>Nano-hidroxiapatita O ingrediente chave, nano-hidroxiapatita \u00e9 o alicerce mais pequeno de dentes. Adicionado \u00e0 pasta de dentes, pode reconstruir o esmalte e torn\u00e1-lo forte, liso e brilhante. Porque \u00e9 muito caro, somente um seleto poucos cremes dentais de alta qualidade us\u00e1-lo, e muitos que lo usam uma concentra\u00e7\u00e3o t\u00e3o alta\u00a0como fazemos. Ele pode reduzir nossas [&hellip;]<\/p>\n","protected":false},"author":3,"featured_media":0,"parent":1716,"menu_order":31,"comment_status":"closed","ping_status":"open","template":"","meta":{"footnotes":""},"class_list":["post-1846","page","type-page","status-publish","hentry"],"_links":{"self":[{"href":"https:\/\/megasonex.com\/pt-br\/wp-json\/wp\/v2\/pages\/1846","targetHints":{"allow":["GET"]}}],"collection":[{"href":"https:\/\/megasonex.com\/pt-br\/wp-json\/wp\/v2\/pages"}],"about":[{"href":"https:\/\/megasonex.com\/pt-br\/wp-json\/wp\/v2\/types\/page"}],"author":[{"embeddable":true,"href":"https:\/\/megasonex.com\/pt-br\/wp-json\/wp\/v2\/users\/3"}],"replies":[{"embeddable":true,"href":"https:\/\/megasonex.com\/pt-br\/wp-json\/wp\/v2\/comments?post=1846"}],"version-history":[{"count":0,"href":"https:\/\/megasonex.com\/pt-br\/wp-json\/wp\/v2\/pages\/1846\/revisions"}],"up":[{"embeddable":true,"href":"https:\/\/megasonex.com\/pt-br\/wp-json\/wp\/v2\/pages\/1716"}],"wp:attachment":[{"href":"https:\/\/megasonex.com\/pt-br\/wp-json\/wp\/v2\/media?parent=1846"}],"curies":[{"name":"wp","href":"https:\/\/api.w.org\/{rel}","templated":true}]}}