{"id":1733,"date":"2013-05-01T15:21:21","date_gmt":"2013-05-01T22:21:21","guid":{"rendered":"http:\/\/megasonex.com\/?page_id=1733"},"modified":"2013-05-02T12:23:57","modified_gmt":"2013-05-02T19:23:57","slug":"science","status":"publish","type":"page","link":"https:\/\/megasonex.com\/pt-br\/toothpaste\/science\/","title":{"rendered":"Ci\u00eancia"},"content":{"rendered":"<div style=\"width: 244px\" class=\"wp-caption alignright\"><img loading=\"lazy\" decoding=\"async\" title=\"Hydroxyapatite_Tooth\" alt=\"Hydroxyapatite\" src=\"\/wp-content\/uploads\/Hydroxyapatite_Tooth.jpg\" width=\"234\" height=\"225\" \/><p class=\"wp-caption-text\">Estrutura cristalina da hidroxiapatita no esmalte<\/p><\/div>\n<h3>A ci\u00eancia da nano-hidroxiapatita<\/h3>\n<p>Imagine renovando o esmalte dos dentes com cada escova\u00e7\u00e3o. Imagine ter o poder de reverter em est\u00e1gio inicial c\u00e1rie dent\u00e1ria * na ponta da sua escova de dentes. Soa como fic\u00e7\u00e3o cient\u00edfica? \u00c9 um fato cient\u00edfico!<\/p>\n<p>&nbsp;<\/p>\n<p>A maior parte do esmalte do dente \u00e9 constitu\u00eddo por um cristal r\u00edgido chamado hidroxiapatita. Quando bact\u00e9rias da placa comem a\u00e7\u00facares, eles emitem \u00e1cido l\u00e1tico, que desmineraliza ou quebra destes cristais, tornando o esmalte mais fraco ou possivelmente at\u00e9 mesmo quebr\u00e1-lo completamente, o que resulta em c\u00e1ries, ou cavidades.<\/p>\n<p>&nbsp;<\/p>\n<p>Felizmente, sua saliva geralmente sucede em ressuprir ou remineralizar o seu esmalte com este min\u00fasculo cristal, a poucos nan\u00f4metros (milion\u00e9simos de mil\u00edmetro) de di\u00e2metro, que restaura o esmalte para uma boa sa\u00fade. No entanto, se n\u00e3o \u00e9 a hidroxiapatita suficiente na sua saliva, ou se o \u00e1cido da placa sobrecarrega seu mecanismo de defesa natural, o esmalte \u00e9 dissolvido lentamente, levando \u00e0 forma\u00e7\u00e3o de c\u00e1ries.<\/p>\n<p>&nbsp;<\/p>\n<div id=\"attachment_652\" style=\"width: 257px\" class=\"wp-caption alignleft\"><img loading=\"lazy\" decoding=\"async\" aria-describedby=\"caption-attachment-652\" class=\"size-full wp-image-652    \" title=\"Placeholder\" alt=\"Placeholder\" src=\"\/wp-content\/uploads\/Hydroxyapatite_Nanoparticles.png\" width=\"247\" height=\"247\" \/><p id=\"caption-attachment-652\" class=\"wp-caption-text\">Nanopart\u00edculas de hidroxiapatita de 20-50nm<\/p><\/div>\n<p>Tradicionalmente, os dentifr\u00edcios usam fl\u00faor para ajudar a fortalecer o esmalte dos dentes e diminuir a probabilidade de desenvolvimento de c\u00e1rie dent\u00e1ria. Enquanto o fl\u00faor \u00e9 um ingrediente ben\u00e9fico que muitos de n\u00f3s j\u00e1 estamos expostos nos alimentos e \u00e1gua que comemos e bebemos todos os dias, excesso de fl\u00faor pode causar mais mal do que bem, incluindo condi\u00e7\u00f5es cr\u00f4nicas como a fluorose, ou mesmo envenenamento.<\/p>\n<p>&nbsp;<\/p>\n<p>Ora, existe um novo ingrediente\u2026 nano-hidroxiapatita. Ao contr\u00e1rio de fl\u00faor, nano-hidroxiapatita n\u00e3o s\u00f3 ajuda a fortalecer o esmalte dos dentes\u2026 ele realmente reconstr\u00f3i-lo. Nano-hidroxiapatita \u00e9 uma forma nanocristalina de hidroxiapatite, o componente principal do esmalte do dente. Quando em forma de nanocristalino, no tamanho certo, \u00e9 suficientemente pequeno para ser capaz de ater-se nos sulcos e fissuras do seu esmalte, ligando-se com ele para ajud\u00e1-lo a realmente remineralizar.<\/p>\n<p>&nbsp;<\/p>\n<p>Apesar de sua saliva tem nano-hidroxiapatita flutuando em torno dele, raz\u00e3o pela qual os dentes n\u00e3o mant\u00eam apodrecendo mais e mais a cada vez que voc\u00ea come alimentos \u00e1cidos, pasta de dentes MEGASONEX\u00ae fornece nano-hidroxiapatita adicional no tamanho apropriado , de 20 a 50nm, turboalimentando este processo de repara\u00e7\u00e3o natural. Al\u00e9m disso, como pasta de dentes MEGASONEX \u00ae depende de nano-hidroxiapatita, um ingrediente de bio-id\u00eantico que \u00e9 perfeitamente seguro para consumir, n\u00e3o h\u00e1 absolutamente nenhum risco de sobredosagem de fl\u00faor, mesmo para crian\u00e7as.<\/p>\n<p>&nbsp;<\/p>\n<p><span style=\"font-size: 65%; display: inline-block;\">* Nano-hidroxiapatita pode ajudar a reverter a deteriora\u00e7\u00e3o de dente em fase precoce, chamada c\u00e1ries manchas brancas, mas n\u00e3o pode ajudar, uma vez a deteriora\u00e7\u00e3o tem progredido al\u00e9m deste est\u00e1gio. Como sempre, sugerimos que todo mundo visite seu dentista pelo menos duas vezes por ano.<\/span><\/p>\n","protected":false},"excerpt":{"rendered":"<p>A ci\u00eancia da nano-hidroxiapatita Imagine renovando o esmalte dos dentes com cada escova\u00e7\u00e3o. Imagine ter o poder de reverter em est\u00e1gio inicial c\u00e1rie dent\u00e1ria * na ponta da sua escova de dentes. Soa como fic\u00e7\u00e3o cient\u00edfica? \u00c9 um fato cient\u00edfico! &nbsp; A maior parte do esmalte do dente \u00e9 constitu\u00eddo por um cristal r\u00edgido chamado [&hellip;]<\/p>\n","protected":false},"author":3,"featured_media":0,"parent":1716,"menu_order":29,"comment_status":"closed","ping_status":"open","template":"","meta":{"footnotes":""},"class_list":["post-1733","page","type-page","status-publish","hentry"],"_links":{"self":[{"href":"https:\/\/megasonex.com\/pt-br\/wp-json\/wp\/v2\/pages\/1733","targetHints":{"allow":["GET"]}}],"collection":[{"href":"https:\/\/megasonex.com\/pt-br\/wp-json\/wp\/v2\/pages"}],"about":[{"href":"https:\/\/megasonex.com\/pt-br\/wp-json\/wp\/v2\/types\/page"}],"author":[{"embeddable":true,"href":"https:\/\/megasonex.com\/pt-br\/wp-json\/wp\/v2\/users\/3"}],"replies":[{"embeddable":true,"href":"https:\/\/megasonex.com\/pt-br\/wp-json\/wp\/v2\/comments?post=1733"}],"version-history":[{"count":0,"href":"https:\/\/megasonex.com\/pt-br\/wp-json\/wp\/v2\/pages\/1733\/revisions"}],"up":[{"embeddable":true,"href":"https:\/\/megasonex.com\/pt-br\/wp-json\/wp\/v2\/pages\/1716"}],"wp:attachment":[{"href":"https:\/\/megasonex.com\/pt-br\/wp-json\/wp\/v2\/media?parent=1733"}],"curies":[{"name":"wp","href":"https:\/\/api.w.org\/{rel}","templated":true}]}}