{"id":3260,"date":"2013-08-27T09:33:40","date_gmt":"2013-08-27T16:33:40","guid":{"rendered":"http:\/\/megasonex.com\/?page_id=3260"},"modified":"2013-08-27T09:56:54","modified_gmt":"2013-08-27T16:56:54","slug":"ingredients","status":"publish","type":"page","link":"https:\/\/megasonex.com\/pl\/toothpaste\/ingredients\/","title":{"rendered":"Sk\u0142adniki"},"content":{"rendered":"<div class=\"toothpaste\"><\/div>\n<div class=\"why\">\n<div class=\"why_headline jtextfill\"><span>Nano-hydroksyapatyt<\/span><\/div>\n<div class=\"why_details jtextfill\"><span>G\u0142\u00f3wnym sk\u0142adnikiem aktywnym w pa\u015bcie MEGASONEX\u00ae jest nano-hydroksyapatyt, najmniejszy  budulec tworz\u0105cy z\u0119by. Dodany do pasty pomaga odbudowa\u0107 szkliwo oraz sprawia, \u017ce z\u0105b jest ja\u015bniejszy, mocniejszy i bardziej g\u0142adki. Nano-hydroksyapatyt jest bardzo drogim sk\u0142adnikiem dlatego tylko pasty wysokiej klasy posiadaj\u0105 go w swoim sk\u0142adzie.<\/span><\/div>\n<div style=\"clear: both;\"><\/div>\n<div class=\"why_headline jtextfill\"><span>Sorbitol<\/span><\/div>\n<div class=\"why_details jtextfill\"><span>Sorbitol to naturalny sk\u0142adnik wyst\u0119puj\u0105cy w jab\u0142kach, gruszkach i brzoskwiniach. Nadaje on naszej pa\u015bcie bardzo interesuj\u0105cej konsystencji oraz zapobiega jej przedwczesnemu wysychaniu. Sk\u0142adnik ten mo\u017cna znale\u017a\u0107 w wielu produktach farmaceutycznych i spo\u017cywczych, cz\u0119sto wyst\u0119puje r\u00f3wnie\u017c w p\u0142ukankach czy gumach do \u017cucia.<\/span><\/div>\n<div style=\"clear: both;\"><\/div>\n<div class=\"why_headline jtextfill\"><span>Gliceryna<\/span><\/div>\n<div class=\"why_details jtextfill\"><span>Gliceryna to ciecz w formie syropu. Jest to sk\u0142adnik odpowiedzialny za wilgotno\u015b\u0107 i g\u0142adko\u015b\u0107 pasty. Gliceryna jest s\u0142odka, ale w przeciwie\u0144stwie do cukru nie jest po\u017cywk\u0105 dla bakterii. Mo\u017cna j\u0105 znale\u017a\u0107 w ciastach niskot\u0142uszczowych, cukierkach oraz produktach mlecznych.<\/span><\/div>\n<div style=\"clear: both;\"><\/div>\n<div class=\"why_headline jtextfill\"><span>Woda<\/span><\/div>\n<div class=\"why_details jtextfill\"><span>W naszej pa\u015bcie pe\u0142ni rol\u0119 zmi\u0119kszaj\u0105c\u0105. Bez jej dodatku by\u0142oby praktycznie niemo\u017cliwym aby wycisn\u0105\u0107 past\u0119 z tubki.<\/span><\/div>\n<div style=\"clear: both;\"><\/div>\n<div class=\"why_headline jtextfill\"><span>Krzemionka<\/span><\/div>\n<div class=\"why_details jtextfill\"><span>Tak jak w wi\u0119kszo\u015bci past tak i w naszej formule zawarta jest krzemionka. Sk\u0142adnik ten jest jednym z najbardziej popularnych mineralnych sk\u0142adnik\u00f3w past do z\u0119b\u00f3w. W formule MEGASONEX\u00ae krzemionka zosta\u0142a bardzo drobno zmielona i odpowiada nie za proces \u015bcierny a za sam\u0105 konsystencj\u0119 pasty.<\/span><\/div>\n<div style=\"clear: both;\"><\/div>\n<div class=\"why_headline jtextfill\"><span>Xylitol<\/span><\/div>\n<div class=\"why_details jtextfill\"><span>W formule MEGASONEX\u00ae zawarty jest r\u00f3wnie\u017c xylitol &#8211; naturalny s\u0142odzik, kt\u00f3ry wyst\u0119puje we w\u0142\u00f3knach wielu popularnych owoc\u00f3w.  W przeciwie\u0144stwie do cukru xylitol dzia\u0142a przeciwbakteryjnie i wzmaga buforowo\u015b\u0107 \u015bliny. Dodatkowo na d\u0142ugi czas utrzymuje \u015bwie\u017cy, ch\u0142odny posmak w ustach.<\/span><\/div>\n<div style=\"clear: both;\"><\/div>\n<div class=\"why_headline jtextfill\"><span>Pirofosforat tetrasodowy<\/span><\/div>\n<div class=\"why_details jtextfill\"><span>Pomaga usun\u0105\u0107 cz\u0119\u015b\u0107 magnezu i kamienia naz\u0119bnego. Jest to zwi\u0105zek bardzo bezpieczny, powszechnie wykorzystywany w produktach spo\u017cywczych.<\/span><\/div>\n<div style=\"clear: both;\"><\/div>\n<div class=\"why_headline jtextfill\"><span>Metylokokoilotaurynian sodu<\/span><\/div>\n<div class=\"why_details jtextfill\"><span>Sk\u0142adnik pochodz\u0105cy z drzewa kokosowego. Poprawia w\u0142a\u015bciwo\u015bci czyszcz\u0105ce pasty. Dzi\u0119ki niemu mogli\u015bmy zrezygnowa\u0107 z popularnego konserwantu SLS, kt\u00f3ry cz\u0119sto powoduje podra\u017cnienia b\u0142ony \u015bluzowej jamy ustnej.<\/span><\/div>\n<div style=\"clear: both;\"><\/div>\n<div class=\"why_headline jtextfill\"><span>Mika<\/span><\/div>\n<div class=\"why_details jtextfill\"><span>Naturalnie wyst\u0119puj\u0105cy minera\u0142, kt\u00f3ry nadaje z\u0119bom po\u0142ysk i blask. Powszechnie stosowany w szminkach i b\u0142yszczykach.<\/span><\/div>\n<div style=\"clear: both;\"><\/div>\n<div class=\"why_headline jtextfill\"><span>Dwutlenek tytanu<\/span><\/div>\n<div class=\"why_details jtextfill\"><span>Naturalnie wyst\u0119puj\u0105cy minera\u0142 o ol\u015bniewaj\u0105cej barwie, kt\u00f3ry odpowiada za biel z\u0119b\u00f3w po myciu. Jest ca\u0142kowicie bezpieczny i ma niezwykle d\u0142ug\u0105 histori\u0119 stosowania w\u015br\u00f3d kosmetyk\u00f3w. Cz\u0119sto stosowany w kremach z filtrem oraz jako pigment w tatua\u017cach.<\/span><\/div>\n<div style=\"clear: both;\"><\/div>\n<div class=\"why_headline jtextfill\"><span>Karboksymetyloceluloza sodowa<\/span><\/div>\n<div class=\"why_details jtextfill\"><span>Hipoalergiczny sk\u0142adnik ro\u015blinny spe\u0142niaj\u0105cy w pa\u015bcie rol\u0119 spoiwa. Przeciwdzia\u0142a r\u00f3wnie\u017c zamarzaniu pasty.<\/span><\/div>\n<div style=\"clear: both;\"><\/div>\n<div class=\"why_headline jtextfill\"><span>Kwasek cytrynowy<\/span><\/div>\n<div class=\"why_details jtextfill\"><span>Naturalny kwas wyst\u0119puj\u0105cy w owocach cytryn. W pa\u015bcie odpowiada za utrzymanie zbilansowanego poziomu pH.<\/span><\/div>\n<div style=\"clear: both;\"><\/div>\n<div class=\"why_headline jtextfill\"><span>Sacharyna sodowa<\/span><\/div>\n<div class=\"why_details jtextfill\"><span>Sacharyna jest bezpiecznie stosowane od ponad 130 lat jako substancja s\u0142odz\u0105ca. W przeciwie\u0144stwie do innych \u015brodk\u00f3w s\u0142odz\u0105cych, takich jak cukier, sacharyna nie jest pokarmem dla szkodliwych bakterii w jamie ustnej oraz nie jest kaloryczna.<\/span><\/div>\n<div style=\"clear: both;\"><\/div>\n<div class=\"why_headline jtextfill\"><span>Aromat<\/span><\/div>\n<div class=\"why_details jtextfill\"><span>Stosujemy unikaln\u0105 mieszank\u0119 czystych ekstrakt\u00f3w ro\u015blinnych tak aby smak naszej pasty do z\u0119b\u00f3w by\u0142 \u0142agodny i orze\u017awiaj\u0105cy.<\/span><\/div>\n<div style=\"clear: both;\"><\/div>\n<\/div>\n","protected":false},"excerpt":{"rendered":"<p>Nano-hydroksyapatyt G\u0142\u00f3wnym sk\u0142adnikiem aktywnym w pa\u015bcie MEGASONEX\u00ae jest nano-hydroksyapatyt, najmniejszy budulec tworz\u0105cy z\u0119by. Dodany do pasty pomaga odbudowa\u0107 szkliwo oraz sprawia, \u017ce z\u0105b jest ja\u015bniejszy, mocniejszy i bardziej g\u0142adki. Nano-hydroksyapatyt jest bardzo drogim sk\u0142adnikiem dlatego tylko pasty wysokiej klasy posiadaj\u0105 go w swoim sk\u0142adzie. Sorbitol Sorbitol to naturalny sk\u0142adnik wyst\u0119puj\u0105cy w jab\u0142kach, gruszkach i brzoskwiniach. [&hellip;]<\/p>\n","protected":false},"author":3,"featured_media":0,"parent":2717,"menu_order":31,"comment_status":"closed","ping_status":"open","template":"","meta":{"footnotes":""},"class_list":["post-3260","page","type-page","status-publish","hentry"],"_links":{"self":[{"href":"https:\/\/megasonex.com\/pl\/wp-json\/wp\/v2\/pages\/3260","targetHints":{"allow":["GET"]}}],"collection":[{"href":"https:\/\/megasonex.com\/pl\/wp-json\/wp\/v2\/pages"}],"about":[{"href":"https:\/\/megasonex.com\/pl\/wp-json\/wp\/v2\/types\/page"}],"author":[{"embeddable":true,"href":"https:\/\/megasonex.com\/pl\/wp-json\/wp\/v2\/users\/3"}],"replies":[{"embeddable":true,"href":"https:\/\/megasonex.com\/pl\/wp-json\/wp\/v2\/comments?post=3260"}],"version-history":[{"count":0,"href":"https:\/\/megasonex.com\/pl\/wp-json\/wp\/v2\/pages\/3260\/revisions"}],"up":[{"embeddable":true,"href":"https:\/\/megasonex.com\/pl\/wp-json\/wp\/v2\/pages\/2717"}],"wp:attachment":[{"href":"https:\/\/megasonex.com\/pl\/wp-json\/wp\/v2\/media?parent=3260"}],"curies":[{"name":"wp","href":"https:\/\/api.w.org\/{rel}","templated":true}]}}