{"id":2712,"date":"2013-08-09T11:45:23","date_gmt":"2013-08-09T18:45:23","guid":{"rendered":"http:\/\/megasonex.com\/?page_id=2712"},"modified":"2014-08-02T19:16:31","modified_gmt":"2014-08-03T02:16:31","slug":"toothbrush","status":"publish","type":"page","link":"https:\/\/megasonex.com\/pl\/toothbrush\/","title":{"rendered":"Szczoteczka"},"content":{"rendered":"<p><img decoding=\"async\" src=\"\/wp-content\/uploads\/Toothbrush_Hand_Sideways.jpg\" width=\"100%\"\/><\/p>\n<div style=\"font-size: 120%\">\n&nbsp;<\/p>\n<p>Wyobra\u017a sobie szczoteczk\u0119 tak mocn\u0105, \u017ce generuje 192,000,000 drga\u0144 na minut\u0119 a przy tym, dzi\u0119ki niskiej amplitudzie, jest najdelikatniejsz\u0105 szczoteczk\u0105 w swojej klasie. Wyobra\u017a sobie szczoteczk\u0119, kt\u00f3ra \u0142\u0105czy w sobie zalety terapeutycznej cz\u0119stotliwo\u015bci fal ultrad\u017awi\u0119kowych (1,6 MHz) z ruchami sonicznymi w\u0142osia szczoteczki. Wyobra\u017a sobie szczoteczk\u0119, kt\u00f3ra zosta\u0142a zaprojektowana tak aby czy\u015bci\u0107 nawet najtrudniej dost\u0119pne miejsca w jamie ustnej. Wyobra\u017a sobie szczoteczk\u0119 wykonan\u0105 w materia\u0142\u00f3w o najwy\u017cszej jako\u015bci, kt\u00f3ra sprawdza si\u0119 w ka\u017cdych warunkach.<\/p>\n<p>&nbsp;<\/p>\n<p>Przedstawiamy MEGASONEX\u00ae\u2014The Ultrasound Toothbrush\u00ae<\/p>\n<p>&nbsp;<\/p>\n<p>Ultra Gentle.  Mega Clean.\u00ae<\/p>\n<p>&nbsp;<\/p>\n<p>Zapoznaj si\u0119 z jej <a href=\"features\">zaletami<\/a>, poznaj stoj\u0105c\u0105 za ni\u0105 <a href=\"science\">technologi\u0119<\/a> oraz przekonaj si\u0119 dlaczego jest <a href=\"why\">tak wyj\u0105tkowa<\/a>.<\/p>\n<p>&nbsp;<\/p>\n<\/div>\n","protected":false},"excerpt":{"rendered":"<p>&nbsp; Wyobra\u017a sobie szczoteczk\u0119 tak mocn\u0105, \u017ce generuje 192,000,000 drga\u0144 na minut\u0119 a przy tym, dzi\u0119ki niskiej amplitudzie, jest najdelikatniejsz\u0105 szczoteczk\u0105 w swojej klasie. Wyobra\u017a sobie szczoteczk\u0119, kt\u00f3ra \u0142\u0105czy w sobie zalety terapeutycznej cz\u0119stotliwo\u015bci fal ultrad\u017awi\u0119kowych (1,6 MHz) z ruchami sonicznymi w\u0142osia szczoteczki. Wyobra\u017a sobie szczoteczk\u0119, kt\u00f3ra zosta\u0142a zaprojektowana tak aby czy\u015bci\u0107 nawet najtrudniej dost\u0119pne [&hellip;]<\/p>\n","protected":false},"author":3,"featured_media":0,"parent":0,"menu_order":26,"comment_status":"closed","ping_status":"open","template":"","meta":{"footnotes":""},"class_list":["post-2712","page","type-page","status-publish","hentry"],"_links":{"self":[{"href":"https:\/\/megasonex.com\/pl\/wp-json\/wp\/v2\/pages\/2712","targetHints":{"allow":["GET"]}}],"collection":[{"href":"https:\/\/megasonex.com\/pl\/wp-json\/wp\/v2\/pages"}],"about":[{"href":"https:\/\/megasonex.com\/pl\/wp-json\/wp\/v2\/types\/page"}],"author":[{"embeddable":true,"href":"https:\/\/megasonex.com\/pl\/wp-json\/wp\/v2\/users\/3"}],"replies":[{"embeddable":true,"href":"https:\/\/megasonex.com\/pl\/wp-json\/wp\/v2\/comments?post=2712"}],"version-history":[{"count":0,"href":"https:\/\/megasonex.com\/pl\/wp-json\/wp\/v2\/pages\/2712\/revisions"}],"wp:attachment":[{"href":"https:\/\/megasonex.com\/pl\/wp-json\/wp\/v2\/media?parent=2712"}],"curies":[{"name":"wp","href":"https:\/\/api.w.org\/{rel}","templated":true}]}}