{"id":7610,"date":"2013-02-26T23:26:09","date_gmt":"2013-02-27T07:26:09","guid":{"rendered":"http:\/\/megasonex.com\/toothpaste\/ingredients\/"},"modified":"2019-06-08T12:57:45","modified_gmt":"2019-06-08T19:57:45","slug":"ingredients","status":"publish","type":"page","link":"https:\/\/megasonex.com\/lt\/toothpaste\/ingredients\/","title":{"rendered":"Sudedamosiomis dalimis"},"content":{"rendered":"<div class=\"toothpaste\"><\/div>\n<div class=\"why\">\n<div class=\"why_headline jtextfill\"><span>Nano-hidroksilapatitas<\/span><\/div>\n<div class=\"why_details jtextfill\"><span>M\u016bs\u0173 pastos pagrindin\u0117 sudedamoji dalis yra nano-hidroksilapatitas \u2013 smulkiausia dant\u0173 statybin\u0117s med\u017eiagos dalel\u0117. Kai \u0161ios med\u017eiagos yra dant\u0173 pastos sud\u0117tyje, ji gali atkurti dant\u0173 emal\u012f, kad jis v\u0117l tapt\u0173 stiprus, glotnus ir \u0161vytintis. Kadangi \u0161i med\u017eiaga yra labai brangi, jos dedama tik \u012f nedaugelio auk\u0161tos kokyb\u0117s dant\u0173 past\u0173 sud\u0117t\u012f. Vis d\u0117lto, m\u016bs\u0173 dant\u0173 pasta i\u0161siskiria tuo, kad joje yra naudojama did\u017eiausia \u0161ios med\u017eiagos koncentracija. Gal toks sprendimas ir suma\u017eina \u012fmon\u0117s gaunam\u0105 peln\u0105, bet mums svarbiausia i\u0161gauti norim\u0105 dant\u0173 pastos kokyb\u0119.<\/span><\/div>\n<div style=\"clear: both;\"><\/div>\n<div class=\"why_headline jtextfill\"><span>Sorbitolis<\/span><\/div>\n<div class=\"why_details jtextfill\"><span>M\u016bs\u0173 pastos sud\u0117tyje yra sorbitolio \u2013 nat\u016braliai obuoliuose, kriau\u0161\u0117se ir persikuose randamo junginio, kuris padeda u\u017etikrinti tik m\u016bs\u0173 pastai b\u016bding\u0105 konsistencij\u0105. \u0160ios med\u017eiagos d\u0117ka m\u016bs\u0173 pasta i\u0161lieka mink\u0161ta ir nei\u0161d\u017ei\u016bsta anks\u010diau numatyto galiojimo termino. \u0160ios med\u017eiagos taip pat dedama \u012f \u012fvairius farmacijos pramon\u0117s ir maisto produktus, \u012fskaitant burnos skalavimo skys\u010dius, beveik vis\u0173 r\u016b\u0161i\u0173 becukr\u0119 kramtom\u0105j\u0105 gum\u0105 ir krab\u0173 skonio lazdeles.<\/span><\/div>\n<div style=\"clear: both;\"><\/div>\n<div class=\"why_headline jtextfill\"><span>Glicerinas<\/span><\/div>\n<div class=\"why_details jtextfill\"><span>Naudojame \u0161\u012f sirupo konsistencijos skyst\u012f siekdami i\u0161saugoti dant\u0173 pastos dr\u0117gnum\u0105 ir vientisum\u0105. Be to, \u0161i med\u017eiaga yra nat\u016braliai salsvo skonio, ta\u010diau kitaip nei cukrus nemaitina burnoje esan\u010di\u0173 bakterij\u0173, d\u0117l kuri\u0173 formuojasi apna\u0161os. Glicerino dedama \u012f ma\u017eai riebal\u0173 sud\u0117tyje turin\u010dius sausainius, saldainius, pieno produktus, o Holivude aktoriai juo pasitepa paakius, kai nori suvaidinti, kad verkia\u2026<\/span><\/div>\n<div style=\"clear: both;\"><\/div>\n<div class=\"why_headline jtextfill\"><span>Vanduo<\/span><\/div>\n<div class=\"why_details jtextfill\"><span>Pastos sud\u0117tyje naudojame labai gryn\u0105 vanden\u012f, kur\u012f JAV Maisto ir vaist\u0173 administracija leid\u017eia naudoti farmacijos produktuose, kuri\u0173 gamybos procesus ji reglamentuoja. Vanduo padeda i\u0161saugoti dant\u0173 pastoje dr\u0117gm\u0119 ir pastos konsistencij\u0105. Ties\u0105 sakant, jei vandens pastos sud\u0117tyje neb\u016bt\u0173, b\u016bt\u0173 nelengva j\u0105 i\u0161spausti i\u0161 t\u016bbel\u0117s!<\/span><\/div>\n<div style=\"clear: both;\"><\/div>\n<div class=\"why_headline jtextfill\"><span>Silicio dioksidas<\/span><\/div>\n<div class=\"why_details jtextfill\"><span>Kaip ir daugelyje kit\u0173 past\u0173, m\u016bs\u0173 gaminamos dant\u0173 pastos sud\u0117tyje yra silicio dioksido. Silicio dioksidas &#8211; vienas i\u0161 labiausiai paplitusi\u0173 mineral\u0173 &#8211; yra labai kieta med\u017eiaga, kuri yra viena i\u0161 pagrindini\u0173 baltojo porceliano sudedam\u0173j\u0173 dali\u0173. Skirtingai nuo daugelio kit\u0173 dant\u0173 pastos formuli\u0173, kuriose rupiai maltas silicio dioksidas naudojamas kaip abrazyvin\u0117 med\u017eiaga, m\u016bs\u0173 dant\u0173 pastoje esan\u010dio silicio dioksido dalel\u0117s yra mikroskopinio dyd\u017eio, tod\u0117l dantys yra poliruojami, o ne \u0161lifuojami. Be to, \u0161i med\u017eiaga padeda sukurti tinkam\u0105 dant\u0173 pastos konsistencij\u0105.<\/span><\/div>\n<div style=\"clear: both;\"><\/div>\n<div class=\"why_headline jtextfill\"><span>Ksilitolis<\/span><\/div>\n<div class=\"why_details jtextfill\"><span>Mes nusprend\u0117me pasinaudoti naudingomis ksilitolio \u2013 daugelio vaisi\u0173 ir dar\u017eovi\u0173 skaidulose randamo nat\u016bralaus saldiklio &#8211;  savyb\u0117mis. Remiantis atlikt\u0173 tyrim\u0173 rezultatais, ksilitolis &#8211; skirtingai nei \u012fprastas cukrus, kuris yra puikus maistas \u0117duon\u012f sukelian\u010dioms bakterijoms \u2013 padeda i\u0161naikinti kenksmingas burnos bakterijas, tokias kaip streptococcus mutans. Be to, ksilitolis padeda sukurti v\u0117sinant\u012f ir gaiv\u0173 \u0161varos jausm\u0105 burnoje.<\/span><\/div>\n<div style=\"clear: both;\"><\/div>\n<div class=\"why_headline jtextfill\"><span>Tetranatrio pirofosfatas<\/span><\/div>\n<div class=\"why_details jtextfill\"><span>Dant\u0173 pastos sud\u0117tyje naudojame \u0161\u012f kristalin\u012f jungin\u012f, nes jis padeda pa\u0161alinti \u0161iek tiek seil\u0117se i\u0161tirpusio kalcio ir magnio, d\u0117l kuri\u0173 pertekliaus pradeda formuotis dant\u0173 akmenys. Tetranatrio pirofosfatas yra labai saugi med\u017eiaga, kuri naudojama \u012fvairiuose maisto produktuose, tokiuose kaip, pavyzd\u017eiui, tun\u0173 ir krab\u0173 konservai, pudingai ir zefyrai.<\/span><\/div>\n<div style=\"clear: both;\"><\/div>\n<div class=\"why_headline jtextfill\"><span>Natrio metilokokilo tauratas<\/span><\/div>\n<div class=\"why_details jtextfill\"><span>\u012e pastos sud\u0117t\u012f dedame \u0161iek tiek \u0161io \u0161velnaus poveikio ingrediento, kuris yra i\u0161gaunamas i\u0161 kokoso rie\u0161uto ir kuris yra naudojamas kaip putodaris. Jis pagerina pastos valom\u0105j\u012f poveik\u012f, tod\u0117l ji tinkama naudoti netgi tiems klientams, kurie dantis valo su mechaniniais dant\u0173 \u0161epet\u0117liais, ir suteikia puik\u0173 \u0161vari\u0173 dant\u0173 poveik\u012f nenaudojant joki\u0173 SLS.<\/span><\/div>\n<div style=\"clear: both;\"><\/div>\n<div class=\"why_headline jtextfill\"><span>\u017d\u0117rutis<\/span><\/div>\n<div class=\"why_details jtextfill\"><span>Mes naudojame \u0161\u012f nat\u016braliai aptinkam\u0105 mineral\u0105, kad m\u016bs\u0173 dant\u0173 pasta \u017evilg\u0117t\u0173 ir iki blizgesio nupoliruot\u0173 dant\u0173 pavir\u0161i\u0173. \u017d\u0117rutis jau seniai naudojamas auk\u0161tos klas\u0117s kosmetikos gamini\u0173, toki\u0173 kaip l\u016bpda\u017eiai ir l\u016bp\u0173 blizgiai, sud\u0117tyje.<\/span><\/div>\n<div style=\"clear: both;\"><\/div>\n<div class=\"why_headline jtextfill\"><span>Titano dioksidas<\/span><\/div>\n<div class=\"why_details jtextfill\"><span>Tai nat\u016braliai aptinkamas mineralas, kuris yra akinamai baltos spalvos.  \u0160tai kod\u0117l m\u016bs\u0173 dant\u0173 pasta yra nepaprastai baltos spalvos, o i\u0161sivalius ja dantis pastarieji atrodo gerokai baltesni. Tai yra saugi med\u017eiaga, kuri jau daugel\u012f met\u0173 naudojama maisto produktuose, kosmetikos gamyboje, kaip nugriebto pieno da\u017eiklis, pagrindin\u0117 apsaugos nuo saul\u0117s spinduli\u0173 produkt\u0173 sudedamoji dalis ir netgi tatuiruo\u010di\u0173 pigmentas.<\/span><\/div>\n<div style=\"clear: both;\"><\/div>\n<div class=\"why_headline jtextfill\"><span>Natrio karboksimetilceliulioz\u0117<\/span><\/div>\n<div class=\"why_details jtextfill\"><span>Naudojame \u0161\u012f hipoalergin\u012f augalin\u012f ingredient\u0105, kad m\u016bs\u0173 dant\u0173 pasta b\u016bt\u0173 jai b\u016bdingo tir\u0161tumo, vientisumo, ir kad jos sudedamieji komponentai neatsiskirt\u0173 vieni nuo kit\u0173. Be to, \u0161i med\u017eiaga padeda suma\u017einti dant\u0173 pastos formul\u0117s u\u017e\u0161alimo temperat\u016br\u0105, tod\u0117l j\u0105 lengviau transportuoti \u0161altomis klimatin\u0117mis s\u0105lygomis. \u0160is junginys naudojamas \u012fvairiuose farmacijos ir maisto produktuose, \u012fskaitant \u012fvairi\u0173 preki\u0173 \u017eenkl\u0173 valgomuosius ledus ir aki\u0173 la\u0161us.<\/span><\/div>\n<div style=\"clear: both;\"><\/div>\n<div class=\"why_headline jtextfill\"><span>Citrinos r\u016bg\u0161tis<\/span><\/div>\n<div class=\"why_details jtextfill\"><span>\u0160i nat\u016braliai randama r\u016bg\u0161tis, kuri suteikia citrinai b\u016bding\u0105 r\u016bg\u0161tum\u0105, m\u016bs\u0173 pastos sud\u0117tyje naudojama siekiant palaikyti tinkam\u0105 pH pusiausvyr\u0105. Labai svarbu u\u017etikrinti tinkam\u0105 pH pusiausvyr\u0105 burnoje, nes jei pH yra per daug r\u016bg\u0161tinis, vyksta dant\u0173 demineralizacija, o jei per daug \u0161arminis &#8211; pradeda formuotis akmenys.<\/span><\/div>\n<div style=\"clear: both;\"><\/div>\n<div class=\"why_headline jtextfill\"><span>Natrio sacharinas<\/span><\/div>\n<div class=\"why_details jtextfill\"><span>Siekdami subalansuoti dant\u0173 pastos skon\u012f, kur\u012f jai suteikia didel\u0117 nano-hidroksilapatito koncentracija, \u012f dant\u0173 pastos sud\u0117t\u012f \u012ftrauk\u0117me nedidel\u012f kiek\u012f \u0161io saldiklio, nes vien ksilitolio tam nepakanka. Jau daugiau kaip 130 met\u0173 sacharinas yra saugiai naudojamas kaip kalorij\u0173 neturintis stiprus saldiklis, kuris, prie\u0161ingai nei cukrus, nesuteikia maistini\u0173 med\u017eiag\u0173 burnos ertm\u0117je esan\u010dioms kenksmingoms bakterijoms.<\/span><\/div>\n<div style=\"clear: both;\"><\/div>\n<div class=\"why_headline jtextfill\"><span>Aromatin\u0117s med\u017eiagos<\/span><\/div>\n<div class=\"why_details jtextfill\"><span>Mes naudojame patentuot\u0105 gryn\u0173 augalini\u0173 ekstrakt\u0173 mi\u0161in\u012f siekdami dant\u0173 pastai suteikti \u0161veln\u0173, bet gaiv\u0173 m\u0117tin\u012f skon\u012f, kuris nepaveikt\u0173 skonio poj\u016b\u010dio.<\/span><\/div>\n<div style=\"clear: both;\"><\/div>\n<\/div>\n","protected":false},"excerpt":{"rendered":"<p>Nano-hidroksilapatitas M\u016bs\u0173 pastos pagrindin\u0117 sudedamoji dalis yra nano-hidroksilapatitas \u2013 smulkiausia dant\u0173 statybin\u0117s med\u017eiagos dalel\u0117. Kai \u0161ios med\u017eiagos yra dant\u0173 pastos sud\u0117tyje, ji gali atkurti dant\u0173 emal\u012f, kad jis v\u0117l tapt\u0173 stiprus, glotnus ir \u0161vytintis. Kadangi \u0161i med\u017eiaga yra labai brangi, jos dedama tik \u012f nedaugelio auk\u0161tos kokyb\u0117s dant\u0173 past\u0173 sud\u0117t\u012f. Vis d\u0117lto, m\u016bs\u0173 dant\u0173 pasta [&hellip;]<\/p>\n","protected":false},"author":3,"featured_media":0,"parent":7601,"menu_order":31,"comment_status":"closed","ping_status":"open","template":"","meta":{"footnotes":""},"class_list":["post-7610","page","type-page","status-publish","hentry"],"_links":{"self":[{"href":"https:\/\/megasonex.com\/lt\/wp-json\/wp\/v2\/pages\/7610","targetHints":{"allow":["GET"]}}],"collection":[{"href":"https:\/\/megasonex.com\/lt\/wp-json\/wp\/v2\/pages"}],"about":[{"href":"https:\/\/megasonex.com\/lt\/wp-json\/wp\/v2\/types\/page"}],"author":[{"embeddable":true,"href":"https:\/\/megasonex.com\/lt\/wp-json\/wp\/v2\/users\/3"}],"replies":[{"embeddable":true,"href":"https:\/\/megasonex.com\/lt\/wp-json\/wp\/v2\/comments?post=7610"}],"version-history":[{"count":3,"href":"https:\/\/megasonex.com\/lt\/wp-json\/wp\/v2\/pages\/7610\/revisions"}],"predecessor-version":[{"id":7675,"href":"https:\/\/megasonex.com\/lt\/wp-json\/wp\/v2\/pages\/7610\/revisions\/7675"}],"up":[{"embeddable":true,"href":"https:\/\/megasonex.com\/lt\/wp-json\/wp\/v2\/pages\/7601"}],"wp:attachment":[{"href":"https:\/\/megasonex.com\/lt\/wp-json\/wp\/v2\/media?parent=7610"}],"curies":[{"name":"wp","href":"https:\/\/api.w.org\/{rel}","templated":true}]}}