{"id":7603,"date":"2013-02-26T23:25:26","date_gmt":"2013-02-27T07:25:26","guid":{"rendered":"http:\/\/megasonex.com\/toothpaste\/science\/"},"modified":"2019-06-08T12:50:37","modified_gmt":"2019-06-08T19:50:37","slug":"science","status":"publish","type":"page","link":"https:\/\/megasonex.com\/lt\/toothpaste\/science\/","title":{"rendered":"Nano-hidroskilapatito mokslas"},"content":{"rendered":"<div style=\"width: 244px\" class=\"wp-caption alignright\"><img loading=\"lazy\" decoding=\"async\" title=\"Hydroxyapatite_Tooth\" alt=\"Hydroxyapatite\" src=\"\/wp-content\/uploads\/Hydroxyapatite_Tooth.jpg\" width=\"234\" height=\"225\" \/><p class=\"wp-caption-text\">Kristalin\u0117 hidroksilapatito strukt\u016bra emalyje<\/p><\/div>\n<h3>Nano-hidroskilapatito mokslas<\/h3>\n<p>\u012esivaizduokite, kad j\u016bs\u0173 dant\u0173 emalis yra atkuriamas kaskart tiesiog valant dantis. \u012esivaizduokite, kad galite u\u017ekirsti keli\u0105 ankstyvos stadijos \u0117duoniui* plisti ir atkurti pa\u017eeist\u0105 dant\u0173 emal\u012f tiesiog savo dant\u0173 \u0161epet\u0117lio pagalba. Sakysite, skamba kaip mokslin\u0117 fantastika? Dabar tai mokslin\u0117 realyb\u0117!<\/p>\n<p>&nbsp;<\/p>\n<p>Dant\u0173 emalis did\u017ei\u0105ja dalimi sudarytas i\u0161 tvirto kristalo, vadinamo hidroksilapatitu. Kai apna\u0161ose esan\u010dios bakterijos suvalgo \u012fvairius cukrus, jos i\u0161skiria pieno r\u016bg\u0161t\u012f, kuri demineralizuoja arba pa\u017eeid\u017eia \u0161iuos kristalus. D\u0117l to dant\u0173 emalis silpn\u0117ja ar netgi yra pa\u017eeid\u017eiamas, ir jame pradeda formuotis kariesas arba taip vadinamos dant\u0173 skylut\u0117s.<\/p>\n<p>&nbsp;<\/p>\n<p>Laimei, j\u016bs\u0173 seil\u0117se yra \u0161io smulkaus \u2013 vos keleto nanometr\u0173 (milimetro milijonin\u0117s dalies) skersmens &#8211; kristalo, kuris padeda remineralizuoti ir atkurti dant\u0173 emal\u012f. Vis d\u0117lto, jei j\u016bs\u0173 seil\u0117se yra nepakankamai hidroksilapatito, arba jei apna\u0161uose esantis r\u016bg\u0161ties kiekis \u012fveikia nat\u016bral\u0173 apsaugos mechanizm\u0105, dant\u0173 emalis yra pama\u017eu tirpinamas ir atsiranda skylut\u0117s.<\/p>\n<p>&nbsp;<\/p>\n<div id=\"attachment_652\" style=\"width: 257px\" class=\"wp-caption alignleft\"><img loading=\"lazy\" decoding=\"async\" aria-describedby=\"caption-attachment-652\" class=\"size-full wp-image-652    \" title=\"Placeholder\" alt=\"Placeholder\" src=\"\/wp-content\/uploads\/Hydroxyapatite_Nanoparticles.png\" width=\"247\" height=\"247\" \/><p id=\"caption-attachment-652\" class=\"wp-caption-text\">20-50nm hidroksilapatito nano dalel\u0117s<\/p><\/div>\n<p>Siekiant sustiprinti dant\u0173 emal\u012f ir u\u017ekirsti keli\u0105 dant\u0173 \u0117duonies atsiradimui, \u012f dant\u0173 pastos sud\u0117t\u012f paprastai buvo dedama fluoro. Nors fluoras yra naudinga med\u017eiaga, kurios daugelis i\u0161 m\u016bs\u0173 kasdien gauname kartu su maistu ir geriamu vandeniu, per didelis \u0161ios med\u017eiagos kiekis gali b\u016bti labiau kenksmingas nei naudingas, nes gali sukelti toki\u0105 nepageidaujam\u0105 sveikatos b\u016bkl\u0119 kaip l\u0117tin\u0117 fluoroz\u0117 ar apsinuodijimas.<\/p>\n<p>&nbsp;<\/p>\n<p>Pagaliau atsirado naujas ingredientas\u2026 nano-hidroksilapatitas. Skirtingai nei fluoras, nano-hidroksilapatitas ne tik stiprina emal\u012f \u2013 ties\u0105 sakant, \u0161i med\u017eiaga j\u012f atkuria. Nano-hidroksilapatitas yra nanokristalin\u0117 hidroksilapatito \u2013 pagrindin\u0117s dant\u0173 emalio statybin\u0117s med\u017eiagos \u2013 forma. \u0160ios med\u017eiagos nano-kristalin\u0117s formos tinkamo dyd\u017eio dalel\u0117s yra pakankamai ma\u017eos, kad gal\u0117t\u0173 prilipti ir u\u017ekim\u0161ti emalyje esan\u010dias skylutes bei \u012ftr\u016bkimus ir juos remineralizuoti.<\/p>\n<p>&nbsp;<\/p>\n<p>Taigi, nors j\u016bs\u0173 seil\u0117se yra nano-hidroksilapatito, kuris apsaugo dantis nuo gedimo kaskart po r\u016bg\u0161\u010di\u0173 maisto produkt\u0173 valgymo, MEGASONEX\u00ae dant\u0173 pasta papildo ir suaktyvina \u0161\u012f nat\u016bral\u0173 atnaujinimo proces\u0105 papildomomis tinkamo, t.y., 20-50nm, dyd\u017eio nano-hidroksilapatito dalel\u0117mis. Be to, kadangi MEGASONEX\u00ae pasitiki nano-hidroksilapatitu \u2013 biologine med\u017eiaga, kuri yra visi\u0161kai saugi naudoti \u2013 nebelieka pavojaus, kad j\u016bs ar j\u016bs\u0173 vaikai suvartos per daug fluoro.<\/p>\n<p>&nbsp;<\/p>\n<p><span style=\"font-size: 65%; display: inline-block;\">* Nano-hidroksilapatitas gali pad\u0117ti sustabdyti \u0117duonies formavim\u0105si ir atstatyti dant\u0173 emal\u012f tik pradiniame \u0117duonies formavimosi etape, esant taip vadinamoms baltoms d\u0117mel\u0117ms. Jei \u0117duonies formavimosi procesas pa\u017eeng\u0119s toliau, reikalinga specialisto pagalba. Mes visiems  rekomenduojame apsilankyti pas odontolog\u0105 ne re\u010diau kaip du kartus per metus.<\/span><\/p>\n","protected":false},"excerpt":{"rendered":"<p>Nano-hidroskilapatito mokslas \u012esivaizduokite, kad j\u016bs\u0173 dant\u0173 emalis yra atkuriamas kaskart tiesiog valant dantis. \u012esivaizduokite, kad galite u\u017ekirsti keli\u0105 ankstyvos stadijos \u0117duoniui* plisti ir atkurti pa\u017eeist\u0105 dant\u0173 emal\u012f tiesiog savo dant\u0173 \u0161epet\u0117lio pagalba. Sakysite, skamba kaip mokslin\u0117 fantastika? Dabar tai mokslin\u0117 realyb\u0117! &nbsp; Dant\u0173 emalis did\u017ei\u0105ja dalimi sudarytas i\u0161 tvirto kristalo, vadinamo hidroksilapatitu. Kai apna\u0161ose esan\u010dios [&hellip;]<\/p>\n","protected":false},"author":3,"featured_media":0,"parent":7601,"menu_order":29,"comment_status":"closed","ping_status":"open","template":"","meta":{"footnotes":""},"class_list":["post-7603","page","type-page","status-publish","hentry"],"_links":{"self":[{"href":"https:\/\/megasonex.com\/lt\/wp-json\/wp\/v2\/pages\/7603","targetHints":{"allow":["GET"]}}],"collection":[{"href":"https:\/\/megasonex.com\/lt\/wp-json\/wp\/v2\/pages"}],"about":[{"href":"https:\/\/megasonex.com\/lt\/wp-json\/wp\/v2\/types\/page"}],"author":[{"embeddable":true,"href":"https:\/\/megasonex.com\/lt\/wp-json\/wp\/v2\/users\/3"}],"replies":[{"embeddable":true,"href":"https:\/\/megasonex.com\/lt\/wp-json\/wp\/v2\/comments?post=7603"}],"version-history":[{"count":4,"href":"https:\/\/megasonex.com\/lt\/wp-json\/wp\/v2\/pages\/7603\/revisions"}],"predecessor-version":[{"id":7673,"href":"https:\/\/megasonex.com\/lt\/wp-json\/wp\/v2\/pages\/7603\/revisions\/7673"}],"up":[{"embeddable":true,"href":"https:\/\/megasonex.com\/lt\/wp-json\/wp\/v2\/pages\/7601"}],"wp:attachment":[{"href":"https:\/\/megasonex.com\/lt\/wp-json\/wp\/v2\/media?parent=7603"}],"curies":[{"name":"wp","href":"https:\/\/api.w.org\/{rel}","templated":true}]}}