{"id":1731,"date":"2013-05-01T15:21:07","date_gmt":"2013-05-01T22:21:07","guid":{"rendered":"http:\/\/megasonex.com\/?page_id=1731"},"modified":"2013-05-02T12:25:48","modified_gmt":"2013-05-02T19:25:48","slug":"science","status":"publish","type":"page","link":"https:\/\/megasonex.com\/it\/toothpaste\/science\/","title":{"rendered":"Scienza"},"content":{"rendered":"<div style=\"width: 244px\" class=\"wp-caption alignright\"><img loading=\"lazy\" decoding=\"async\" title=\"Hydroxyapatite_Tooth\" alt=\"Hydroxyapatite\" src=\"\/wp-content\/uploads\/Hydroxyapatite_Tooth.jpg\" width=\"234\" height=\"225\" \/><p class=\"wp-caption-text\">Struttura cristallina di idrossiapatite in smalto<\/p><\/div>\n<h3>La scienza della nano-idrossiapatite<\/h3>\n<p>Immagini di rinnovare il vostro smalto dei denti ogni volta che si spazzola. Immagina di avere il potere di invertire la carie in stadio precoce* sulla punta del vostro spazzolino. Sembra fantascienza? E &#8216;infatti la scienza!<\/p>\n<p>&nbsp;<\/p>\n<p>La maggior parte dello smalto dei denti \u00e8 costituito da un cristallo duro chiamato idrossiapatite. Quando i batteri della placca mangiano zuccheri, emanano l&#8217;acido lattico, che demineralizza o rompe questi cristalli, rendendo lo smalto pi\u00f9 debole o addirittura completamente scomponendola, che provoca la carie, o cavit\u00e0.<\/p>\n<p>&nbsp;<\/p>\n<p>Per fortuna, la saliva riesce di solito a rifornire o rimineralizzante vostro smalto con questo piccolo cristallo, a pochi nanometri (milionesimi di millimetro) di diametro, che ripristina il vostro smalto di buona salute. Tuttavia, se non c&#8217;\u00e8 abbastanza idrossiapatite nella vostra saliva, o se l&#8217;acido della placca travolge il vostro meccanismo di difesa naturale, il vostro smalto \u00e8 lentamente dissolto, che porta alla carie.<\/p>\n<p>&nbsp;<\/p>\n<div id=\"attachment_652\" style=\"width: 257px\" class=\"wp-caption alignleft\"><img loading=\"lazy\" decoding=\"async\" aria-describedby=\"caption-attachment-652\" class=\"size-full wp-image-652    \" title=\"Placeholder\" alt=\"Placeholder\" src=\"\/wp-content\/uploads\/Hydroxyapatite_Nanoparticles.png\" width=\"247\" height=\"247\" \/><p id=\"caption-attachment-652\" class=\"wp-caption-text\">Nanoparticelle di idrossiapatite 20-50nm<\/p><\/div>\n<p>Tradizionalmente, gli dentifrici usato fluoruro per contribuire a rafforzare lo smalto dei denti e ridurre la probabilit\u00e0 di sviluppare carie. Mentre il fluoruro \u00e8 un ingrediente utile che molti di noi sono gi\u00e0 esposti nel alimenti e l&#8217;acqua che mangiamo e beviamo tutti i giorni, troppo fluoro pu\u00f2 causare pi\u00f9 male che bene, comprese le condizioni croniche come fluorosi o addirittura avvelenamento.<\/p>\n<p>&nbsp;<\/p>\n<p>Ora, c&#8217;\u00e8 un nuovo ingrediente\u2026 nano-idrossiapatite. A differenza di fluoruro, nano-idrossiapatite non solo aiuta a rafforzare lo smalto dei denti\u2026 in realt\u00e0 la ricostruisce. Nano-idrossiapatite \u00e8 una forma di nanocristalli di idrossiapatite, il componente principale dello smalto dei denti. Quando in forma nanocristallino, della dimensione giusta, \u00e8 abbastanza piccolo per essere capace di conficcarsi nei solchi e nelle fessure del vostro smalto, il legame con lui per aiutarlo a rimineralizzare.<\/p>\n<p>&nbsp;<\/p>\n<p>Anche se la saliva ha nano-idrossiapatite galleggianti intorno a esso, ed \u00e8 per questo che i denti non continuano marcire sempre di pi\u00f9 ogni volta che si mangia cibi acidi, il dentifricio MEGASONEX\u00ae fornisce particelle di nano-idrossiapatite supplementari, delle dimensioni ottimali (20-50nm), appropriate per sovralimentare questo processo di riparazione naturale. Inoltre, poich\u00e9 il dentifricio MEGASONEX\u00ae si basa su nano-idrossiapatite, un ingrediente bio-identico che \u00e8 perfettamente sicuro da consumare, non c&#8217;\u00e8 assolutamente nessun pericolo di sovradosaggio di fluoro, anche per i bambini.<\/p>\n<p>&nbsp;<\/p>\n<p><span style=\"font-size: 65%; display: inline-block;\">* Nano-idrossiapatite pu\u00f2 contribuire a invertire fase precoce della carie, chiamato carie macchia bianca, ma non pu\u00f2 fare una volta che il decadimento ha progredito oltre questa fase. Come sempre, suggeriamo che tutti visitare il loro dentista almeno due volte l&#8217;anno.<\/span><\/p>\n","protected":false},"excerpt":{"rendered":"<p>La scienza della nano-idrossiapatite Immagini di rinnovare il vostro smalto dei denti ogni volta che si spazzola. Immagina di avere il potere di invertire la carie in stadio precoce* sulla punta del vostro spazzolino. Sembra fantascienza? E &#8216;infatti la scienza! &nbsp; La maggior parte dello smalto dei denti \u00e8 costituito da un cristallo duro chiamato [&hellip;]<\/p>\n","protected":false},"author":3,"featured_media":0,"parent":1714,"menu_order":29,"comment_status":"closed","ping_status":"open","template":"","meta":{"footnotes":""},"class_list":["post-1731","page","type-page","status-publish","hentry"],"_links":{"self":[{"href":"https:\/\/megasonex.com\/it\/wp-json\/wp\/v2\/pages\/1731","targetHints":{"allow":["GET"]}}],"collection":[{"href":"https:\/\/megasonex.com\/it\/wp-json\/wp\/v2\/pages"}],"about":[{"href":"https:\/\/megasonex.com\/it\/wp-json\/wp\/v2\/types\/page"}],"author":[{"embeddable":true,"href":"https:\/\/megasonex.com\/it\/wp-json\/wp\/v2\/users\/3"}],"replies":[{"embeddable":true,"href":"https:\/\/megasonex.com\/it\/wp-json\/wp\/v2\/comments?post=1731"}],"version-history":[{"count":0,"href":"https:\/\/megasonex.com\/it\/wp-json\/wp\/v2\/pages\/1731\/revisions"}],"up":[{"embeddable":true,"href":"https:\/\/megasonex.com\/it\/wp-json\/wp\/v2\/pages\/1714"}],"wp:attachment":[{"href":"https:\/\/megasonex.com\/it\/wp-json\/wp\/v2\/media?parent=1731"}],"curies":[{"name":"wp","href":"https:\/\/api.w.org\/{rel}","templated":true}]}}