{"id":6065,"date":"2014-10-26T11:25:56","date_gmt":"2014-10-26T18:25:56","guid":{"rendered":"http:\/\/megasonex.com\/?page_id=6065"},"modified":"2026-01-26T18:11:26","modified_gmt":"2026-01-27T02:11:26","slug":"terms","status":"publish","type":"page","link":"https:\/\/megasonex.com\/hr\/terms\/","title":{"rendered":"Uvjeti"},"content":{"rendered":"<p>1. Prihva\u0107anje uvjeta kori\u0161tenja<\/p>\n<p>2. Promjena uvjeta<\/p>\n<p>3. Pravila privatnosti<\/p>\n<p>4. Odricanje od odgovornosti<\/p>\n<p>5. Registracija<\/p>\n<p>6. Suradnici<\/p>\n<p>7. Ograni\u010denja odgovornosti<\/p>\n<p>8. Sadr\u017eaj tre\u0107ih osoba \/ Software<\/p>\n<p>9. Autorska prava i za\u0161titni znakovi<\/p>\n<p>10. Vlasni\u010dka prava na na\u0161oj web stranici<\/p>\n<p>11. Tvrdnje o kr\u0161enju autorskih prava u Sjedinjenim Ameri\u010dkim dr\u017eavama<\/p>\n<p>12. Naknada \u0161tete i propusti<\/p>\n<p>13. Ga\u0161enje stranice<\/p>\n<p>14. Goldspire proizvodi<\/p>\n<p>15. Rje\u0161avanje sporova<\/p>\n<p>16. Neovisnost<\/p>\n<p>17. Izostavljanje<\/p>\n<p>18. Naslovi<br \/>\n<strong><br \/>\nUvjeti kori\u0161tenja<\/strong><\/p>\n<p>&nbsp;<\/p>\n<p>Ova web stranice ( &#8220;Web stranica&#8221;) dostupna je putem tvrtke Goldspire Group Limited, <strong>Goldspire Group, Limited,<\/strong> The Center 31\/F, 99 Queens Road Central, Hong Kong, Kina (&#8220;Goldspire&#8221;).<\/p>\n<p>&nbsp;<\/p>\n<p>Uvjetima kori\u0161tenja regulira se va\u0161 pristup i kori\u0161tenje ove stranice. Tako\u0111er, posebni uvjeti mogu se odnositi na odre\u0111ene sadr\u017eaje, podatke, materijale ili informacije sadr\u017eane na ili u vezi s ovim web stranicama (&#8220;Sadr\u017eaj&#8221;) i na specifi\u010dan sadr\u017eaj, podatke, materijale ili informacije, koje mo\u017eete prenijeti, poslati i \/ ili objaviti na web stranici (&#8220;Korisni\u010dki sadr\u017eaj&#8221;) ili na transakcije sklopljene na ovim stranicama. Takvi posebni uvjeti mogu biti dopuna uvjeta kori\u0161tenja ili kada je to izri\u010dito navedeno mogu zamijeniti ove uvjete kori\u0161tenja.<\/p>\n<p>&nbsp;<\/p>\n<p><strong><a name=\"1\"><\/a>1. Prihva\u0107anje uvjeta kori\u0161tenja<\/strong><\/p>\n<p>&nbsp;<\/p>\n<p>Pristupom i kori\u0161tenjem ovih web stranica sla\u017eete se da ste zakonski obvezani Uvjetima kori\u0161tenja i svim dodatnim uvjetima navedenim na ovim web stranicama. Ako se ne sla\u017eete sa svim uvjetima i odredbama, ne biste trebali pristupiti ili koristiti ove stranice.<\/p>\n<p>&nbsp;<\/p>\n<p><strong><a name=\"2\"><\/a>2. Promjena uvjeta<\/strong><\/p>\n<p>&nbsp;<\/p>\n<p>Goldspire Dru\u0161tvo mo\u017ee u svakom trenutku promijeniti uvjete kori\u0161tenja. Takve izmjene i dopune stupaju na snagu nakon njihove objave. Ako nastavite s pristupanjem i kori\u0161tenjem ove web stranice nakon njihova objavljivanja, automatski se smatra da prihva\u0107ate ove nove promjene. Poti\u010demo Vas na redovito pregledavanje svih odgovaraju\u0107ih uvjeta. Ostale Goldspire web stranice mogu imati vlastite uvjete kori\u0161tenja koji se primjenjuju na tim web stranicama.<\/p>\n<p>&nbsp;<\/p>\n<p>Goldspire Dru\u0161tvo zadr\u017eava pravo ukidanja, izmjene ili nadopune web stranica ili sadr\u017eaja u bilo koje vrijeme, bez prethodne najave. Goldspire Dru\u0161tvo zadr\u017eava pravo ograni\u010diti, odbiti ili prekinuti pristup bilo kojoj osobi na web stranici ili nekom njezinom dijelu, bez prethodne najave u bilo kojem trenutku i iz bilo kojeg razloga prema vlastitom naho\u0111enju.<\/p>\n<p>&nbsp;<\/p>\n<p><strong><a name=\"3\"><\/a>3. Pravila privatnosti<\/strong><\/p>\n<p>&nbsp;<\/p>\n<p>Osobni podaci prikupljeni ili dobiveni putem ove web stranice mogu se koristiti samo u skladu s pravilima o privatnosti i uvjetima kori\u0161tenja Goldspire tvrtke, kao \u0161to je objavljeno na ovim stranicama.<\/p>\n<p>&nbsp;<\/p>\n<p><strong><a name=\"4\"><\/a>4. Odricanje od odgovornosti<\/strong><\/p>\n<p>&nbsp;<\/p>\n<p>SVE INFORMACIJE (UKLJU\u010cUJU\u0106I, BEZ OGRANI\u010cENJA, TEKSTOVE, SLIKE, GRAFIKE, VEZE I DRUGE MATERIJALE) KOJI SE NALAZE NA WEB STRANICI  &#8220;KAKVE JESU&#8221; I &#8220;KAKO SU DOSTUPNE&#8221;. GOLDSPIRE DRU\u0160TVO I OVISNA DRU\u0160TVA, PODRU\u017dNICE, PARTNERI, NOSITELJI LICENCE I DOBAVLJA\u010cI OVIME SE IZRI\u010cITO ODRI\u010cU U ZAKONSKOJ MJERI  JAMSTVA BILO KOJE VRSTE, IZRAVNIH ILI POSREDNIH, UKLJU\u010cUJU\u0106I JAMSTVA PRODAJE, PRIKLADNOSTI ZA ODRE\u0110ENU NAMJENU, BESPOVREDNOSTI ILI OPERACIJA NA OVOJ WEB STRANICI, SADR\u017dAJA ILI KORISNI\u010cKOG SADR\u017dAJA. Ni Goldspire niti ovisna dru\u0161tva, podru\u017enice, partneri, nositelji licenci i dobavlja\u010di ne jam\u010de ili ne ukazuju na to da (i) da \u0107e stranice zadovoljiti Va\u0161e zahtjeve, (ii) da \u0107e web stranice \u0107e biti bez prekida, sigurne ili bez gre\u0161aka, ili (iii) da \u0107e rezultati koji mogu biti dobiveni kori\u0161tenjem ove web stranice (uklju\u010duju\u0107i i sve informacije i materijale na ovoj web stranici) biti to\u010dni, potpuni, istiniti, pouzdani ili na drugi na\u010din zadovoljiti va\u0161e zahtjeve.<\/p>\n<p>&nbsp;<\/p>\n<p>Ovo je javna web stranica. Vi ne biste trebali o\u010dekivati povjerljivost koja se odnosi na korisni\u010dki sadr\u017eaj koji \u0161aljete putem ovih stranica.\u00a0<strong>Ne \u0161aljite povjerljive informacije<\/strong>.<\/p>\n<p>&nbsp;<\/p>\n<p>Goldspire Dru\u0161tvo i ovisna dru\u0161tva, podru\u017enice, partneri, nositelji licence i dobavlja\u010di ne snose nikakvu odgovornost za prekide i smetnje internetske mre\u017ee ili hosting usluge i ne jam\u010de da \u0107e web stranica i usluge koje \u010dine ovu web stranicu dostupnom ili elektroni\u010dka komunikacija poslana od strane Goldspire-a biti bez virusa ili drugih \u0161tetnih elemenata.<\/p>\n<p>&nbsp;<\/p>\n<p>Svi materijali preuzeti ili na drugi na\u010din dobiveni kori\u0161tenjem ove web stranice podlije\u017eu vlastitoj odgovornosti i riziku. Vi ste sami odgovorni za bilo kakvu \u0161tetu na va\u0161em ra\u010dunalnom sustavu ili gubitak podataka koji mogu nastati zbog preuzimanja bilo kakvih materijala.<\/p>\n<p>&nbsp;<\/p>\n<p><strong><a name=\"5\"><\/a>5. Registracija<\/strong><\/p>\n<p>&nbsp;<\/p>\n<p>Za pristup odre\u0111enim podru\u010djima stranice i za kori\u0161tenje odre\u0111enih funkcija ili zna\u010dajki na ovoj web stranici, mo\u017eda \u0107ete se morati registrirati kao registrirani korisnik. Ova registracija je besplatna.<\/p>\n<p>&nbsp;<\/p>\n<p>Nakon registracije, morate definirati svoje korisni\u010dko ime i lozinku i unijeti jedinstvenu, sada\u0161nju, provjerljivu i valjanu adresu e-po\u0161te. Kopije korisni\u010dkih imena i e-mail adrese nisu dopu\u0161tene, pa ako su ime ili adresu koju unesete ve\u0107 u uporabi, morat \u0107ete odabrati neki drugi naziv. Mi \u0107emo vam poslati e-po\u0161tu potvrde s informacijama o registraciji. U slu\u010daju da isporuka tih informacija iz bilo kojeg razloga bude neuspje\u0161na, va\u0161 pristup ili kori\u0161tenje prostora, funkcija ili zna\u010dajki koje zahtijevaju takvu registracija mogu biti odbijeni ili suspendirani. Va\u0161e podatke za registraciju odmah a\u017eurirajte kako bi bili to\u010dni i akutalni. Vi ste odgovorni za odr\u017eavanje povjerljivosti svoje lozinke. Mi zadr\u017eavamo pravo mijenjanja va\u0161eg korisni\u010dkog imena, brisanja podne\u0161enog sadr\u017eaja na web stranici ,odbijanju ili ukidanju registracije, ako izaberete ime koje je nepristojno, uvredljivo ili neprikladno. Tako\u0111er ste sami odgovorni za ograni\u010davanje pristupa va\u0161em ra\u010dunalu. Sla\u017eete se da \u0107ete prihvatiti odgovornost za sve aktivnosti koje se odvijaju unutar va\u0161eg ra\u010duna, korisni\u010dkog imena i \/ ili lozinke koje su rezultat va\u0161eg pona\u0161anja, neaktivnosti ili nepa\u017enje. Ako primijetite sumnjivo ili neovla\u0161teno pona\u0161anje unutar va\u0161eg ra\u010duna, korisni\u010dkog imena i \/ ili lozinke, odmah \u0107ete nas kontaktirati putem kontakt obrasca na ovoj web stranici. Prema vlastitom naho\u0111enju, mo\u017eemo, iz bilo kojeg razloga, zape\u010datiti registraciju bilo koje e-mail adrese ili ISP-a.<\/p>\n<p>&nbsp;<\/p>\n<p><strong><a name=\"6\"><\/a>6. Suradnici<\/strong><\/p>\n<p>&nbsp;<\/p>\n<p>Slanjem bilo kojeg korisni\u010dkog sadr\u017eaja na web stranicu sla\u017eete da je sadr\u017eaj prikladan, konstruktivan i primjeren te da ne\u0107e sadr\u017eavati bilo koju stavku koja je u suprotnosti sa zakonom ili na neki drugi na\u010din neprikladna za objavljivanje, uklju\u010duju\u0107i, ali ne ograni\u010davaju\u0107i se na stavke (1) klevetni\u010dki ili \u0161tetan za druge osobe ili tvrtke, (2) mo\u017ee uzrokovati \u0161tetu osoba ili imovine ili na drugi na\u010din klevetati ili uznemiriti osobu ili organizaciju, (3) mo\u017ee kr\u0161iti zakonska prava osoba (uklju\u010duju\u0107i prava na privatnost ili javnost) (4) pornografskog sadr\u017eaja, bestidne, vulgarne, nepristojne ili prijete\u0107e, (5) kulturno, etni\u010dki ili na drugi na\u010din neprimjerene, ili (6) sugeriraju ili poti\u010du bilo kakvo nezakonito pona\u0161anje.<\/p>\n<p>&nbsp;<\/p>\n<p>Vi \u0107ete koristiti razumne napore kako bi skenirati i ukloniti sve viruse ili zara\u017eeni ili destruktivni zna\u010dajke prije podno\u0161enja bilo kojeg materijala. Tako\u0111er ne smije se prenositi lan\u010dana pisma, piramidne sheme kao i namamljivanja ankete putem web stranice. Isto tako ne\u0107ete krivotvoriti ili manipulirati podacima kako bi se prikrilo podrijetlo sadr\u017eaja i \/ ili korisni\u010dkih sadr\u017eaja prene\u0161enih putem na\u0161e web stranice ili manipulirati va\u0161om prisutno\u0161\u0107u na web stranici. Vi ne\u0107ete ometati na\u0161e stranice, poslu\u017eitelja ili mre\u017eu i nametati nerazumno ili nerazmjerno velik teret na na\u0161u infrastrukturu.<\/p>\n<p>&nbsp;<\/p>\n<p>Vi potvr\u0111ujete i jam\u010dite da informacije objavljene na web stranici ne kr\u0161e vlasni\u010dka prava drugih osoba, kao \u0161to su, ali ne ograni\u010davaju\u0107i se na, autorska prava, \u017eigove, patente ili obveze povjerljivost.<\/p>\n<p>&nbsp;<\/p>\n<p>Vi prihva\u0107ate da bilo koja od va\u0161ih ideja, stavova i rasprava  ili bilo kojeg drugog korisnika sadr\u017eaja koje ste unijeli na web stranicu podlije\u017ee za\u0161titi prava intelektualnog vlasni\u0161tva, a mo\u017ee se koristiti bez naknade ili pripisivanja.<\/p>\n<p>&nbsp;<\/p>\n<p>Ovime dajete Goldspire Dru\u0161tvu i ovisnim dru\u0161tvima, podru\u017enicama i partnerima diljem svijeta neopozivu, beznaknadnu, neekskluzivnu, podlicencnu i prenosivu licencu za kori\u0161tenje, reproduciranje, pripremu izvedenih radova, distribuciju, javno izvo\u0111enje, javno prikazivanje, preno\u0161enje i objavljivanje korisni\u010dkog sadr\u017eaja koji ste pru\u017eili na ovim internetskim stranicama ili bilo kojim drugim Goldspire web stranicama, Goldspire marketin\u0161kim materijalima ili materijalima za odnose s javno\u0161\u0107u u svim medijima.<\/p>\n<p>&nbsp;<\/p>\n<p>Vi ste odgovorni za svoj korisni\u010dki sadr\u017eaj i posljedice njegova podno\u0161enja i\/ ili objavljivanja. Tvrtka Goldspire mo\u017ee, ali nije obavezna, pregledati i nadzirati sadr\u017eaj koji korisnici stvaraju prije i \/ ili nakon podno\u0161enja korisni\u010dkog sadr\u017eaja. Suglasni ste da mi ne mo\u017eemo nadzirati i pregledavati cjelokupni korisni\u010dki sadr\u017eaj. Bez ograni\u010denja, Goldspire i ovisna dru\u0161tva, podru\u017enice, partneri, nositelji licence i dobavlja\u010di ne\u0107e i ne mogu biti odgovoran za to\u010dnost, potpunost, valjanost ili kvalitetu korisni\u010dkih sadr\u017eaja postavljenih od strane tre\u0107ih osoba.<\/p>\n<p>&nbsp;<\/p>\n<p>Goldspire ne prihva\u0107a bilo kakav korisni\u010dki sadr\u017eaj, mi\u0161ljenja, preporuke ili savjete objavljene na webu i izri\u010dito odbacuje bilo kakvu odgovornost u vezi s objavljenim korisni\u010dkim sadr\u017eajem.<\/p>\n<p>&nbsp;<\/p>\n<p>Goldspire tvrtka ima isklju\u010divo pravo i sposobnost za izmjenu i \/ ili uklanjanje bilo kakvih poruka ili drugog korisni\u010dkog sadr\u017eaja koji je neprimjeren, nepravilan ili na drugi na\u010din kr\u0161i uvjete kori\u0161tenja, bez ikakvog razloga, u bilo koje vrijeme, bez prethodne najave ili pristanka, prema vlastitom naho\u0111enju. Svatko tko smatra da je korisnik podnio neprikladan sadr\u017eaj se poti\u010de da kontaktira Goldspire tvrtku putem formulara za kontakt na ovoj web stranici \u0161to je prije mogu\u0107e. Nakon primitka takve obavijesti, mi \u0107emo u\u010diniti poduzeti razumne napore kako bi poduzeli mjere koje smatramo potrebnim u odgovaraju\u0107em vremenskom razdoblju. Budu\u0107i da je to ru\u010dni proces, sadr\u017eaj ne\u0107e biti odmah uklonjen ili izmijenjen.<\/p>\n<p>&nbsp;<\/p>\n<p><strong><a name=\"7\"><\/a>7. Ograni\u010denje odgovornosti<\/strong><\/p>\n<p>&nbsp;<\/p>\n<p>NI U KOJEM SLU\u010cAJU GOLDSPIRE TVRTKA ILI NJEZINE PODRU\u017dNICE, PARTNERI, NOSITELJI LICENCE ILI DOBAVLJA\u010cI NE\u0106E BITI ODGOVORNI ZA IZRAVAN, NEIZRAVNE, POSLJEDI\u010cNE, KAZNENE, POSEBNE, SLU\u010cAJNE ILI DRUGE \u0160TETE NASTALE PRISTUPANJEM, UPORABOM ILI NEMOGU\u0106NO\u0160\u0106U PRISTUPA OVE WEB STRANICE ILI KORISNI\u010cKOG SADR\u017dAJA, \u010cAK I AKO JE GOLDSPIRE TVRTKA OBAVIJE\u0160TENA O POSTOJANJU TAKVE \u0160TETE OSIM U SLU\u010cAJU KADA SU TAKVA O\u0160TE\u0106ENJA NASTALA ISKLJU\u010cIVO I IZRAVNO NAMJERNIM IZAZIVANJEM ILI GRUBOM NEPA\u017dNJOM GOLDSPIRE-A.<\/p>\n<p>&nbsp;<\/p>\n<p>Ako \u017eivite u zemlji koja ne dopu\u0161ta bilo koji od gore navedenih isklju\u010denja ili ograni\u010denja odgovornosti ili bilo koje odricanje od jamstava iz to\u010dke 4., ove iznimke ili ograni\u010denja ne\u0107e se primjenjivati na vas, ograni\u010deno na samo ona isklju\u010denja i ograni\u010denja koja nisu dopu\u0161tena u va\u0161oj zemlji. U takvim slu\u010dajevima, te iznimke ili ograni\u010denja bit \u0107e ograni\u010dena u najve\u0107oj mjeri dopu\u0161tenoj prema mjerodavnim lokalnim zakonima.<\/p>\n<p>&nbsp;<\/p>\n<p><strong><a name=\"8\"><\/a>8. Sadr\u017eaj tre\u0107ih osoba \/ Software<\/strong><\/p>\n<p>&nbsp;<\/p>\n<p>Goldspire ni na koji na\u010din nije odgovoran za sadr\u017eaj bilo koje web stranice u vlasni\u0161tvu tre\u0107e osobe, koje mogu biti povezane s web stranicom putem linka, bez obzira je li taj link obezbjedila web stranica ili tre\u0107a strana u skladu s uvjetima kori\u0161tenja. Svaka veza na na\u0161oj web stranici na druge web stranice ne podrazumijeva odobrenje sli\u010dnog sadr\u017eaja, presudu ili jamstvo da su stranke primjerene i pogodne za bilo koji sadr\u017eaj na na\u0161im stranicama i za to mi ne snosimo odgovornost.<\/p>\n<p>&nbsp;<\/p>\n<p>Svaki softver koji je dostupan za preuzimanje s ili preko na\u0161e web stranice je licenciran prema uvjetima va\u017ee\u0107eg ugovora licenci. Iznimka, kako je navedeno u odgovaraju\u0107em sporazumu licenci, je softver koji je dostupan samo za krajnje korisnike, tako da bilo kakvo daljnje kopiranje, reproduciranje ili redistribucija softvera je izri\u010dito zabranjena. JAMSTVA, AKO IH IMA, S OBZIROM NA TAKAV SOFTWARE \u0106E SE PRIJAVITI KAKO JE IZRI\u010cITO NAVEDENO U PRIMJENJIVOJ LICENCI UGOVORA. PREMA TOME GOLDSPIRE SE IZRI\u010cITO ODRI\u010cE BILO KAKVIH DODATNIH JAMSTVENIH ILI POSREDNIH ZAHTJEVA, UKLJU\u010cUJU\u0106I JAMSTVA PRODAJE, PRIKLADNOSTI ZA ODRE\u0110ENU SVRHU ILI NEPOVREDIVOST S OBZIROM NA SOFTVER.<\/p>\n<p>&nbsp;<\/p>\n<p><strong><a name=\"9\"><\/a>9. Autorska prava i za\u0161titni znakovi<\/strong><\/p>\n<p>&nbsp;<\/p>\n<p>Autorska prava i sva druga prava u sadr\u017eaju koje nudi Goldspire tvrtka, njezina povezana dru\u0161tva, podru\u017enice i \/ ili povezane tvrtke, softver za upravljanje i objavljivanje web stranice, prikupljanje podataka na web stranici, slijed i izgled ove web stranice pripadaju tvrtki Goldspire Group Limited i\/ ili njezinim partnerima ili nositeljima licence. Sva prava u sadr\u017eaja koja nisu izri\u010dito navedena ovdje su pridr\u017eana.<\/p>\n<p>&nbsp;<\/p>\n<p>MEGASONEX\u00ae, MEGABATTERY\u00ae, MEGACRYSTAL\u00ae, ULTRA GENTLE\u2014MEGA CLEAN\u00ae i THE ULTRSOUND TOOTHBRUSH\u00ae su registrirani za\u0161titni znakovi Amity Capital Limited u odabranim zemljama.<\/p>\n<p>&nbsp;<\/p>\n<p>Ti i svi ostali registrirani za\u0161titni znaci Amity Capital Limited i njzinih podru\u017enica su va\u017ena imovina tvrtke. Pravilna upotreba ovih za\u0161titnih znakova je va\u017ena, dakle, slijedite upute Amity Capital Limited-a kada se govori o na\u0161im proizvodima i uslugama.<\/p>\n<p>&nbsp;<\/p>\n<p>Prijava i registracija imena MEGASONEX\u00ae je rezervirana isklju\u010divo za na\u0161u tvrtku. Ne mo\u017eete registrirati ili koristiti ime na\u0161e tvrtke, zakonski naziv, brand ime, naziv domene ili bilo koje drugo ime, oznaka ili opis, u kojoj se nalazi ime MEGASONEX\u00ae ili sli\u010dno ime ili bilo koje ime koje je se sastoji od dijelova imena MEGASONEX\u00ae ili drugi registrirani za\u0161titni znak Amity Capital Limited.<\/p>\n<p>&nbsp;<\/p>\n<p><strong><a name=\"10\"><\/a>10. Vlasni\u010dka prava na na\u0161oj web stranici<\/strong><\/p>\n<p>&nbsp;<\/p>\n<p>Ova stranica je javna i sve raspolo\u017eive informacije smatrat \u0107e se nepovjerljivim. Priznajete da va\u0161e podno\u0161enje izuma putem korisni\u010dkog sadr\u017eaja predstavlja &#8220;objavu&#8221; takvih izuma u skladu s va\u017ee\u0107im zakonom o patentima.<\/p>\n<p>&nbsp;<\/p>\n<p>Prihva\u0107ate da bilo koji korisni\u010dki sadr\u017eaj koji se podnese\/ i ili o kojem se raspravlja na web stranicama mo\u017ee biti predmetom patenta, autorskih prava, za\u0161titnih znakova i drugih prava intelektualnog vlasni\u0161tva Goldspire-a, njegovih podru\u017enice, filijala, partnera ili tre\u0107ih osoba. Ako namjeravate iskoristiti ideje, sugestije i rje\u0161enja ili drugi korisni\u010dki sadr\u017eaj koji se nalazi na web stranici, vi ste odgovorni preuzeti odgovornost da to \u010dinite u skladu s pravilima intelektualnog vlasni\u0161tva prije takvog pona\u0161anja.<\/p>\n<p>&nbsp;<\/p>\n<p><strong><a name=\"11\"><\/a>11. Tvrdnje o kr\u0161enju autorskih prava u SAD-u<\/strong><\/p>\n<p>&nbsp;<\/p>\n<p>Ako znate ili sumnjate da se bilo koji od materijala na ovoj web stranici (uklju\u010duju\u0107i, ali ne ograni\u010davaju\u0107i se na materijale objavljene na forumu) koristi ili kopira na na\u010din koji predstavlja kr\u0161enje autorskih prava, molimo vas da po\u0161aljete obavijest agentima Goldspire-a, koji su odre\u0111eni u daljnjem tekstu. Obvezani pravilima US Digital Millennium Copyright Zakona, 17 USC Sec. 512 (c) (3), obavijest mora biti u skladu sa sljede\u0107im zahtjevima:<\/p>\n<ul>\n<li>Fizi\u010dki ili elektroni\u010dki potpis vlasnika autorskih prava ili osobe ovla\u0161tene za djelovanje u ime vlasnika autorskih prava \u010dija su prava povrije\u0111ena;<\/li>\n<li>Identifikacija rada za\u0161ti\u0107enog autorskim pravima koji je prekr\u0161en, ili, ako se radi o povredi autorskih prava vi\u0161e radova na jednoj stranici,  popis tih povreda na toj stranici;<\/li>\n<li>Identifikacija materijala za koji smatrate da kr\u0161i ili je predmet prekr\u0161aja i koji se treba ukloniti ili je potrebno onemogu\u0107iti pristup informacijama i linkovima koji omogu\u0107uju pronalazak tog materijala;<\/li>\n<li>Dovoljno informacija s dozvolom da vas kontaktiramo, kao \u0161to su adresa, telefonski broj i e-mail adresa;<\/li>\n<li>Va\u0161a izjava da u dobroj vjeri smatrate da su prava autora, njegovog zastupnika ili zakona povrije\u0111ena;<\/li>\n<li>Izjava da su informacije u obavijesti to\u010dne, te u skladu s kaznama za krivokletstvo, da ste vlasnik ili ste ovla\u0161teni djelovati u ime vlasnika autorskih prava koja su navodno prekr\u0161ena.<\/li>\n<\/ul>\n<p>Odre\u0111eni agent odgovoran za pritu\u017ebe o kr\u0161enju autorskih prava mo\u017ee se kontaktirati na slijede\u0107i na\u010din:<\/p>\n<p>&nbsp;<\/p>\n<p>Po\u0161tom:<\/p>\n<p>Goldspire Group Ltd.<br \/>\nCorporate Legal Department<br \/>\n36\/F Tower Two, Times Square<br \/>\n1 Matheson Street<br \/>\nCauseway Bay<br \/>\nHong Kong<br \/>\nKina<\/p>\n<p>&nbsp;<\/p>\n<p>Faksom:<\/p>\n<p>Goldspire Group, Ltd.<br \/>\nCorporate Legal Department<br \/>\nHong Kong<br \/>\nKina<br \/>\n+ 852 2530 8498<\/p>\n<p>&nbsp;<\/p>\n<p>Prethodne informacije navedene su isklju\u010divo za obavije\u0161tavanje Goldspire-a da su prava Va\u0161eg materijala za\u0161ti\u0107enog autorskim pravima mo\u017eebitno povrije\u0111ena. Svi ostali primjeri, kao \u0161to su pitanja koja se odnose na proizvode i upiti ili nedoumice o neprimjerenom sadr\u017eaju ne\u0107e se razmatrati u okviru ovog procesa. U nastojanju da se za\u0161tite autorska prava, Goldspire tvrtka inzistira na politici zabrane pristupa internetskoj stranici, ako se radi o opetovanim prekr\u0161iteljima.<\/p>\n<p>&nbsp;<\/p>\n<p><strong><a name=\"12\"><\/a>12. Naknada \u0161tete i propusti<\/strong><\/p>\n<p>&nbsp;<\/p>\n<p> Sla\u017eete se da \u0107ete obe\u0161tetiti i osloboditi Goldspire, njegove podru\u017enice, povezana dru\u0161tva, partnere, dobavlja\u010de i njihove slu\u017ebenika, direktore, zaposlenike, dioni\u010dare, pravne zastupnike, agente i nasljednike od bilo kakvog potra\u017eivanja \u0161tete, obveza, tro\u0161kova i izdataka (uklju\u010duju\u0107i odvjetni\u010dke tro\u0161kove, naknade stru\u010dnjaka i sudske tro\u0161kove) koje proizlaze iz objavljivanja, sadr\u017eaja ili prijenosa bilo kakvih poruka, podataka, materijalnih i drugih korisni\u010dkih sadr\u017eaja koje \u0161aljete na web stranici ili drugim kr\u0161enje ovih uvjeta nastalog Va\u0161im kori\u0161tenjem stranice. U slu\u010daju bilo kakve pritu\u017ebe ili sudskog spora koji je nastao zbog bilo koje poruke ili drugi korisni\u010dkog  sadr\u017eaja koji objavljujete, Goldspire zadr\u017eava pravo otkriti va\u0161 identitet i bilo koje druge informacije o vama.<\/p>\n<p>&nbsp;<\/p>\n<p>Ako imate spor s jednim ili vi\u0161e korisnika, osloba\u0111ate Goldspire, njegove podru\u017enice, povezana dru\u0161tva, partnere, dobavlja\u010de i njihove slu\u017ebenike, direktore, zaposlenike, dioni\u010dare, pravne zastupnike, agente i nasljednike od potra\u017eivanja \u0161tete (stvarne ili posljedi\u010dne) svake vrste i prirode, znane i neznane, koje proizlaze iz ili su bilo na koji na\u010din povezani s takvim sporovima.<\/p>\n<p>&nbsp;<\/p>\n<p><strong><a name=\"13\"><\/a>13. Ga\u0161enje stranice<\/strong><\/p>\n<p>&nbsp;<\/p>\n<p>Imamo isklju\u010divo pravo zatvaranja web stranice ili bilo koji njezinog dijela, iz bilo kojeg razloga, u bilo koje vrijeme, bez prethodne najave ili pristanka. S tim u vezi nemamo nikakvu odgovornost za neuspjeh u trgovini ili brisanje sadr\u017eaja i \/ ili korisni\u010dkog sadr\u017eaja podne\u0161enog na stranicama.<\/p>\n<p>&nbsp;<\/p>\n<p><strong><a name=\"14\"><\/a>14. Goldspire proizvodi<\/strong><\/p>\n<p>&nbsp;<\/p>\n<p>Web stranica mo\u017ee sadr\u017eavati reference na odre\u0111ene proizvode i usluge Goldspire-a koji nisu nu\u017eno dostupni u svim zemljama. Svaka takva referenca ne implicira niti jam\u010di da \u0107e ovi proizvodi i usluge biti dostupne u svakom trenutku u nekoj odre\u0111enoj zemlji. Molimo da kontaktirate lokalne Goldspire poslovne partnere za vi\u0161e informacija.<\/p>\n<p>&nbsp;<\/p>\n<p><strong><a name=\"16\"><\/a>15. Rje\u0161avanje sporova<\/strong><\/p>\n<p>&nbsp;<\/p>\n<p>Uvjeti kori\u0161tenja ure\u0111uju se i tuma\u010de u skladu sa zakonima hongkong\u0161ke posebne administrativne jedinice Narodne Republike Kine (&#8220;Hong Kong&#8221;). Prihva\u0107ate neisklju\u010divu nadle\u017enost sudova u Hong Kongu za sporove, tvrdnje ili djelovanja koja proizlaze iz ili se odnose na ili su u vezi s ovim uvjetima kori\u0161tenja i s kori\u0161tenjem ove web stranice, uklju\u010duju\u0107i i sporove koji se odnose na postojanje ili valjanosti ovih uvjeta kori\u0161tenja, pod uvjetom da se sla\u017eete da podnesite takve sporove, potra\u017eivanja ili zahtjeve isklju\u010divo na sudovima u Hong Kongu.<\/p>\n<p>&nbsp;<\/p>\n<p><strong><a name=\"17\"><\/a>16. Neovisnost<\/strong><\/p>\n<p>&nbsp;<\/p>\n<p>Ako je bilo koja odredba uvjeta kori\u0161tenja neva\u017ee\u0107a ili neprovediva, onda je neva\u017ee\u0107a ili neprovediva odredba zamijenjena va\u017ee\u0107om i primjenjivom odredbom koja najbolje odgovara svrsi izvorne odredbe, a sve ostale odredbe \u0107e se provoditi.<\/p>\n<p>&nbsp;<\/p>\n<p><strong><a name=\"18\"><\/a>17. Izuze\u0107e<\/strong><\/p>\n<p>&nbsp;<\/p>\n<p>Za slu\u010daj da Goldspire nije u mogu\u0107nosti provoditi neku od stavki iz uvjeta kori\u0161tenja, to ne zna\u010di da se odri\u010de svojih prava navedenih u uvjetima kori\u0161tenja, bez obzira na pro\u0161lo ili budu\u0107e djelovanje neke osobe. Izuze\u0107e od svojih prava tako\u0111er ne predstavlja niti primanje nov\u010danog iznosa od strane Goldspire, niti ovisnost neke osobe o akcijama koje provodi Goldspire. Jedino posebno pismeno izuze\u0107e, koje potpisuje ovla\u0161teni predstavnik Goldspire-a, mo\u017ee slu\u017eiti kao legalni dokument.<\/p>\n<p>&nbsp;<\/p>\n<p><strong><a name=\"19\"><\/a>18. Naslovi<\/strong><\/p>\n<p>&nbsp;<\/p>\n<p>Naslovi odjeljaka u uvjetima kori\u0161tenja ume\u0107u se samo radi lak\u0161eg \u010ditanja te ne \u010dine dio uvjeta i ne\u0107e utjecati na bilo kojem smislu na zna\u010denje ili tuma\u010denje uvjeta kori\u0161tenja.<\/p>\n<p>&nbsp;<\/p>\n<p>Hvala Vam \u0161to koristite na\u0161u web stranicu.<br \/>\n<strong> <\/strong><\/p>\n<p>&nbsp;<\/p>\n<p><strong>Zadnja promjena:<\/strong>: o\u017eujak 2013<\/p>\n","protected":false},"excerpt":{"rendered":"<p>1. Prihva\u0107anje uvjeta kori\u0161tenja 2. Promjena uvjeta 3. Pravila privatnosti 4. Odricanje od odgovornosti 5. Registracija 6. Suradnici 7. Ograni\u010denja odgovornosti 8. Sadr\u017eaj tre\u0107ih osoba \/ Software 9. Autorska prava i za\u0161titni znakovi 10. Vlasni\u010dka prava na na\u0161oj web stranici 11. Tvrdnje o kr\u0161enju autorskih prava u Sjedinjenim Ameri\u010dkim dr\u017eavama 12. Naknada \u0161tete i propusti [&hellip;]<\/p>\n","protected":false},"author":3,"featured_media":0,"parent":0,"menu_order":216,"comment_status":"closed","ping_status":"closed","template":"","meta":{"footnotes":""},"class_list":["post-6065","page","type-page","status-publish","hentry"],"_links":{"self":[{"href":"https:\/\/megasonex.com\/hr\/wp-json\/wp\/v2\/pages\/6065","targetHints":{"allow":["GET"]}}],"collection":[{"href":"https:\/\/megasonex.com\/hr\/wp-json\/wp\/v2\/pages"}],"about":[{"href":"https:\/\/megasonex.com\/hr\/wp-json\/wp\/v2\/types\/page"}],"author":[{"embeddable":true,"href":"https:\/\/megasonex.com\/hr\/wp-json\/wp\/v2\/users\/3"}],"replies":[{"embeddable":true,"href":"https:\/\/megasonex.com\/hr\/wp-json\/wp\/v2\/comments?post=6065"}],"version-history":[{"count":1,"href":"https:\/\/megasonex.com\/hr\/wp-json\/wp\/v2\/pages\/6065\/revisions"}],"predecessor-version":[{"id":16500,"href":"https:\/\/megasonex.com\/hr\/wp-json\/wp\/v2\/pages\/6065\/revisions\/16500"}],"wp:attachment":[{"href":"https:\/\/megasonex.com\/hr\/wp-json\/wp\/v2\/media?parent=6065"}],"curies":[{"name":"wp","href":"https:\/\/api.w.org\/{rel}","templated":true}]}}