{"id":5950,"date":"2014-10-14T14:55:06","date_gmt":"2014-10-14T21:55:06","guid":{"rendered":"http:\/\/megasonex.com\/?page_id=5950"},"modified":"2014-10-14T15:03:31","modified_gmt":"2014-10-14T22:03:31","slug":"ingredients","status":"publish","type":"page","link":"https:\/\/megasonex.com\/hr\/toothpaste\/ingredients\/","title":{"rendered":"Sastojci"},"content":{"rendered":"<div class=\"toothpaste\"><\/div>\n<div class=\"why\">\n<div class=\"why_headline jtextfill\"><span>Nano-hidroksiapatit<\/span><\/div>\n<div class=\"why_details jtextfill\"><span>Na\u0161 klju\u010dni sastojak nano-hidroksiapatit je najmanji gradivni dio zuba. Dodan u zubnu pastu poma\u017ee obnovi cakline da bi bila jaka, glatka i sjajna. Budu\u0107i da je vrlo skup sastojak, samo neke odabrane paste ga sadr\u017ee, premda ne sadr\u017ee dovoljno visoku koncentraciju za dobar u\u010dinak.<\/span><\/div>\n<div style=\"clear: both;\"><\/div>\n<div class=\"why_headline jtextfill\"><span>Sorbitol<\/span><\/div>\n<div class=\"why_details jtextfill\"><span>U zubnoj pasti koristimo sorbitol, prirodni sastojak koji je prisutan u jabukama, kru\u0161kama i breskvama, a koji daje zubnoj pasti potrebnu kompaktnost, mekanost i sprije\u010dava prebrzo su\u0161enje. Sorbitol se nalazi u mnogim farmaceutskim i prehrambenim proizvodima, na primjer u vodama za usta i u gotovo svim \u017evaka\u0107im gumama bez \u0161e\u0107era.<\/span><\/div>\n<div style=\"clear: both;\"><\/div>\n<div class=\"why_headline jtextfill\"><span>Glicerin<\/span><\/div>\n<div class=\"why_details jtextfill\"><span>Ovu viskoznu teku\u0107inu upotrebljavamo kao bi zubna pasta zadr\u017eala vla\u017enost i glatko\u0107u. Okus je pomalo sladak, iako nasuprot \u0161e\u0107eru ne predstavlja hranu za kariogene bakterije. Glicerin se mo\u017ee na\u0107i u keksima s manje masno\u0107a, bombonima, mlije\u010dnim proizvodima, \u010dak i Hollywoodu gdje ga glumci nanose oko o\u010diju kako bi se \u010dinilo da su plakali.<\/span><\/div>\n<div style=\"clear: both;\"><\/div>\n<div class=\"why_headline jtextfill\"><span>Voda<\/span><\/div>\n<div class=\"why_details jtextfill\"><span>Upotrebljavamo vodu propisane \u010disto\u0107e koju je odobrila Ameri\u010dka Agencija za ljekove i hranu za upotrebu u kontroliranim farmaceutskim proizvodima. Voda poma\u017ee odr\u017eati pastu vla\u017enom i teku\u0107om. Bez toga bilo bi te\u0161ko istisnuti zubnu pastu iz tube.<\/span><\/div>\n<div style=\"clear: both;\"><\/div>\n<div class=\"why_headline jtextfill\"><span>Silicijev dioksid<\/span><\/div>\n<div class=\"why_details jtextfill\"><span>Kao i ve\u0107ina pasti za zube i na\u0161a formula sadr\u017eava silicijev dioksid, jedan od naj\u010de\u0161\u0107ih minerala, vrlo tvrd i jedan je od glavnih sastojaka bijelog porculana. Za razliku od mnogih drugih pasti koje upotrebljavaju grubo mljeveni silicijev dioksid kao abrzivno sredstvo, mi upotrebljavamo \u010destice mikroskopske veli\u010dine koji poliraju zubnu caklinu bez da ju bruse. Mikroskopska veli\u010dina silicijevog dioksida istovremeno pasti daje pravu teksturu.<\/span><\/div>\n<div style=\"clear: both;\"><\/div>\n<div class=\"why_headline jtextfill\"><span>Ksilitol<\/span><\/div>\n<div class=\"why_details jtextfill\"><span>Upotrebljavamo ksilitol, prirodni zasla\u017eiv\u010da, koji nalazimo u mnogim vrstama vo\u0107a i povr\u0107a. Za razliku od obi\u010dnog \u0161e\u0107era (saharoze) kojim se hrane kariogene bakterije, ksilitol zapravo poma\u017ee uni\u0161titi \u0161tetne bakterije kao npr. Streptococcus mutans. Ksilitol dodatno poma\u017ee stvoriti osvje\u017eavaju\u0107i osje\u0107aj u ustima.<\/span><\/div>\n<div style=\"clear: both;\"><\/div>\n<div class=\"why_headline jtextfill\"><span>Tetranatrijev pirofosfat<\/span><\/div>\n<div class=\"why_details jtextfill\"><span>Ovaj kristalni spoj upotrebljavamo za odstranjivanje u slini otopljenog kalcija i magnezija, koji bi mogli dovesti do nastanka zubnog kamenca. Tetranatrijev pirofosfat je potpuno siguran i koristi se u raznim jelima, kao \u0161to su konzervirana tuna, \u0161kampi, puding\u2026<\/span><\/div>\n<div style=\"clear: both;\"><\/div>\n<div class=\"why_headline jtextfill\"><span>Natrijev metilkokoiltaurat<\/span><\/div>\n<div class=\"why_details jtextfill\"><span>Sastojak dobiven iz kokosa koji upotrebljavamo u manjim koli\u010dinam za pobolj\u0161anje u\u010dinka pjenjenja koji ljudi povezuju s \u010disto\u0107om pri \u010di\u0161\u0107enju s ru\u010dnim zubnim \u010detkicama. Time smo izbjegli dodatak \u0161tetnih pjenila kao npr. natrijevog laurilsulfata.<\/span><\/div>\n<div style=\"clear: both;\"><\/div>\n<div class=\"why_headline jtextfill\"><span>Tinjci<\/span><\/div>\n<div class=\"why_details jtextfill\"><span>Ovaj prirodni mineral koristimo kako bi na\u0161oj pasti dali sjaj i kako bi ispolirali plohe zuba do visokog sjaja. Tinjci imaju dugu tradiciju upotrebe u vrhunskoj kozmetici-ru\u017e za usne, sjajilo.<\/span><\/div>\n<div style=\"clear: both;\"><\/div>\n<div class=\"why_headline jtextfill\"><span>Titanijev dioksid<\/span><\/div>\n<div class=\"why_details jtextfill\"><span>Ovaj prirodni mineral koji je potpuno bijel, \u010dini na\u0161u pastu za zube bijelom i poma\u017ee da va\u0161i zubi nakon \u010di\u0161\u0107enja izgledaju bjelji. Potpuno je siguran i ima dugu tradiciju uptrebe u hrani, kozmetici, kao bojilo kod obranog mlijeka, u kremama za sun\u010danje, pa \u010dak i kao pigment u tetova\u017eama.<\/span><\/div>\n<div style=\"clear: both;\"><\/div>\n<div class=\"why_headline jtextfill\"><span>Natrijeva karboksimetilceluloza<\/span><\/div>\n<div class=\"why_details jtextfill\"><span>Ovaj hipoalergeni sastojak iz biljnog izvora dodajemo kako bi zubna pasta imala karakteristi\u010dnu teksturu, glatko\u0107u, te za sprije\u010davanje razdvajanja sastojaka komponenti. Tako\u0111er sni\u017eava to\u010dku ledi\u0161ta zubne paste, da bolje podnese transport u hladnim podnebljima. Taj isti sastojak se koristi u raznim lijekovima, hrani, kapima za o\u010di, sladoledu.<\/span><\/div>\n<div style=\"clear: both;\"><\/div>\n<div class=\"why_headline jtextfill\"><span>Limunska kiselina<\/span><\/div>\n<div class=\"why_details jtextfill\"><span>Ovu prirodnu kiselinu koja vo\u0107u daje karakteristi\u010dnu kiselost poput limuna, koristimo u na\u0161oj formuli kako bi odr\u017eali uravnote\u017eeni pH. Odr\u017eavanje uravnote\u017eenog pH u ustima je iznimno va\u017eno, jer kiseli pH dovodi do demineralizacije zubne cakline, a alkalni pH do stvranja zubnog kamenca.<\/span><\/div>\n<div style=\"clear: both;\"><\/div>\n<div class=\"why_headline jtextfill\"><span>Natrijev saharin<\/span><\/div>\n<div class=\"why_details jtextfill\"><span>Kako bi prekrili okus visoke koncentracije nano-hidroksiapatita u na\u0161oj pasti za zube koju sam ksilitol ne mo\u017ee, dodali smo malu koli\u010dinu ovog zasla\u0111iva\u010da. Saharin je siguran, u upotrebi ve\u0107 vi\u0161e od 130 godina kao tvar visoke slatko\u0107e bez kalorija. Za razliku od \u0161e\u0107era saharin ne predstavlja hranu za kariogene bakterije u ustima.<\/span><\/div>\n<div style=\"clear: both;\"><\/div>\n<div class=\"why_headline jtextfill\"><span>Aroma<\/span><\/div>\n<div class=\"why_details jtextfill\"><span>Upotrebljavamo vlastitu biljnu mje\u0161avinu kako bi pasti dali okus po menti, koji je dovoljno nje\u017ean da ne utje\u010de na na\u0161 okus, pri \u010demu daje osje\u0107aj svje\u017eine.<\/span><\/div>\n<div style=\"clear: both;\"><\/div>\n<\/div>\n","protected":false},"excerpt":{"rendered":"<p>Nano-hidroksiapatit Na\u0161 klju\u010dni sastojak nano-hidroksiapatit je najmanji gradivni dio zuba. Dodan u zubnu pastu poma\u017ee obnovi cakline da bi bila jaka, glatka i sjajna. Budu\u0107i da je vrlo skup sastojak, samo neke odabrane paste ga sadr\u017ee, premda ne sadr\u017ee dovoljno visoku koncentraciju za dobar u\u010dinak. Sorbitol U zubnoj pasti koristimo sorbitol, prirodni sastojak koji je [&hellip;]<\/p>\n","protected":false},"author":3,"featured_media":0,"parent":5923,"menu_order":31,"comment_status":"closed","ping_status":"open","template":"","meta":{"footnotes":""},"class_list":["post-5950","page","type-page","status-publish","hentry"],"_links":{"self":[{"href":"https:\/\/megasonex.com\/hr\/wp-json\/wp\/v2\/pages\/5950","targetHints":{"allow":["GET"]}}],"collection":[{"href":"https:\/\/megasonex.com\/hr\/wp-json\/wp\/v2\/pages"}],"about":[{"href":"https:\/\/megasonex.com\/hr\/wp-json\/wp\/v2\/types\/page"}],"author":[{"embeddable":true,"href":"https:\/\/megasonex.com\/hr\/wp-json\/wp\/v2\/users\/3"}],"replies":[{"embeddable":true,"href":"https:\/\/megasonex.com\/hr\/wp-json\/wp\/v2\/comments?post=5950"}],"version-history":[{"count":0,"href":"https:\/\/megasonex.com\/hr\/wp-json\/wp\/v2\/pages\/5950\/revisions"}],"up":[{"embeddable":true,"href":"https:\/\/megasonex.com\/hr\/wp-json\/wp\/v2\/pages\/5923"}],"wp:attachment":[{"href":"https:\/\/megasonex.com\/hr\/wp-json\/wp\/v2\/media?parent=5950"}],"curies":[{"name":"wp","href":"https:\/\/api.w.org\/{rel}","templated":true}]}}