{"id":5941,"date":"2014-10-14T14:49:24","date_gmt":"2014-10-14T21:49:24","guid":{"rendered":"http:\/\/megasonex.com\/?page_id=5941"},"modified":"2014-10-14T14:52:46","modified_gmt":"2014-10-14T21:52:46","slug":"science","status":"publish","type":"page","link":"https:\/\/megasonex.com\/hr\/toothpaste\/science\/","title":{"rendered":"Znanost"},"content":{"rendered":"<div style=\"width: 244px\" class=\"wp-caption alignright\"><img loading=\"lazy\" decoding=\"async\" title=\"Hydroxyapatite_Tooth\" alt=\"Hydroxyapatite\" src=\"\/wp-content\/uploads\/Hydroxyapatite_Tooth.jpg\" width=\"234\" height=\"225\" \/><p class=\"wp-caption-text\">Kristalna struktura hidroksiapatita u zubnoj caklini<\/p><\/div>\n<h3>Znanost o nano-hidroksiapatitu<\/h3>\n<p>Zmislite da obnavljate zubnu caklinu svaki put kada perete zube. Zmislite da imate mo\u0107 zaustaviti po\u010detni stupanj karijesa*. Zvu\u010di nemogu\u0107e, ali za to postoje znanstveni dokazi!<\/p>\n<p>&nbsp;<\/p>\n<p>Ve\u0107ina zubne cakline sastavljena je od tvrdog kristala hidroksiapatita. Kada bakterije u zubnim nsaslagama metaboliziraju \u0161e\u0107ere stvaraju mlije\u010dnu kiselinu koja demineralizira (razgra\u0111uje) kristale, zbog \u010dega zubna caklina postaje osjetljivija ili se postupno rastapa, \u0161to dovodi do karijesa.<\/p>\n<p>&nbsp;<\/p>\n<p>Na sre\u0107u va\u0161a slina obi\u010dno uspijeva obnoviti ili remineralizirati va\u0161u caklinu tvorbom samo nekoliko nanometara velikih kristala hidroksiapatita. Ako u va\u0161oj slini nema dovoljno hidroksiapatita ili ako kiseline u plaku pobje\u0111uju va\u0161 prirodni obrambeni mehanizam, va\u0161a se caklina po\u010dinje rastapati \u0161to dovodi do karijesa.<\/p>\n<p>&nbsp;<\/p>\n<div id=\"attachment_652\" style=\"width: 257px\" class=\"wp-caption alignleft\"><img loading=\"lazy\" decoding=\"async\" aria-describedby=\"caption-attachment-652\" class=\"size-full wp-image-652    \" title=\"Placeholder\" alt=\"Placeholder\" src=\"\/wp-content\/uploads\/Hydroxyapatite_Nanoparticles.png\" width=\"247\" height=\"247\" \/><p id=\"caption-attachment-652\" class=\"wp-caption-text\">20-50 nm Hidroksiapatit &#8211; Nano\u010destice<\/p><\/div>\n<p>Zubne paste uobi\u010dajeno upotrebljavaju fluoride za ja\u010danje zubne cakline i smanjivanje vjerojatnosti za nastanak karijesa. Me\u0111utim, fluoridi su korisni u niskim koncentracijam, na primjer u hrani ili vodi za pi\u0107e, no previsoka koncentracija fluorida je \u0161tetna, mo\u017ee uzrokovati iznenadno ili kroni\u010dno trovanje (fluorozu).<\/p>\n<p>&nbsp;<\/p>\n<p>Predstavljamo vam novi sastojak\u2026 nano-hidroksiapatit. Za razliku od fluorida nano-hidroksiapatit ne samo da poma\u017ee oja\u010dati zubnu caklinu, ve\u0107 ju uistinu i obnavlja. Nano-hidroksiapatit je nanokristal hidroksiapatita, koji je glavni gradivni sastojak zubne cakline. Nanokristali su dovoljno mali za ugra\u0111ivanje u procjepe i fisure u va\u0161oj caklini-odnosno za remineralizaciju.<\/p>\n<p>&nbsp;<\/p>\n<p>Va\u0161a slina prirodno sadr\u017eava nanao-hidroksiapatit koji vas \u0161titi od karijesa. MEGASONEX\u00ae zuna pasta vam osigurava dodatni nano-hidroksiapatit odgovaraju\u0107e veli\u010dine 20-50 nm te ubrzava prirodni proces obnove. Na taj na\u010din uz upotrebu MEGASONEX\u00ae zubne paste nema nikakve opasnosti od prevelike koncentracije fluorida, pasta je potpuno sigurna i za djecu.<\/p>\n<p>&nbsp;<\/p>\n<p><span style=\"font-size: 65%; display: inline-block;\">* Nano-hidroksiapatit mo\u017ee pomo\u0107i kod po\u010detnog karijesa ( bijele mrlje ), no ne mo\u017ee pomo\u0107i kod karijesa koji napreduje. Preporu\u010dujemo da barem dvaput godi\u0161nje posjetite svog stomatologa.<\/span><\/p>\n","protected":false},"excerpt":{"rendered":"<p>Znanost o nano-hidroksiapatitu Zmislite da obnavljate zubnu caklinu svaki put kada perete zube. Zmislite da imate mo\u0107 zaustaviti po\u010detni stupanj karijesa*. Zvu\u010di nemogu\u0107e, ali za to postoje znanstveni dokazi! &nbsp; Ve\u0107ina zubne cakline sastavljena je od tvrdog kristala hidroksiapatita. Kada bakterije u zubnim nsaslagama metaboliziraju \u0161e\u0107ere stvaraju mlije\u010dnu kiselinu koja demineralizira (razgra\u0111uje) kristale, zbog \u010dega [&hellip;]<\/p>\n","protected":false},"author":3,"featured_media":0,"parent":5923,"menu_order":29,"comment_status":"closed","ping_status":"open","template":"","meta":{"footnotes":""},"class_list":["post-5941","page","type-page","status-publish","hentry"],"_links":{"self":[{"href":"https:\/\/megasonex.com\/hr\/wp-json\/wp\/v2\/pages\/5941","targetHints":{"allow":["GET"]}}],"collection":[{"href":"https:\/\/megasonex.com\/hr\/wp-json\/wp\/v2\/pages"}],"about":[{"href":"https:\/\/megasonex.com\/hr\/wp-json\/wp\/v2\/types\/page"}],"author":[{"embeddable":true,"href":"https:\/\/megasonex.com\/hr\/wp-json\/wp\/v2\/users\/3"}],"replies":[{"embeddable":true,"href":"https:\/\/megasonex.com\/hr\/wp-json\/wp\/v2\/comments?post=5941"}],"version-history":[{"count":0,"href":"https:\/\/megasonex.com\/hr\/wp-json\/wp\/v2\/pages\/5941\/revisions"}],"up":[{"embeddable":true,"href":"https:\/\/megasonex.com\/hr\/wp-json\/wp\/v2\/pages\/5923"}],"wp:attachment":[{"href":"https:\/\/megasonex.com\/hr\/wp-json\/wp\/v2\/media?parent=5941"}],"curies":[{"name":"wp","href":"https:\/\/api.w.org\/{rel}","templated":true}]}}