{"id":1847,"date":"2013-05-03T17:36:07","date_gmt":"2013-05-04T00:36:07","guid":{"rendered":"http:\/\/megasonex.com\/?page_id=1847"},"modified":"2013-05-03T20:33:41","modified_gmt":"2013-05-04T03:33:41","slug":"ingredients","status":"publish","type":"page","link":"https:\/\/megasonex.com\/fr\/toothpaste\/ingredients\/","title":{"rendered":"Ingr\u00e9dients"},"content":{"rendered":"<div class=\"toothpaste\"><\/div>\n<div class=\"why\">\n<div class=\"why_headline jtextfill\"><span>Nano-hydroxyapatite<\/span><\/div>\n<div class=\"why_details jtextfill\"><span>Notre ingr\u00e9dient cl\u00e9, nano-hydroxyapatite est l&rsquo;\u00e9l\u00e9ment constitutif plus petite des dents. Ajout\u00e9 au dentifrice, on peut reconstruire l&rsquo;\u00e9mail et le rendre solide, lisse et brillante. Parce qu&rsquo;il est tr\u00e8s cher, seuls quelques dentifrices hauts de gammes le utilisent, et beaucoup qui le utilisent ne n&rsquo;utilisent pas une concentration aussi \u00e9lev\u00e9e que nous. Il peut diminuer nos marges b\u00e9n\u00e9ficiaires, mais sans elle, notre dentifrice ne serait pas la m\u00eame.<\/span><\/div>\n<div style=\"clear: both;\"><\/div>\n<div class=\"why_headline jtextfill\"><span>Sorbitol<\/span><\/div>\n<div class=\"why_details jtextfill\"><span>Nous utilisons le sorbitol, un compos\u00e9 qui se trouve naturellement dans les pommes, les poires et les p\u00eaches, afin de donner \u00e0 notre dentifrice sa consistance caract\u00e9ristique et aussi pour l&rsquo;aider \u00e0 rester souple et \u00e9viter de se dess\u00e9cher pr\u00e9matur\u00e9ment. Vous pouvez le trouver dans une vari\u00e9t\u00e9 de produits pharmaceutiques et alimentaires, y compris les bains de bouche, presque tous les gommes \u00e0 m\u00e2cher sans sucre et le crabe surimi \u00e0 votre sushi bar local.<\/span><\/div>\n<div style=\"clear: both;\"><\/div>\n<div class=\"why_headline jtextfill\"><span>Glyc\u00e9rine<\/span><\/div>\n<div class=\"why_details jtextfill\"><span>Nous utilisons ce liquide sirupeux afin de garder l&rsquo;humidit\u00e9 de notre dentifrice et de lui donner sa finesse. Il est aussi naturellement un peu sucr\u00e9, mais contrairement au sucre, il n&rsquo;alimente pas les bact\u00e9ries qui causent la plaque dans la bouche. Il peut \u00eatre trouv\u00e9 dans les biscuits faibles en gras, dans les bonbons, les produits laitiers et m\u00eame \u00e0 Hollywood, o\u00f9 les acteurs mettent autour de leurs yeux afin de le faire appara\u00eetre comme si elles pleuraient.<\/span><\/div>\n<div style=\"clear: both;\"><\/div>\n<div class=\"why_headline jtextfill\"><span>Eau<\/span><\/div>\n<div class=\"why_details jtextfill\"><span>Nous utilisons de l&rsquo;eau qui est si pure, le FDA des Etats-Unis lui permet d&rsquo;\u00eatre utilis\u00e9 dans les produits pharmaceutiques r\u00e9glement\u00e9s. Dans notre formule, l&rsquo;eau aide \u00e0 garder notre dentifrice humide et p\u00e2teux. Sans elle, notre dentifrice serait assez difficile de faire sortir!<\/span><\/div>\n<div style=\"clear: both;\"><\/div>\n<div class=\"why_headline jtextfill\"><span>Silice<\/span><\/div>\n<div class=\"why_details jtextfill\"><span>Comme la plupart des dentifrices, nous utilisons silice dans notre formulation. Silice, l&rsquo;un des min\u00e9raux les plus communs, est tr\u00e8s dur et est l&rsquo;une des principales composantes de porcelaine blanche. Contrairement \u00e0 beaucoup d&rsquo;autres formulations qui utilise la silice grossi\u00e8rement moulu comme agent abrasif, nous utilisons des particules microscopiques, ce qui signifie qu&rsquo;ils polissent les dents, plut\u00f4t que de poncer les, et contribuent \u00e0 donner notre dentifrice la bonne texture.<\/span><\/div>\n<div style=\"clear: both;\"><\/div>\n<div class=\"why_headline jtextfill\"><span>Xylitol<\/span><\/div>\n<div class=\"why_details jtextfill\"><span>Nous faisons bon usage du xylitol, un \u00e9dulcorant naturel pr\u00e9sent dans les fibres de nombreux fruits et l\u00e9gumes communs. Contrairement \u00e0 sucre ordinaire (saccharose), qui alimente les bact\u00e9ries qui causant les caries, le xylitol a \u00e9t\u00e9 montr\u00e9 pour r\u00e9ellement aider \u00e0 tuer les bact\u00e9ries buccales, comme la streptococcus mutans. En prime, le xylitol contribue \u00e9galement \u00e0 cr\u00e9er une sensation incontestablement rafra\u00eechissante dans la bouche.<\/span><\/div>\n<div style=\"clear: both;\"><\/div>\n<div class=\"why_headline jtextfill\"><span>Pyrophosphate de sodium<\/span><\/div>\n<div class=\"why_details jtextfill\"><span>Nous utilisons ce compos\u00e9 cristallin afin d&rsquo;aider \u00e0 enlever une partie du calcium et de magn\u00e9sium dissous dans la salive qui, autrement, pourraient conduire \u00e0 la formation de tartre. Le pyrophosphate de sodium est tellement s\u00fbr qu&rsquo;il est utilis\u00e9 dans une vari\u00e9t\u00e9 d&rsquo;aliments tels que les conserves de thon et crabe, pudding et guimauves.<\/span><\/div>\n<div style=\"clear: both;\"><\/div>\n<div class=\"why_headline jtextfill\"><span>Sodium methyl cocoyl taurate<\/span><\/div>\n<div class=\"why_details jtextfill\"><span>Nous utilisons une petite pinc\u00e9e de cet ingr\u00e9dient doux d\u00e9riv\u00e9 des noix de coco, afin de cr\u00e9er une touche de mousse, pour aider \u00e0 am\u00e9liorer l&rsquo;action de nettoyage de notre formule, m\u00eame pour les utilisateurs des brosses \u00e0 dents manuels et pour aider \u00e0 donner notre formule la sensation en bouche, qui les gens s&rsquo;associent avec la propret\u00e9, sans recourir \u00e0 l&#8217;emploi d&rsquo;agents tels que SLS.<\/span><\/div>\n<div style=\"clear: both;\"><\/div>\n<div class=\"why_headline jtextfill\"><span>Mica<\/span><\/div>\n<div class=\"why_details jtextfill\"><span>Nous utilisons ce min\u00e9ral d&rsquo;origine naturelle afin de donner notre dentifrice un aspect lustr\u00e9 et pour polir les surfaces des dents au brillant. Mica a une longue tradition d&rsquo;utilisation dans une vari\u00e9t\u00e9 de produits cosm\u00e9tiques haut de gamme, y compris rouge \u00e0 l\u00e8vres et gloss.<\/span><\/div>\n<div style=\"clear: both;\"><\/div>\n<div class=\"why_headline jtextfill\"><span>Dioxyde de titane<\/span><\/div>\n<div class=\"why_details jtextfill\"><span>Un min\u00e9ral d&rsquo;origine naturelle qui est d&rsquo;une blancheur \u00e9clatante, c&rsquo;est utilis\u00e9 pour faire notre dentifrice aussi blanc qu&rsquo;il peut \u00eatre et aussi aider temporairement pour faire appara\u00eetre que vos dents semblent plus blanches. Parfaitement s\u00fbr, il a une longue histoire d&rsquo;utilisation dans les aliments, les cosm\u00e9tiques, comme colorant dans le lait \u00e9cr\u00e9m\u00e9, un ingr\u00e9dient principal d&rsquo;\u00e9cran solaire m\u00eame en tant q&rsquo;un pigment de tatouage.<\/span><\/div>\n<div style=\"clear: both;\"><\/div>\n<div class=\"why_headline jtextfill\"><span>Carboxym\u00e9thylcellulose de sodium<\/span><\/div>\n<div class=\"why_details jtextfill\"><span>Nous utilisons cet ingr\u00e9dient d&rsquo;origine v\u00e9g\u00e9tale hypoallerg\u00e9nique afin de donner \u00e0 notre dentifrice son \u00e9paisseur\u00a0et la douceur caract\u00e9ristique et pour aider \u00e0 garder les ingr\u00e9dients de se s\u00e9parer. Il contribue \u00e9galement \u00e0 maintenir d\u00e9prim\u00e9 le point de cong\u00e9lation de notre formule afin qu&rsquo;il soit mieux en mesure de r\u00e9sister \u00e0 l&rsquo;exp\u00e9dition \u00e0 travers les climats froids. Ce m\u00eame compos\u00e9 est utilis\u00e9 dans une grande vari\u00e9t\u00e9 des produits et d&rsquo;aliments pharmaceutiques, y compris de nombreuses marques de cr\u00e8me glac\u00e9e et les gouttes ophtalmiques.<\/span><\/div>\n<div style=\"clear: both;\"><\/div>\n<div class=\"why_headline jtextfill\"><span>Acide citrique<\/span><\/div>\n<div class=\"why_details jtextfill\"><span>Cet acide d&rsquo;origine naturelle, qui donne des fruits comme des citrons leur saveur acidul\u00e9e caract\u00e9ristique, est utilis\u00e9 dans notre formule pour aider \u00e0 maintenir son pH \u00e9quilibr\u00e9. La r\u00e9alisation d&rsquo;un pH \u00e9quilibr\u00e9 en bouche est critique, comme l&rsquo;exc\u00e8s de l&rsquo;acidit\u00e9 dans la bouche peut conduire \u00e0 la d\u00e9min\u00e9ralisation des dents, tandis que l&rsquo;exc\u00e8s d&rsquo;alcalinit\u00e9 peut conduire \u00e0 la formation de tartre.<\/span><\/div>\n<div style=\"clear: both;\"><\/div>\n<div class=\"why_headline jtextfill\"><span>Saccharine sodique<\/span><\/div>\n<div class=\"why_details jtextfill\"><span>Afin de contrer un aspect de la saveur venant de la forte concentration de nano-hydroxyapatite dans notre formule que le xylitol seulement ne peut pas contr\u00f4ler, nous utilisons une petite pinc\u00e9e de cet \u00e9dulcorant. La saccharine a \u00e9t\u00e9 utilis\u00e9 en toute s\u00e9curit\u00e9 depuis plus de 130 ans comme une substance qui est extr\u00eamement douce sans calories, de sorte que, contrairement \u00e0 d&rsquo;autres \u00e9dulcorants comme le sucre, il ne fournit pas de nourriture pour les bact\u00e9ries nocives dans la bouche.<\/span><\/div>\n<div style=\"clear: both;\"><\/div>\n<div class=\"why_headline jtextfill\"><span>Ar\u00f4me<\/span><\/div>\n<div class=\"why_details jtextfill\"><span>Nous utilisons un m\u00e9lange exclusif d&rsquo;extraits botaniques pures afin de donner \u00e0 notre dentifrice au go\u00fbt de menthe qui est assez doux pour \u00eatre rafra\u00eechissant, mais pas assez fort pour affecter votre sens du go\u00fbt.<\/span><\/div>\n<div style=\"clear: both;\"><\/div>\n<\/div>\n","protected":false},"excerpt":{"rendered":"<p>Nano-hydroxyapatite Notre ingr\u00e9dient cl\u00e9, nano-hydroxyapatite est l&rsquo;\u00e9l\u00e9ment constitutif plus petite des dents. Ajout\u00e9 au dentifrice, on peut reconstruire l&rsquo;\u00e9mail et le rendre solide, lisse et brillante. Parce qu&rsquo;il est tr\u00e8s cher, seuls quelques dentifrices hauts de gammes le utilisent, et beaucoup qui le utilisent ne n&rsquo;utilisent pas une concentration aussi \u00e9lev\u00e9e que nous. Il peut [&hellip;]<\/p>\n","protected":false},"author":3,"featured_media":0,"parent":1713,"menu_order":31,"comment_status":"closed","ping_status":"open","template":"","meta":{"footnotes":""},"class_list":["post-1847","page","type-page","status-publish","hentry"],"_links":{"self":[{"href":"https:\/\/megasonex.com\/fr\/wp-json\/wp\/v2\/pages\/1847","targetHints":{"allow":["GET"]}}],"collection":[{"href":"https:\/\/megasonex.com\/fr\/wp-json\/wp\/v2\/pages"}],"about":[{"href":"https:\/\/megasonex.com\/fr\/wp-json\/wp\/v2\/types\/page"}],"author":[{"embeddable":true,"href":"https:\/\/megasonex.com\/fr\/wp-json\/wp\/v2\/users\/3"}],"replies":[{"embeddable":true,"href":"https:\/\/megasonex.com\/fr\/wp-json\/wp\/v2\/comments?post=1847"}],"version-history":[{"count":0,"href":"https:\/\/megasonex.com\/fr\/wp-json\/wp\/v2\/pages\/1847\/revisions"}],"up":[{"embeddable":true,"href":"https:\/\/megasonex.com\/fr\/wp-json\/wp\/v2\/pages\/1713"}],"wp:attachment":[{"href":"https:\/\/megasonex.com\/fr\/wp-json\/wp\/v2\/media?parent=1847"}],"curies":[{"name":"wp","href":"https:\/\/api.w.org\/{rel}","templated":true}]}}