{"id":1730,"date":"2013-05-01T15:20:57","date_gmt":"2013-05-01T22:20:57","guid":{"rendered":"http:\/\/megasonex.com\/?page_id=1730"},"modified":"2013-05-02T12:25:08","modified_gmt":"2013-05-02T19:25:08","slug":"science","status":"publish","type":"page","link":"https:\/\/megasonex.com\/fr\/toothpaste\/science\/","title":{"rendered":"Science"},"content":{"rendered":"<div style=\"width: 244px\" class=\"wp-caption alignright\"><img loading=\"lazy\" decoding=\"async\" title=\"Hydroxyapatite_Tooth\" alt=\"Hydroxyapatite\" src=\"\/wp-content\/uploads\/Hydroxyapatite_Tooth.jpg\" width=\"234\" height=\"225\" \/><p class=\"wp-caption-text\"><span style=\"font-size: 90%;\">Structure cristalline de l&rsquo;hydroxyapatite de l&rsquo;\u00e9mail<\/span><\/p><\/div>\n<h3>La science du nano-hydroxyapatite<\/h3>\n<p>Imaginez le renouvellement de votre \u00e9mail des dents chaque fois que vous vous brossez. Imaginez avoir le pouvoir de renverser la carie dentaire au stade pr\u00e9coce* au bout de votre brosse \u00e0 dents. Sonne comme la science-fiction? C&rsquo;est un fait scientifique!<\/p>\n<p>&nbsp;<\/p>\n<p>La majorit\u00e9 de l&rsquo;\u00e9mail dentaire est constitu\u00e9 d&rsquo;un cristal dur appel\u00e9 hydroxyapatite. Lorsque les bact\u00e9ries de la plaque dentaire mangent des sucres, ils d\u00e9gagent l&rsquo;acide lactique, qui d\u00e9min\u00e9ralise ou d\u00e9compose ces cristaux, rendant l&rsquo;\u00e9mail plus faible ou peut-\u00eatre m\u00eame compl\u00e8tement le d\u00e9composer, ce qui entra\u00eene des caries ou des cavit\u00e9s.<\/p>\n<p>&nbsp;<\/p>\n<p>Heureusement, votre salive r\u00e9ussit g\u00e9n\u00e9ralement \u00e0 ravitailler ou remin\u00e9raliser l&rsquo;\u00e9mail avec ce petit cristal, \u00e0 seulement quelques nanom\u00e8tres (millioni\u00e8mes de millim\u00e8tre) de diam\u00e8tre, qui restaure votre \u00e9mail \u00e0 une bonne sant\u00e9. Toutefois, s&rsquo;il n&rsquo;y a pas assez d&rsquo;hydroxyapatite dans votre salive, ou si l&rsquo;acide de la plaque submerge votre m\u00e9canisme de d\u00e9fense naturelle, votre \u00e9mail sera lentement dissout, conduisant \u00e0 des cavit\u00e9s.<\/p>\n<p>&nbsp;<\/p>\n<div id=\"attachment_652\" style=\"width: 257px\" class=\"wp-caption alignleft\"><img loading=\"lazy\" decoding=\"async\" aria-describedby=\"caption-attachment-652\" class=\"size-full wp-image-652    \" title=\"Placeholder\" alt=\"Placeholder\" src=\"\/wp-content\/uploads\/Hydroxyapatite_Nanoparticles.png\" width=\"247\" height=\"247\" \/><p id=\"caption-attachment-652\" class=\"wp-caption-text\">Nanoparticules d&rsquo;hydroxyapatite 20-50 nm<\/p><\/div>\n<p>Traditionnellement, les dentifrices utilisent fluorure pour aider \u00e0 renforcer l&rsquo;\u00e9mail des dents et de r\u00e9duire la probabilit\u00e9 de d\u00e9velopper la carie dentaire. Alors que le fluorure est un ingr\u00e9dient b\u00e9n\u00e9fique que beaucoup d&rsquo;entre nous sont d\u00e9j\u00e0 expos\u00e9s dans les aliments et l&rsquo;eau que nous buvons tous les jours, trop de fluor peut causer plus de tort que de bien, y compris les maladies chroniques comme la fluorose ou m\u00eame un empoisonnement.<\/p>\n<p>&nbsp;<\/p>\n<p>Maintenant, il ya un nouvel ingr\u00e9dient\u2026 nano-hydroxyapatite. Contrairement \u00e0 fluorure, nano-hydroxyapatite n&rsquo;aide pas seulement \u00e0 renforcer l&rsquo;\u00e9mail des dents\u2026 il le reconstruit r\u00e9ellement. Nano-hydroxyapatite est une forme nanocristalline d&rsquo;hydroxyapatite, le composent principal de l&rsquo;\u00e9mail dentaire. Quand en forme nanocristalline, \u00e0 la bonne taille, il est assez petit pour \u00eatre capable de coller dans les puits et fissures de l&rsquo;\u00e9mail, coller avec elle pour l&rsquo;aider \u00e0 remin\u00e9raliser.<\/p>\n<p>&nbsp;<\/p>\n<p>Alors que votre salive a nano-hydroxyapatite flottant autour d&rsquo;elle, ce qui explique pourquoi vos dents ne sont pas en train de pourrir plus en plus chaque fois que vous mangez des aliments acides, le dentifrice MEGASONEX \u00ae fournit nano-hydroxyapatite suppl\u00e9mentaire \u00e0 la granulom\u00e9trie de 20-50nm appropri\u00e9 pour turbocharger ce processus naturel de r\u00e9paration. En outre, parce que le dentifrice MEGASONEX \u00ae s&rsquo;appuie sur nano-hydroxyapatite, un ingr\u00e9dient bio-identique qui est parfaitement s\u00e9curitaire de consommer, il n&rsquo;y a absolument aucun risque de surdosage de fluor, m\u00eame pour les enfants.<\/p>\n<p>&nbsp;<\/p>\n<p><span style=\"font-size: 65%; display: inline-block;\">* Nano-hydroxyapatite peut aider \u00e0 inverser la carie dentaire \u00e0 un stade pr\u00e9coce, appel\u00e9 la carie des taches blanches, mais ne peut pas aider une fois que la carie a progress\u00e9 au-del\u00e0 de ce stade. Comme toujours, nous sugg\u00e9rons que tout le monde visite leur dentiste au moins deux fois par an.<\/span><\/p>\n","protected":false},"excerpt":{"rendered":"<p>La science du nano-hydroxyapatite Imaginez le renouvellement de votre \u00e9mail des dents chaque fois que vous vous brossez. Imaginez avoir le pouvoir de renverser la carie dentaire au stade pr\u00e9coce* au bout de votre brosse \u00e0 dents. Sonne comme la science-fiction? C&rsquo;est un fait scientifique! &nbsp; La majorit\u00e9 de l&rsquo;\u00e9mail dentaire est constitu\u00e9 d&rsquo;un cristal [&hellip;]<\/p>\n","protected":false},"author":3,"featured_media":0,"parent":1713,"menu_order":29,"comment_status":"closed","ping_status":"open","template":"","meta":{"footnotes":""},"class_list":["post-1730","page","type-page","status-publish","hentry"],"_links":{"self":[{"href":"https:\/\/megasonex.com\/fr\/wp-json\/wp\/v2\/pages\/1730","targetHints":{"allow":["GET"]}}],"collection":[{"href":"https:\/\/megasonex.com\/fr\/wp-json\/wp\/v2\/pages"}],"about":[{"href":"https:\/\/megasonex.com\/fr\/wp-json\/wp\/v2\/types\/page"}],"author":[{"embeddable":true,"href":"https:\/\/megasonex.com\/fr\/wp-json\/wp\/v2\/users\/3"}],"replies":[{"embeddable":true,"href":"https:\/\/megasonex.com\/fr\/wp-json\/wp\/v2\/comments?post=1730"}],"version-history":[{"count":0,"href":"https:\/\/megasonex.com\/fr\/wp-json\/wp\/v2\/pages\/1730\/revisions"}],"up":[{"embeddable":true,"href":"https:\/\/megasonex.com\/fr\/wp-json\/wp\/v2\/pages\/1713"}],"wp:attachment":[{"href":"https:\/\/megasonex.com\/fr\/wp-json\/wp\/v2\/media?parent=1730"}],"curies":[{"name":"wp","href":"https:\/\/api.w.org\/{rel}","templated":true}]}}