{"id":1845,"date":"2013-05-03T17:36:13","date_gmt":"2013-05-04T00:36:13","guid":{"rendered":"http:\/\/megasonex.com\/?page_id=1845"},"modified":"2013-05-04T23:37:21","modified_gmt":"2013-05-05T06:37:21","slug":"ingredients","status":"publish","type":"page","link":"https:\/\/megasonex.com\/es\/toothpaste\/ingredients\/","title":{"rendered":"Ingredientes"},"content":{"rendered":"<div class=\"toothpaste\"><\/div>\n<div class=\"why\">\n<div class=\"why_headline jtextfill\"><span>Nano-hidroxiapatita<\/span><\/div>\n<div class=\"why_details jtextfill\"><span>El ingrediente clave, nano-hidroxiapatita es el componente m\u00e1s peque\u00f1o de los dientes. A\u00f1adida a la pasta dental, se puede reconstruir el esmalte y hacerlo fuerte, suave y brillante. Porque es muy caro, s\u00f3lo un selecto grupo de pastas dent\u00edfricas de alta calidad usanlo, y muchos que lo utilizan no utilizan una concentraci\u00f3n tan alta como nosotros. Puede bajar los m\u00e1rgenes de beneficio, pero sin ella, nuestra pasta de dent\u00edfrica no ser\u00eda la misma.<\/span><\/div>\n<div style=\"clear: both;\"><\/div>\n<div class=\"why_headline jtextfill\"><span>Sorbitol<\/span><\/div>\n<div class=\"why_details jtextfill\"><span>Utilizamos el sorbitol, un compuesto que se encuentra naturalmente en las manzanas, las peras y los melocotones, con el fin de dar a nuestra pasta dent\u00edfrica su consistencia caracter\u00edstica y tambi\u00e9n para ayudar a que se mantenga suave y evitar que se seque antes de tiempo. Se puede encontrar en una variedad de productos farmac\u00e9uticos y alimenticios, incluyendo enjuagues bucales, casi todos los chicles sin az\u00facar y en el cangrejo surimi a su barra sushi local.<\/span><\/div>\n<div style=\"clear: both;\"><\/div>\n<div class=\"why_headline jtextfill\"><span>Glicerina<\/span><\/div>\n<div class=\"why_details jtextfill\"><span>Utilizamos este l\u00edquido viscoso con el fin de mantener nuestra pasta h\u00fameda y darle su suavidad. Tambi\u00e9n es, naturalmente, un poco dulce, pero a diferencia del az\u00facar, no se alimenta a las bacterias que causan la placa en la boca. Se puede encontrar en las galletas bajas en grasa, en dulces, en los productos l\u00e1cteos e incluso en Hollywood, donde los actores lo ponen alrededor de los ojos con el fin de hacer parecer como si estuvieran llorando.<\/span><\/div>\n<div style=\"clear: both;\"><\/div>\n<div class=\"why_headline jtextfill\"><span>Agua<\/span><\/div>\n<div class=\"why_details jtextfill\"><span>Usamos el agua que es tan puro, la Administraci\u00f3n de Drogas y Alimentos de los Estados Unidos permite que sea utilizado en productos farmac\u00e9uticos regulados. En nuestra f\u00f3rmula, el agua ayuda a mantener nuestra pasta h\u00fameda y pastosa. \u00a1Sin ella, nuestra pasta dent\u00edfrica ser\u00eda muy dif\u00edcil de exprimir!<\/span><\/div>\n<div style=\"clear: both;\"><\/div>\n<div class=\"why_headline jtextfill\"><span>S\u00edlice<\/span><\/div>\n<div class=\"why_details jtextfill\"><span>Al igual que la mayor\u00eda de las pastas dent\u00edfricas, utilizamos s\u00edlice en nuestra formulaci\u00f3n. S\u00edlice, uno de los minerales m\u00e1s comunes, es muy duro y es uno de los componentes principales de porcelana blanca. A diferencia de muchas otras formulaciones que utilizan s\u00edlice tritur\u00f3 groseramente como un agente abrasivo, usamos part\u00edculas microsc\u00f3picas, lo que significa que pulen los dientes, en lugar de desgastarlos, y ayudan a dar nuestra pasta de dientes una textura buena.<\/span><\/div>\n<div style=\"clear: both;\"><\/div>\n<div class=\"why_headline jtextfill\"><span>Xilitol<\/span><\/div>\n<div class=\"why_details jtextfill\"><span>Hacemos un buen uso de xilitol, un edulcorante natural que se encuentra en las fibras de muchas frutas y verduras comunes. A diferencia del az\u00facar (sacarosa), que se alimenta de bacterias que causan caries, xilitol se ha demostrado que ayuda en realidad matar a las bacterias orales da\u00f1inas, como el Streptococcus mutans. Como bono adicional, el xilitol tambi\u00e9n ayuda a crear una sensaci\u00f3n de frescor inconfundible en la boca.<\/span><\/div>\n<div style=\"clear: both;\"><\/div>\n<div class=\"why_headline jtextfill\"><span>Pirofosfato tetras\u00f3dico<\/span><\/div>\n<div class=\"why_details jtextfill\"><span>Utilizamos este compuesto cristalino con el fin de ayudar a eliminar algo del calcio y de magnesio disuelto en la saliva que de otro modo podr\u00eda llevar a formaci\u00f3n del sarro. El pirofosfato tetras\u00f3dico es tan seguro que se utiliza en una variedad de alimentos como el at\u00fan y el cangrejo enlatado, el pud\u00edn y los malvaviscos.<\/span><\/div>\n<div style=\"clear: both;\"><\/div>\n<div class=\"why_headline jtextfill\"><span>Metilcocoil taurato de sodio<\/span><\/div>\n<div class=\"why_details jtextfill\"><span>Utilizamos una peque\u00f1a pizca de esta ingrediente suave derivado de los nueces de coco con el fin de crear un poco de espuma, para ayudar a mejorar la acci\u00f3n de limpieza de nuestra f\u00f3rmula, incluso para los usuarios de los cepillos de dientes manuales, y para ayudar a dar a nuestra f\u00f3rmula la sensaci\u00f3n en la boca que se asocia con la limpieza sin necesidad de recurrir para el uso de agentes como SLS.<\/span><\/div>\n<div style=\"clear: both;\"><\/div>\n<div class=\"why_headline jtextfill\"><span>Mica<\/span><\/div>\n<div class=\"why_details jtextfill\"><span>Utilizamos este mineral de origen natural con el fin de dar a nuestra pasta dent\u00edfrica un aspecto brillante y para pulir las superficies de los dientes para un alto brillo. Mica tiene una larga tradici\u00f3n de uso en una variedad de cosm\u00e9ticos de alta gama, como barras y brillos de labios.<\/span><\/div>\n<div style=\"clear: both;\"><\/div>\n<div class=\"why_headline jtextfill\"><span>Di\u00f3xido de titanio<\/span><\/div>\n<div class=\"why_details jtextfill\"><span>Un mineral natural que es de un blanco deslumbrante, que utilizamos para hacer que nuestra pasta dent\u00edfrica es tan blanca como puede ser y tambi\u00e9n para ayudar temporalmente a hacer que sus dientes parecen m\u00e1s blancos. Perfectamente seguro, tiene una larga historia de uso en alimentos, cosm\u00e9ticos, como colorante en la leche descremada, un principal ingrediente de los protectores solares y hasta como un pigmento de tatuaje.<\/span><\/div>\n<div style=\"clear: both;\"><\/div>\n<div class=\"why_headline jtextfill\"><span>Carboximetilcelulosa de sodio<\/span><\/div>\n<div class=\"why_details jtextfill\"><span>Utilizamos este ingrediente hipoalerg\u00e9nico de origen vegetal para dar a nuestra pasta dent\u00edfrica su espesor caracter\u00edstico, su suavidad y para evitar que los ingredientes se separen. Tambi\u00e9n ayuda a deprimir el punto de congelaci\u00f3n de nuestra f\u00f3rmula, de modo que es m\u00e1s capaz de soportar el env\u00edo a trav\u00e9s de climas fr\u00edos. Este mismo compuesto se utiliza en una amplia variedad de productos farmac\u00e9uticos y alimentos, incluyendo muchas marcas de helado y gotas oft\u00e1lmicas.<\/span><\/div>\n<div style=\"clear: both;\"><\/div>\n<div class=\"why_headline jtextfill\"><span>\u00c1cido c\u00edtrico<\/span><\/div>\n<div class=\"why_details jtextfill\"><span>Este \u00e1cido de origen natural, que da a las frutas como limones su sabor agrio caracter\u00edstico, se utiliza en nuestra f\u00f3rmula para ayudar a mantener el equil\u00edbrio de su pH. El logro de un pH equilibrado en boca es fundamental, ya que el exceso de acidez en la boca puede conducir a la desmineralizaci\u00f3n de los dientes, mientras que el exceso de alcalinidad puede conducir a la formaci\u00f3n de c\u00e1lculos.<\/span><\/div>\n<div style=\"clear: both;\"><\/div>\n<div class=\"why_headline jtextfill\"><span>Sacarina de sodio<\/span><\/div>\n<div class=\"why_details jtextfill\"><span>Para contrarrestar un aspecto del sabor proveniente de la alta concentraci\u00f3n de nano-hidroxiapatita en nuestra f\u00f3rmula de que el xilitol por s\u00ed sola no puede controlar, utilizamos una peque\u00f1a pizquita de este edulcorante. La sacarina ha sido utilizado de manera segura durante m\u00e1s de 130 a\u00f1os como una sustancia que es extremadamente dulce sin calor\u00edas, por lo que, a diferencia de otros edulcorantes como el az\u00facar, no provee alimento para las bacterias nocivas en la boca.<\/span><\/div>\n<div style=\"clear: both;\"><\/div>\n<div class=\"why_headline jtextfill\"><span>Aroma<\/span><\/div>\n<div class=\"why_details jtextfill\"><span>Utilizamos una mezcla patentada de extractos bot\u00e1nicos puros con el fin de dar a nuestra pasta dent\u00edfrica un sabor de menta que es suficientemente suave para ser refrescante, pero no tan fuerte que puede afectar su sentido del gusto.<\/span><\/div>\n<div style=\"clear: both;\"><\/div>\n<\/div>\n","protected":false},"excerpt":{"rendered":"<p>Nano-hidroxiapatita El ingrediente clave, nano-hidroxiapatita es el componente m\u00e1s peque\u00f1o de los dientes. A\u00f1adida a la pasta dental, se puede reconstruir el esmalte y hacerlo fuerte, suave y brillante. Porque es muy caro, s\u00f3lo un selecto grupo de pastas dent\u00edfricas de alta calidad usanlo, y muchos que lo utilizan no utilizan una concentraci\u00f3n tan alta [&hellip;]<\/p>\n","protected":false},"author":3,"featured_media":0,"parent":1715,"menu_order":31,"comment_status":"closed","ping_status":"open","template":"","meta":{"footnotes":""},"class_list":["post-1845","page","type-page","status-publish","hentry"],"_links":{"self":[{"href":"https:\/\/megasonex.com\/es\/wp-json\/wp\/v2\/pages\/1845","targetHints":{"allow":["GET"]}}],"collection":[{"href":"https:\/\/megasonex.com\/es\/wp-json\/wp\/v2\/pages"}],"about":[{"href":"https:\/\/megasonex.com\/es\/wp-json\/wp\/v2\/types\/page"}],"author":[{"embeddable":true,"href":"https:\/\/megasonex.com\/es\/wp-json\/wp\/v2\/users\/3"}],"replies":[{"embeddable":true,"href":"https:\/\/megasonex.com\/es\/wp-json\/wp\/v2\/comments?post=1845"}],"version-history":[{"count":0,"href":"https:\/\/megasonex.com\/es\/wp-json\/wp\/v2\/pages\/1845\/revisions"}],"up":[{"embeddable":true,"href":"https:\/\/megasonex.com\/es\/wp-json\/wp\/v2\/pages\/1715"}],"wp:attachment":[{"href":"https:\/\/megasonex.com\/es\/wp-json\/wp\/v2\/media?parent=1845"}],"curies":[{"name":"wp","href":"https:\/\/api.w.org\/{rel}","templated":true}]}}