{"id":9518,"date":"2019-05-13T11:05:53","date_gmt":"2019-05-13T18:05:53","guid":{"rendered":"https:\/\/megasonex.com\/buy\/"},"modified":"2026-05-11T18:49:02","modified_gmt":"2026-05-12T01:49:02","slug":"buy","status":"publish","type":"page","link":"https:\/\/megasonex.com\/de\/buy\/","title":{"rendered":"Kaufen"},"content":{"rendered":"<p><img decoding=\"async\" src=\"\/wp-content\/uploads\/Toothbrush_Hand_Sideways.jpg\" width=\"100%\" \/><\/p>\n<div style=\"font-size: 120%;\">\n<select id=\"locations\" style=\"width: 300px;\" name=\"page-dropdown\" onchange=\"document.location.href=this.options[this.selectedIndex].value;\"><option value=\"other\">Andere Standorte<\/option><option value=\"russia\">Russland<\/option><option value=\"https:\/\/www.smile-store.de\/marken\/megasonex.html\">Deutschland<\/option><option value=\"https:\/\/www.smile-store.de\/marken\/megasonex.html\">\u00d6sterreich<\/option><option value=\"https:\/\/www.smile-store.de\/marken\/megasonex.html\">Schweiz<\/option><option value=\"https:\/\/www.smile-store.de\/marken\/megasonex.html\">Liechtenstein<\/option><option value=\"https:\/\/megasonexchile.com\">Chile<\/option><option value=\"https:\/\/www.cleant.eu\/bg\/megasonex\">Bulgarien<\/option><option value=\"https:\/\/www.cleant.eu\/hr\/megasonex\">Kroatien<\/option><option value=\"https:\/\/www.cleant.eu\/cz\/megasonex\">Tschechien<\/option><option value=\"https:\/\/www.cleant.hu\/megasonex\">Ungarn<\/option><option value=\"https:\/\/www.cleant.eu\/ro\/megasonex\">Rum\u00e4nien<\/option><option value=\"https:\/\/www.cleant.eu\/sk\/megasonex\">Slowakei<\/option><option value=\"https:\/\/www.megasonex.shopping\/shop\/en\">Estland<\/option><option value=\"https:\/\/arbor.lv\/katalogs\/24_megasonex\">Lettland<\/option><option value=\"https:\/\/www.dsmile.lt\/paieska\/q-megasonex\/qc-products\">Litauen<\/option><option value=\"https:\/\/www.arsdental.pl\/produkty\/oferta-handlowa.html?filters%5B3%5D%5B%5D=2&#038;producent%5B%5D=3&#038;sortby=&#038;page=1\">Polen<\/option><option value=\"http:\/\/www.megasonex-trgovina.si\/\">Slowenien<\/option><option value=\"https:\/\/www.megasonex.shopping\/shop\/de\">Frankreich<\/option><option value=\"https:\/\/www.megasonex.shopping\/shop\/de\">Italien<\/option><option value=\"https:\/\/www.megasonex.shopping\/shop\/en\">Spanien<\/option><option value=\"https:\/\/www.megasonex.shopping\/shop\/de\">Niederlande<\/option><option value=\"https:\/\/www.megasonex.shopping\/shop\/de\">Schweden<\/option><option value=\"https:\/\/www.megasonex.shopping\/shop\/de\">Belgien<\/option><option value=\"https:\/\/www.megasonex.shopping\/shop\/de\">Norwegen<\/option><option value=\"https:\/\/www.megasonex.shopping\/shop\/de\">Irland<\/option><option value=\"https:\/\/www.megasonex.shopping\/shop\/de\">D\u00e4nemark<\/option><option value=\"https:\/\/www.megasonex.shopping\/shop\/de\">Finnland<\/option><option value=\"https:\/\/www.megasonex.shopping\/shop\/de\">Portugal<\/option><option value=\"https:\/\/www.megasonex.shopping\/shop\/de\">Griechenland<\/option><option value=\"https:\/\/www.megasonex.shopping\/shop\/de\">Luxemburg<\/option><option value=\"https:\/\/www.megasonex.shopping\/shop\/de\">Zypern<\/option><option value=\"https:\/\/www.megasonex.shopping\/shop\/de\">Malta<\/option><option value=\"https:\/\/www.megasonex.shopping\/shop\/de\">Island<\/option><option value=\"https:\/\/www.megasonex.shopping\/shop\/de\">Andorra<\/option><option value=\"https:\/\/www.megasonex.shopping\/shop\/de\">San Marino<\/option><option value=\"https:\/\/www.megasonex.shopping\/shop\/de\">Monaco<\/option><option value=\"us\">Vereinigte Staaten<\/option><option value=\"other\">Gro\u00dfbritannien<\/option><option value=\"other\">China<\/option><option value=\"https:\/\/www.rakuten.co.jp\/megasonex\/\">Japan<\/option><option value=\"other\">Indien<\/option><option value=\"other\">Kanada<\/option><option value=\"other\">S\u00fcdkorea<\/option><option value=\"other\">Australien<\/option><option value=\"other\">Mexiko<\/option><option value=\"other\">Indonesien<\/option><option value=\"other\">Taiwan<\/option><option value=\"other\">Hongkong<\/option><option value=\"other\">Singapur<\/option><option value=\"other\">Malaysia<\/option><option value=\"other\">Philippinen<\/option><option value=\"other\">Neuseeland<\/option><option value=\"other\">Macau<\/option><option value=\"other\">Thailand<\/option><option value=\"other\">Vietnam<\/option><option value=\"other\">Brunei<\/option><option value=\"other\">T\u00fcrkei<\/option><\/select><\/p>\n<\/div>\n<p><script src=\"https:\/\/ajax.googleapis.com\/ajax\/libs\/jquery\/2.1.1\/jquery.min.js\"><\/script><br \/>\n<script>\njQuery(document).ready(function() {\n    jQuery(\"#locations\").html(jQuery('#locations option').sort(function(x, y) {\n         return jQuery(x).text() < jQuery(y).text() ? -1 : 1;\n   }));\n   jQuery(\"#locations \").prepend('<option value=\"\" selected>Bitte w\u00e4hlen Sie ein Standorte aus\u2026<\/option>');\n   e.preventDefault();\n});\n<\/script><\/p>\n","protected":false},"excerpt":{"rendered":"<p>Andere StandorteRusslandDeutschland\u00d6sterreichSchweizLiechtensteinChileBulgarienKroatienTschechienUngarnRum\u00e4nienSlowakeiEstlandLettlandLitauenPolenSlowenienFrankreichItalienSpanienNiederlandeSchwedenBelgienNorwegenIrlandD\u00e4nemarkFinnlandPortugalGriechenlandLuxemburgZypernMaltaIslandAndorraSan MarinoMonacoVereinigte StaatenGro\u00dfbritannienChinaJapanIndienKanadaS\u00fcdkoreaAustralienMexikoIndonesienTaiwanHongkongSingapurMalaysiaPhilippinenNeuseelandMacauThailandVietnamBruneiT\u00fcrkei<\/p>\n","protected":false},"author":3,"featured_media":0,"parent":0,"menu_order":10,"comment_status":"closed","ping_status":"closed","template":"","meta":{"footnotes":""},"class_list":["post-9518","page","type-page","status-publish","hentry"],"_links":{"self":[{"href":"https:\/\/megasonex.com\/de\/wp-json\/wp\/v2\/pages\/9518","targetHints":{"allow":["GET"]}}],"collection":[{"href":"https:\/\/megasonex.com\/de\/wp-json\/wp\/v2\/pages"}],"about":[{"href":"https:\/\/megasonex.com\/de\/wp-json\/wp\/v2\/types\/page"}],"author":[{"embeddable":true,"href":"https:\/\/megasonex.com\/de\/wp-json\/wp\/v2\/users\/3"}],"replies":[{"embeddable":true,"href":"https:\/\/megasonex.com\/de\/wp-json\/wp\/v2\/comments?post=9518"}],"version-history":[{"count":5,"href":"https:\/\/megasonex.com\/de\/wp-json\/wp\/v2\/pages\/9518\/revisions"}],"predecessor-version":[{"id":16549,"href":"https:\/\/megasonex.com\/de\/wp-json\/wp\/v2\/pages\/9518\/revisions\/16549"}],"wp:attachment":[{"href":"https:\/\/megasonex.com\/de\/wp-json\/wp\/v2\/media?parent=9518"}],"curies":[{"name":"wp","href":"https:\/\/api.w.org\/{rel}","templated":true}]}}