{"id":4418,"date":"2014-04-03T13:45:41","date_gmt":"2014-04-03T20:45:41","guid":{"rendered":"http:\/\/megasonex.com\/?page_id=4418"},"modified":"2014-04-03T13:49:53","modified_gmt":"2014-04-03T20:49:53","slug":"ingredients","status":"publish","type":"page","link":"https:\/\/megasonex.com\/de\/toothpaste\/ingredients\/","title":{"rendered":"Inhaltsstoffe"},"content":{"rendered":"<div class=\"toothpaste\"><\/div>\n<div class=\"why\">\n<div class=\"why_headline jtextfill\"><span>Nano-Hydroxylapatit<\/span><\/div>\n<div class=\"why_details jtextfill\"><span>Unser wichtigster Wirkstoff Nano-Hydroxylapatit ist der kleinste Baustein unserer Z\u00e4hne. Wenn es in Zahnpasta enthalten ist, kann es Zahnschmelz wieder aufbauen und macht ihn hart, glatt und gl\u00e4nzend. Da der Wirkstoff sehr teuer ist, wird er nur in wenigen hochwertigen Zahnpastas eingesetzt und in vielen Zahnpastas nicht in einer so hohen Konzentration wie in unserer. Auch wenn das unsere Gewinnmarge schm\u00e4lert, ohne Nano-Hydroxylapatit w\u00e4re unsere Zahnpasta nicht dieselbe.<\/span><\/div>\n<div style=\"clear: both;\"><\/div>\n<div class=\"why_headline jtextfill\"><span>Sorbitol<\/span><\/div>\n<div class=\"why_details jtextfill\"><span>Sorbitol ist eine Verbindung, die in der Natur in \u00c4pfeln, Birnen und Pfirsichen vorkommt. Wir verwenden Sorbitol, um unserer Zahnpasta ihre charakteristische Konsistenz zu verleihen und um sicherzustellen, dass sie weich bleibt und nicht verfr\u00fcht austrocknet. Sorbitol ist in vielen pharmazeutischen Produkten und Lebensmitteln enthalten, unter anderem in Mundwasser, nahezu allen zuckerfreien Kaugummis und in Surimi Krebsfleischimitat in Sushi Restaurants.<\/span><\/div>\n<div style=\"clear: both;\"><\/div>\n<div class=\"why_headline jtextfill\"><span>Glyzerin<\/span><\/div>\n<div class=\"why_details jtextfill\"><span>Dieser sirupartige Stoff kommt in unserer Zahnpasta zum Einsatz, um sie feucht zu halten und ihr Gl\u00e4tte zu verleihen. Glyzerin ist von Natur aus s\u00fc\u00dflich, aber im Gegensatz Zucker, versorgt es die Plaque hervorrufenden Bakterien im Mund nicht mit Nahrung. Glyzerin ist in fettarmen Keksen, S\u00fc\u00dfwaren, Milchprodukten enthalten und kommt sogar in Hollywood zum Einsatz, wo Schauspieler es als k\u00fcnstliche Tr\u00e4nen verwenden.<\/span><\/div>\n<div style=\"clear: both;\"><\/div>\n<div class=\"why_headline jtextfill\"><span>Wasser<\/span><\/div>\n<div class=\"why_details jtextfill\"><span>Das Wasser, das wir verwenden, ist so rein, dass es die US Gesundheitsbeh\u00f6rde FDA es f\u00fcr regulierte Pharmazeutika zul\u00e4sst. In unserer Formel hilft Wasser dabei, die Zahnpasta feucht und pastenartig zu erhalten. Ohne Wasser k\u00f6nnten Sie die Zahnpasta kaum herauspressen.<\/span><\/div>\n<div style=\"clear: both;\"><\/div>\n<div class=\"why_headline jtextfill\"><span>Siliziumdioxid<\/span><\/div>\n<div class=\"why_details jtextfill\"><span>Wie in den meisten Zahnpastas kommt auch in unserer Formel Siliziumdioxid (Kieselerde) zum Einsatz. Siliziumdioxid ist eines der am h\u00e4ufigsten vorkommenden Mineralien. Es ist sehr hart und einer der Hauptbestandteile in Porzellan. Im Gegensatz zu anderen Zahnpasta-Formulierungen, die grob geriebenes Siliziumdioxid als Schleifmittel verwenden, verwenden wir mikroskopisch kleine Partikel, die Ihre Z\u00e4hne nicht abreiben, sondern polieren. Zus\u00e4tzlich gibt Siliziumdioxid der Zahnpasta die richtige Textur.<\/span><\/div>\n<div style=\"clear: both;\"><\/div>\n<div class=\"why_headline jtextfill\"><span>Xylitol<\/span><\/div>\n<div class=\"why_details jtextfill\"><span>Xylitol ist ein nat\u00fcrlicher S\u00fc\u00dfstoff, der in den Fasern vieler Fr\u00fcchte und Gem\u00fcse vorkommt. Im Unterschied zu normalem Zucker (Saccharose), welche den Kariesbakterien Nahrung bietet, hilft Xylitol dabei, sch\u00e4dliche Bakterien, wie dem Streptokokkus mutans, im Mund zu t\u00f6ten. Als Bonus tr\u00e4gt Xylitol zum unverwechselbar k\u00fchlen, erfrischenden Geschmackserlebnis im Mund bei.<\/span><\/div>\n<div style=\"clear: both;\"><\/div>\n<div class=\"why_headline jtextfill\"><span>Tetranatriumpyrophosphat<\/span><\/div>\n<div class=\"why_details jtextfill\"><span>Dieser kristalline Wirkstoff wird verwendet, um die im Speichel gel\u00f6sten Kalzium- und Magnesiumbestandteile zu entfernen, die sonst zur Zahnsteinbildung f\u00fchren w\u00fcrden. Tetranatriumpyrophosphat ist so sicher, dass es in vielerlei Lebensmitteln zum Einsatz kommt, zum Beispiel in Dosen-Thunfisch oder \u2013Krebsfleisch, Pudding und M\u00e4usespeck.<\/span><\/div>\n<div style=\"clear: both;\"><\/div>\n<div class=\"why_headline jtextfill\"><span>Natriummethylkokoyltaurat<\/span><\/div>\n<div class=\"why_details jtextfill\"><span>Wir verwenden ein kleines bisschen dieses milden Wirkstoffes, der aus der Kokosnuss gewonnen wird, um ein wenig Schaumbildung zu erzeugen und um die Reinigungsleistung unserer Formel f\u00fcr Nutzer von Handzahnb\u00fcrsten zu verbessern. Weiterhin gibt der Wirkstoff unserer Formel das Mundgef\u00fchl, dass viele Nutzer mit Sauberkeit assoziieren, ohne dabei Stoffe wie Natriumlaurylsulfalt zu verwenden.<\/span><\/div>\n<div style=\"clear: both;\"><\/div>\n<div class=\"why_headline jtextfill\"><span>Glimmer<\/span><\/div>\n<div class=\"why_details jtextfill\"><span>Wir verwenden dieses nat\u00fcrlich vorkommende Mineral, um unserer Zahnpasta ein schimmerndes Aussehen zu verleihen und um die Zahnoberfl\u00e4chen auf Hochglanz zu polieren. Glimmer kommt in einer Vielfalt von Kosmetika zum Einsatz, unter anderem in Lippenstift und Lipgloss.<\/span><\/div>\n<div style=\"clear: both;\"><\/div>\n<div class=\"why_headline jtextfill\"><span>Titandioxid<\/span><\/div>\n<div class=\"why_details jtextfill\"><span>Titandioxid ist ein in der Natur vorkommendes Mineral, das blendend wei\u00df ist. Es wird in unserer Zahnpasta verwendet, um sie so wei\u00df wie m\u00f6glich zu machen. Es l\u00e4sst Ihre Z\u00e4hne vor\u00fcbergehend wei\u00dfer erscheinen. Es ist vollkommen anwendungssicher und wird in Lebensmitteln und Kosmetika verwendet. Zum Beispiel als Farbstoff in fettarmer Milch, als Hauptbestandteil von Sonnencreme und sogar als Farbpigment in T\u00e4towierungen.<\/span><\/div>\n<div style=\"clear: both;\"><\/div>\n<div class=\"why_headline jtextfill\"><span>Natriumcarboxymethylcellulose<\/span><\/div>\n<div class=\"why_details jtextfill\"><span>Dieses hypoallergene Pflanzenerzeugnis gibt unserer Zahnpasta ihre charakteristische Dicke, Gl\u00e4tte und hilft dabei, dass die Wirkstoffe nicht abtrennen. Es hilft auch dabei, den Gefrierpunkt unserer Formel niedrig zu halten, damit unser Produkt den Versand in niedrigen Temperaturen besser \u00fcbersteht. Dieser Einsatzstoff findet in einer Vielzahl von Pharmaprodukten und Lebensmitteln Anwendung, unter anderem in vielen Eiscremesorten und Augentropfen.<\/span><\/div>\n<div style=\"clear: both;\"><\/div>\n<div class=\"why_headline jtextfill\"><span>Zitronens\u00e4ure<\/span><\/div>\n<div class=\"why_details jtextfill\"><span>Diese nat\u00fcrliche S\u00e4ure, die Fr\u00fcchten wie Zitronen ihre nat\u00fcrliche S\u00e4ure gibt, wird verwendet, um den pH-Wert in unserem Produkt auszugleichen. Einen ausgeglichenen pH-Wert im Mund zu erhalten ist wichtig, da ein zu hoher S\u00e4uregehalt im Mund zur Demineralisierung Ihrer Z\u00e4hne f\u00fchren kann. Ein zu hoher Laugengehalt kann zu Zahnsteinbildung f\u00fchren.<\/span><\/div>\n<div style=\"clear: both;\"><\/div>\n<div class=\"why_headline jtextfill\"><span>Natriumsaccharin<\/span><\/div>\n<div class=\"why_details jtextfill\"><span>Da der Geschmack von Nano-Hydroxylapatit sehr stark ist und nicht allein von Xylitol ausgeglichen werden kann, verwenden wir ein wenig S\u00fc\u00dfstoff. Saccharin ist seit mehr als 130 Jahren sicher als S\u00fc\u00dfstoff im Einsatz. Es ist extrem s\u00fc\u00df und hat keine Kalorien und bietet im Unterschied zu anderen S\u00fc\u00dfstoffen, wie Zucker, keine Nahrungsquelle f\u00fcr sch\u00e4dliche Bakterien im Mund.<\/span><\/div>\n<div style=\"clear: both;\"><\/div>\n<div class=\"why_headline jtextfill\"><span>Aroma<\/span><\/div>\n<div class=\"why_details jtextfill\"><span>Wir verwenden eine firmeneigene Mischung botanischer Extrakte, um unserer Zahnpasta einen minzigen Geschmack zu geben, der mild genug ist, um erfrischend zu wirken aber gleichzeitig nicht Ihren Geschmackssinn zu beeinflussen.<\/span><\/div>\n<div style=\"clear: both;\"><\/div>\n<\/div>\n","protected":false},"excerpt":{"rendered":"<p>Nano-Hydroxylapatit Unser wichtigster Wirkstoff Nano-Hydroxylapatit ist der kleinste Baustein unserer Z\u00e4hne. Wenn es in Zahnpasta enthalten ist, kann es Zahnschmelz wieder aufbauen und macht ihn hart, glatt und gl\u00e4nzend. Da der Wirkstoff sehr teuer ist, wird er nur in wenigen hochwertigen Zahnpastas eingesetzt und in vielen Zahnpastas nicht in einer so hohen Konzentration wie in [&hellip;]<\/p>\n","protected":false},"author":3,"featured_media":0,"parent":4393,"menu_order":31,"comment_status":"closed","ping_status":"open","template":"","meta":{"footnotes":""},"class_list":["post-4418","page","type-page","status-publish","hentry"],"_links":{"self":[{"href":"https:\/\/megasonex.com\/de\/wp-json\/wp\/v2\/pages\/4418","targetHints":{"allow":["GET"]}}],"collection":[{"href":"https:\/\/megasonex.com\/de\/wp-json\/wp\/v2\/pages"}],"about":[{"href":"https:\/\/megasonex.com\/de\/wp-json\/wp\/v2\/types\/page"}],"author":[{"embeddable":true,"href":"https:\/\/megasonex.com\/de\/wp-json\/wp\/v2\/users\/3"}],"replies":[{"embeddable":true,"href":"https:\/\/megasonex.com\/de\/wp-json\/wp\/v2\/comments?post=4418"}],"version-history":[{"count":0,"href":"https:\/\/megasonex.com\/de\/wp-json\/wp\/v2\/pages\/4418\/revisions"}],"up":[{"embeddable":true,"href":"https:\/\/megasonex.com\/de\/wp-json\/wp\/v2\/pages\/4393"}],"wp:attachment":[{"href":"https:\/\/megasonex.com\/de\/wp-json\/wp\/v2\/media?parent=4418"}],"curies":[{"name":"wp","href":"https:\/\/api.w.org\/{rel}","templated":true}]}}