{"id":4393,"date":"2014-03-29T17:28:07","date_gmt":"2014-03-30T00:28:07","guid":{"rendered":"http:\/\/megasonex.com\/?page_id=4393"},"modified":"2014-03-29T17:31:46","modified_gmt":"2014-03-30T00:31:46","slug":"toothpaste","status":"publish","type":"page","link":"https:\/\/megasonex.com\/de\/toothpaste\/","title":{"rendered":"Zahnpasta"},"content":{"rendered":"<p><img decoding=\"async\" src=\"\/wp-content\/uploads\/Toothpaste_Cropped.jpg\" width=\"20%\" style=\"float: right;\"\/><\/p>\n<div style=\"font-size: 120%\">\n&nbsp;<\/p>\n<p>  Stellen Sie sich vor, wie es w\u00e4re, wenn Sie Ihre Z\u00e4hne bei jedem Putzen reparieren k\u00f6nnten.<\/p>\n<p>  &nbsp;<\/p>\n<p>  Stellen Sie sich vor, wie es w\u00e4re, Ihre Z\u00e4hne wei\u00dfer zu machen und dabei nat\u00fcrliche Prozesse nicht zu behindern, sondern zu f\u00f6rdern.<\/p>\n<p>  &nbsp;<\/p>\n<p>  Stellen Sie sich vor, Ihre Z\u00e4hne mit einer professionellen Formel zu putzen, die hocheffektiv ist, jedoch keine der scharfen Chemikalien verwendet.<\/p>\n<p>  &nbsp;<\/p>\n<p>  Stellen Sie sich eine Zahnpasta vor, die keine bitteren Inhaltsstoffe hat, die es gilt zu \u00fcberdecken. Eine Zahnpasta, die tats\u00e4chlich erfrischend ist und nicht aufdringlich.<\/p>\n<p>  &nbsp;<\/p>\n<p>  Stellen Sie sich eine neue Art Zahnpasta vor.<\/p>\n<p>  &nbsp;<\/p>\n<p>  Dank der neusten Innovationen von MEGASONEX\u00ae, ist diese Fantasie nun Wirklichkeit geworden.<\/p>\n<p>  &nbsp;<\/p>\n<p>  &nbsp;<\/p>\n<p>  Wir stellen vor: die revolution\u00e4re MEGASONEX\u00ae Zahnpasta \u2026 die welterste Nano-Hydroxylapatit-Zahnpasta, die speziell f\u00fcr den Einsatz von elektrischen und Ultraschallzahnb\u00fcrsten entwickelt wurde. Sie funktioniert \u00fcbrigens genauso gut mit Handzahnb\u00fcrsten.<\/p>\n<p>  &nbsp;<\/p>\n<p>  Schauen Sie sich hier die <a href=\"features\">Merkmale<\/a> an, lernen Sie etwas \u00fcber die <a href=\"science\">Wissenschaft<\/a>, die hinter Nano-Hydroxylapatit steckt, oder finden Sie mehr \u00fcber die <a href=\"ingredients\">Bestandteile<\/a> der Zahnpasta heraus. Sehen Sie selbst, warum die MEGASONEX\u00ae Zahnpasta eine Zahnpasta der Extraklasse ist.<\/p>\n<\/div>\n","protected":false},"excerpt":{"rendered":"<p>&nbsp; Stellen Sie sich vor, wie es w\u00e4re, wenn Sie Ihre Z\u00e4hne bei jedem Putzen reparieren k\u00f6nnten. &nbsp; Stellen Sie sich vor, wie es w\u00e4re, Ihre Z\u00e4hne wei\u00dfer zu machen und dabei nat\u00fcrliche Prozesse nicht zu behindern, sondern zu f\u00f6rdern. &nbsp; Stellen Sie sich vor, Ihre Z\u00e4hne mit einer professionellen Formel zu putzen, die hocheffektiv [&hellip;]<\/p>\n","protected":false},"author":3,"featured_media":0,"parent":0,"menu_order":31,"comment_status":"closed","ping_status":"open","template":"","meta":{"footnotes":""},"class_list":["post-4393","page","type-page","status-publish","hentry"],"_links":{"self":[{"href":"https:\/\/megasonex.com\/de\/wp-json\/wp\/v2\/pages\/4393","targetHints":{"allow":["GET"]}}],"collection":[{"href":"https:\/\/megasonex.com\/de\/wp-json\/wp\/v2\/pages"}],"about":[{"href":"https:\/\/megasonex.com\/de\/wp-json\/wp\/v2\/types\/page"}],"author":[{"embeddable":true,"href":"https:\/\/megasonex.com\/de\/wp-json\/wp\/v2\/users\/3"}],"replies":[{"embeddable":true,"href":"https:\/\/megasonex.com\/de\/wp-json\/wp\/v2\/comments?post=4393"}],"version-history":[{"count":0,"href":"https:\/\/megasonex.com\/de\/wp-json\/wp\/v2\/pages\/4393\/revisions"}],"wp:attachment":[{"href":"https:\/\/megasonex.com\/de\/wp-json\/wp\/v2\/media?parent=4393"}],"curies":[{"name":"wp","href":"https:\/\/api.w.org\/{rel}","templated":true}]}}