{"id":3904,"date":"2014-03-25T09:56:45","date_gmt":"2014-03-25T16:56:45","guid":{"rendered":"http:\/\/megasonex.com\/?page_id=3904"},"modified":"2014-03-25T09:59:38","modified_gmt":"2014-03-25T16:59:38","slug":"scraper","status":"publish","type":"page","link":"https:\/\/megasonex.com\/de\/scraper\/","title":{"rendered":"Zungenreiniger"},"content":{"rendered":"<p><img decoding=\"async\" src=\"\/wp-content\/uploads\/Scraper_Hand_Sideways.jpg\" width=\"100%\"\/><\/p>\n<div style=\"font-size: 120%\">\n<p>&nbsp;<\/p>\n<p>Die Reinigung Ihrer Zunge ist ein wichtiger Teil Ihrer t\u00e4glichen Mundhygiene. Viele Bakterien, die Plaque, Mundgeruch oder andere Probleme im Mund verursachen, sammeln sich auf Ihrer Zunge an und m\u00fcssen regelm\u00e4\u00dfig entfernt werden. Allerdings sind bisher erh\u00e4ltliche Instrumente zur S\u00e4uberung Ihrer Zunge eher primitiv.<\/p>\n<p>&nbsp;<\/p>\n<p>Wir stellen vor: der welterste Ultraschall-Zungenreiniger \u2026 von MEGASONEX\u00ae<\/p>\n<p>&nbsp;<\/p>\n<p>Anstatt damit Geld zu machen, ein v\u00f6llig neues Ger\u00e4t zu verkaufen, haben wir beschlossen, den Besitzern eine MEGASONEX\u00ae Zahnb\u00fcrste, den Zugang zu genialer Zungenreinigung zu geben. Unser Zungenreiniger ist ein Aufsatz, den Sie auf Ihren Zahnb\u00fcrstengriff im Handumdrehen aufbringen k\u00f6nnen. Tauschen Sie den B\u00fcrstenkopf Ihrer MEGASONEX\u00ae einfach gegen den Zungenreiniger aus, und voil\u00e0 \u2026 Ihre Zahnb\u00fcrste wurde in den weltweit leistungsst\u00e4rksten Zungenreiniger verwandelt. Schauen Sie sich die <a href=\"features\">Merkmale<\/a> und die <a href=\"science\">Wissenschaft<\/a>, die hinter unserem Zungenreiniger steckt, genau an oder lernen Sie <a href=\"instructions\">wie Sie ihn anwenden<\/a>, um die besten Ergebnisse zu erzielen.<\/p>\n<\/div>\n","protected":false},"excerpt":{"rendered":"<p>&nbsp; Die Reinigung Ihrer Zunge ist ein wichtiger Teil Ihrer t\u00e4glichen Mundhygiene. Viele Bakterien, die Plaque, Mundgeruch oder andere Probleme im Mund verursachen, sammeln sich auf Ihrer Zunge an und m\u00fcssen regelm\u00e4\u00dfig entfernt werden. Allerdings sind bisher erh\u00e4ltliche Instrumente zur S\u00e4uberung Ihrer Zunge eher primitiv. &nbsp; Wir stellen vor: der welterste Ultraschall-Zungenreiniger \u2026 von MEGASONEX\u00ae [&hellip;]<\/p>\n","protected":false},"author":3,"featured_media":0,"parent":0,"menu_order":28,"comment_status":"closed","ping_status":"open","template":"","meta":{"footnotes":""},"class_list":["post-3904","page","type-page","status-publish","hentry"],"_links":{"self":[{"href":"https:\/\/megasonex.com\/de\/wp-json\/wp\/v2\/pages\/3904","targetHints":{"allow":["GET"]}}],"collection":[{"href":"https:\/\/megasonex.com\/de\/wp-json\/wp\/v2\/pages"}],"about":[{"href":"https:\/\/megasonex.com\/de\/wp-json\/wp\/v2\/types\/page"}],"author":[{"embeddable":true,"href":"https:\/\/megasonex.com\/de\/wp-json\/wp\/v2\/users\/3"}],"replies":[{"embeddable":true,"href":"https:\/\/megasonex.com\/de\/wp-json\/wp\/v2\/comments?post=3904"}],"version-history":[{"count":0,"href":"https:\/\/megasonex.com\/de\/wp-json\/wp\/v2\/pages\/3904\/revisions"}],"wp:attachment":[{"href":"https:\/\/megasonex.com\/de\/wp-json\/wp\/v2\/media?parent=3904"}],"curies":[{"name":"wp","href":"https:\/\/api.w.org\/{rel}","templated":true}]}}