{"id":6056,"date":"2014-10-26T11:13:15","date_gmt":"2014-10-26T18:13:15","guid":{"rendered":"http:\/\/megasonex.com\/?page_id=6056"},"modified":"2014-10-26T11:22:16","modified_gmt":"2014-10-26T18:22:16","slug":"privacy","status":"publish","type":"page","link":"https:\/\/megasonex.com\/bs\/privacy\/","title":{"rendered":"Za\u0161tita osobnih podataka"},"content":{"rendered":"<p>\u010cvrsto vjerujemo u za\u0161titu osobnih podataka koje dijelite s nama i \u017eelimo vas informirati o tome kako \u0107emo koristiti va\u0161e osobne podatke. Stoga vas savjetujemo da pa\u017eljivo pro\u010ditate pravila privatnosti.<\/p>\n<h3><strong>Koje podatke prikupljamo?<\/strong><\/h3>\n<p>Mi prikupljamo informacije od vas kada se registrirate na na\u0161im stranicama, napravite narud\u017ebu, registrirate proizvod, pretplatite se na na\u0161 newsletter, odgovorite na ankete ili ispunite obrazac.<\/p>\n<p>&nbsp;<\/p>\n<p>Kada naru\u010dujete ili se registrirate na na\u0161im stranicama, mo\u017eda \u0107e se od vas tra\u017eiti da unesete: ime i prezime, e-mail adresu, adresu, broj telefona i \/ ili podatke o kreditnoj kartici. Me\u0111utim mo\u017eete posjetiti na\u0161u stranicu anonimno.<\/p>\n<h3><strong>Za \u0161to \u0107emo koristiti va\u0161e osobne podatke?<\/strong><\/h3>\n<p>Dijeljenje va\u0161ih osobnih podataka nam omogu\u0107uje da vam ponudimo brojne pogodnosti:<\/p>\n<ul>\n<li>Registracija va\u0161e kupnje (tako \u0107ete dobiti sve prednosti proizvoda koje vam pripadaju)<\/li>\n<li>Sudjelovanje u online skupinama<\/li>\n<li>Primanje informacija, osobnih poruka i posebnih ponuda koje su relevantne za va\u0161e interese<\/li>\n<li>U\u0161teda vremena spremanjem va\u0161ih postavki<\/li>\n<li>Kupovina na\u0161ih proizvoda online<\/li>\n<\/ul>\n<p>Tako\u0111er mo\u017eemo koristiti prikupljene informacije ne ograni\u010davaju\u0107i se na jedan ili vi\u0161e na\u010dina navedenih u nastavku:<\/p>\n<ul>\n<li>Pribli\u017eavanje va\u0161im \u017eeljama (va\u0161i podatci nam poma\u017eu da bolje odgovorimo navVa\u0161e osobne potrebe)<\/li>\n<li>Pobolj\u0161avanje na\u0161e web stranice (mi stalno nastojimo pobolj\u0161ati na\u0161u web stranicu na temelju va\u0161ih podataka i povratnih informacija)<\/li>\n<li>Za pobolj\u0161anje usluge kupcima (va\u0161i podatci nam poma\u017eu da u\u010dinkovitije odgovorimo na va\u0161e potrebe i \u017eelje)<\/li>\n<li>Kako bismo pobolj\u0161ali na\u0161e proizvode i usluge (va\u0161i podaci nam poma\u017eu u istra\u017eivanju tr\u017ei\u0161ta)<\/li>\n<li>Za obradu transakcija<\/li>\n<li>Za administriranje natjecanja, promocija, anketa ili drugih vrsta informacija<\/li>\n<li>Kako bi vam povremeno slali e-po\u0161tu<\/li>\n<\/ul>\n<p>Va\u0161e osobne podatke mo\u017eete podijeliti s nama putem interneta na vi\u0161e razli\u010ditih na\u010dina, kao \u0161to su naru\u010divanjem proizvoda, registracijom kupnje, sudjelovanjem u promocijama, nagradnim igrama ili pretpla\u0107ivanjem na newsletter. Tako\u0111er s nama mo\u017eete podijeliti osobne podatke vra\u0107anjem kartice koju dobivate s kupljenim proizvodom ili pru\u017eanjem informacija na\u0161im predstavnicima putem e-maila, telefona ili u pisanom obliku.<\/p>\n<p>&nbsp;<\/p>\n<p>Ponekad mo\u017eemo dobiti va\u0161e osobne podatke putem vanjskih partnera. Na primjer, informacije se mogu dobiti iz partnerskih tvrtki kojima ste prethodno dali svoje osobne podatke. Ako u odre\u0111enom slu\u010daju ne \u017eelite da koristimo va\u0161e osobne podatke, koje nismo dobili osobno, molimo kontaktirajte nas na gore navedenu adresu.<\/p>\n<h3><strong>Koristimo li kola\u010di\u0107e?<\/strong><\/h3>\n<p>Da.<\/p>\n<ul>\n<li>Kola\u010di\u0107i su male datoteke koje web stranice ili online usluge prenose na tvrdi disk va\u0161eg ra\u010dunala kroz web preglednik (osim ako isklju\u010dite tu mogu\u0107nost). To omogu\u0107uje web-stranicama ili internet uslugama da prepoznaju va\u0161 preglednik, hvatanje i pam\u0107enje odre\u0111enih informacija.<\/li>\n<\/ul>\n<p>Koristimo kola\u010di\u0107e kako bi zapamtili i obradili stavke u va\u0161oj ko\u0161arici te razumjeli i spremili postavke za budu\u0107e posjete na\u0161oj web stranici. Zbirni podaci prikupljeni iz posjeta i aktivnosti na na\u0161im web stranicama nam omogu\u0107uju da vam ponudimo bolje iskustvo i alate na na\u0161oj web stranici u budu\u0107nosti. Mo\u017eemo zaklju\u010diti ugovore s vanjskim tvrtkama kako bi nam pomogli u boljem razumijevanju posjetitelja na\u0161ih stranica. Ovi pru\u017eatelji usluga ne smiju koristiti va\u0161e osobne podatke prikupljene u na\u0161e ime, osim u svrhu unapre\u0111enja poslovanja.<\/p>\n<p>&nbsp;<\/p>\n<p>Ako \u017eelite, mo\u017eete odabrati da Vas Va\u0161e ra\u010dunalo upozori svaki put kada je kola\u010di\u0107 poslan ili mo\u017eete u potpunosti isklju\u010diti sve kola\u010di\u0107e putem Va\u0161eg izbornika. Kao i kod ve\u0107ine web stranica, ako onemogu\u0107ite kola\u010di\u0107e, odre\u0111ene zna\u010dajke online usluge mogu krivo raditi. Ipak, jo\u0161 uvijek mo\u017eete poslati narud\u017ebu putem telefona ili kontaktiranjem slu\u017ebe za korisnike.<\/p>\n<h3><strong>Otkrivamo li Va\u0161e podatke?<\/strong><\/h3>\n<p>Va\u0161i osobne podatke ne prodajemo, njima ne trgujemo i ne prenosimo ih vanjskim strana na bilo koji drugi na\u010din. To ne uklju\u010duje vjerodostojne tre\u0107e strane koje su nam pomogle u radu na\u0161e web stranice, poslovanju i pru\u017eanju na\u0161ih usluga, sve dok tre\u0107e strane obra\u0111uju te podatke u tajnosti. Va\u0161 osobni podaci mogu se otkriti kada je to u skladu sa zakonom, na\u0161om poslovnom politikom ili kako bi za\u0161titili na\u0161a ili tu\u0111a prava, imovinu ili sigurnost. Me\u0111utim, tre\u0107e strane mogu korisititi ne-osobne podatke na\u0161ih posjetitelja za marketing, ogla\u0161avanje ili druge svrhe.<\/p>\n<h3><strong>Linkovi na tre\u0107e osobe<\/strong><\/h3>\n<p>Povremeno  mo\u017eemo, prema vlastitom naho\u0111enju, uklju\u010diti ili ponuditi proizvode ili usluge tre\u0107e osobe na na\u0161oj web stranici. Te tre\u0107e strane imaju odvojena i nezavisna pravila o privatnosti. Stoga nemamo odgovornost za sadr\u017eaj i aktivnosti u tim stranicama. Ipak, mo\u017eemo za\u0161tititi integritet na\u0161e stranice i dobrodo\u0161le su bilo kakve povratne informacije vezane za tre\u0107e osobe.<\/p>\n<h3><strong>Za\u0161tita va\u0161ih podataka<\/strong><\/h3>\n<div>Web stranice mogu implementirati interaktivne usluge, kao \u0161to su oglasne plo\u010de, forumi i \/ ili chat-sobe koje su vam dostupne. Ne zaboravite da su sve vrste informacija koje prenosite ovim putem vidljive drugim korisnicima, pa budite oprezni prije nego \u0161to se odlu\u010dite objaviti ih.<\/div>\n<div>\n<h3><strong>Va\u0161a prava<\/strong><\/h3>\n<p>Vi \u0107ete imati uvid u sve osobne podatke koje ste dali, tako da ih mo\u017eete u bilo koje vrijeme promijeniti ili izbrisati. To mo\u017eete u\u010diniti tako \u0161to \u0107e zatra\u017eiti kopiju svog profila na kontakt adresu navedenu u nastavku. Mo\u017eda ste nam prethodno dali svoje osobne podatke putem web stranice, kartica, pozivnih centara ili na neki drugi na\u010din. Va\u0161a odluka da se registrirate ne\u0107e utjecati na podatke koje ste ve\u0107 dostavili.<\/p>\n<\/div>\n<h3><strong>Web privatnost<\/strong><\/h3>\n<p>Web privatnost odnosi se samo na informacije prikupljene putem na\u0161e web stranice, a ne na informacije dobivene offline.<\/p>\n<h3><strong>Uvjeti i odredbe<\/strong><\/h3>\n<p>Molimo vas da posjetite na\u0161u web-adresu s pravilima i uvjetima kori\u0161tenja, ograni\u010denjima odgovornosti koja ure\u0111uju kori\u0161tenje na\u0161e web stranice na <a href=\"..\/terms\">http:\/\/www.megasonex.com\/bs\/terms<\/a>.<\/p>\n<h3><strong>Posebna informacije za roditelje<\/strong><\/h3>\n<p>Na\u0161a web stranica nije namijenjena za djecu mla\u0111u od \u010detrnaest godina, ali je na\u0161a du\u017enost postupati u skladu sa zakonima koji zahtijevaju dopu\u0161tenje roditelja, odnosno staratelja za prikupljanje, kori\u0161tenje ili otkrivanje osobnih podataka djece mla\u0111e od \u010detrnaest godina. Preporu\u010damo roditeljima da preuzmu aktivnu ulogu u pra\u0107enju online aktivnosti svoje djece.<\/p>\n<h3><strong>Va\u0161 pristanak<\/strong><\/h3>\n<p>Kori\u0161tenjem na\u0161e web stranice pristajete na na\u0161a pravila privatnosti.<\/p>\n<h3><strong>Promjene pravila privatnosti<\/strong><\/h3>\n<p>Ako odlu\u010dimo mijenjati na\u0161u politiku privatnosti, te promjene \u0107emo objaviti na ovoj stranici.<\/p>\n<h3><strong>Kontaktirajte nas<\/strong><\/h3>\n<p>Ako imate bilo kakvih pitanja u vezi na\u0161e politike privatnosti, molimo Vas da po\u0161aljete pitanja na sljede\u0107u adresu:<\/p>\n<p>&nbsp;<\/p>\n<blockquote class=\"wp-embedded-content\" data-secret=\"Wpawn2oMON\"><p><a href=\"https:\/\/megasonex.com\/\">MEGASONEX<\/a><\/p><\/blockquote>\n<p><iframe loading=\"lazy\" class=\"wp-embedded-content\" sandbox=\"allow-scripts\" security=\"restricted\" style=\"position: absolute; visibility: hidden;\" title=\"&#8220;MEGASONEX&#8221; &#8212; MEGASONEX\u00ae\" src=\"https:\/\/megasonex.com\/embed\/#?secret=4ywk0DgSqL#?secret=Wpawn2oMON\" data-secret=\"Wpawn2oMON\" width=\"500\" height=\"282\" frameborder=\"0\" marginwidth=\"0\" marginheight=\"0\" scrolling=\"no\"><\/iframe><\/p>\n<p>&nbsp;<\/p>\n<p>Goldspire Group Ltd.<\/p>\n<p>&nbsp;<\/p>\n<p>The Center 31\/F<br \/>\n99 Queens Road Central<br \/>\nHong Kong<br \/>\nKina<br \/>\ninfo@megasonex.com<\/p>\n","protected":false},"excerpt":{"rendered":"<p>\u010cvrsto vjerujemo u za\u0161titu osobnih podataka koje dijelite s nama i \u017eelimo vas informirati o tome kako \u0107emo koristiti va\u0161e osobne podatke. Stoga vas savjetujemo da pa\u017eljivo pro\u010ditate pravila privatnosti. Koje podatke prikupljamo? Mi prikupljamo informacije od vas kada se registrirate na na\u0161im stranicama, napravite narud\u017ebu, registrirate proizvod, pretplatite se na na\u0161 newsletter, odgovorite na [&hellip;]<\/p>\n","protected":false},"author":3,"featured_media":0,"parent":0,"menu_order":213,"comment_status":"closed","ping_status":"closed","template":"","meta":{"footnotes":""},"class_list":["post-6056","page","type-page","status-publish","hentry"],"_links":{"self":[{"href":"https:\/\/megasonex.com\/bs\/wp-json\/wp\/v2\/pages\/6056","targetHints":{"allow":["GET"]}}],"collection":[{"href":"https:\/\/megasonex.com\/bs\/wp-json\/wp\/v2\/pages"}],"about":[{"href":"https:\/\/megasonex.com\/bs\/wp-json\/wp\/v2\/types\/page"}],"author":[{"embeddable":true,"href":"https:\/\/megasonex.com\/bs\/wp-json\/wp\/v2\/users\/3"}],"replies":[{"embeddable":true,"href":"https:\/\/megasonex.com\/bs\/wp-json\/wp\/v2\/comments?post=6056"}],"version-history":[{"count":0,"href":"https:\/\/megasonex.com\/bs\/wp-json\/wp\/v2\/pages\/6056\/revisions"}],"wp:attachment":[{"href":"https:\/\/megasonex.com\/bs\/wp-json\/wp\/v2\/media?parent=6056"}],"curies":[{"name":"wp","href":"https:\/\/api.w.org\/{rel}","templated":true}]}}