{"id":5888,"date":"2014-10-14T13:55:22","date_gmt":"2014-10-14T20:55:22","guid":{"rendered":"http:\/\/megasonex.com\/?page_id=5888"},"modified":"2014-10-14T14:00:07","modified_gmt":"2014-10-14T21:00:07","slug":"scraper","status":"publish","type":"page","link":"https:\/\/megasonex.com\/bs\/scraper\/","title":{"rendered":"Struga\u010d za jezik"},"content":{"rendered":"<p><img decoding=\"async\" src=\"\/wp-content\/uploads\/Scraper_Hand_Sideways.jpg\" width=\"100%\"\/><\/p>\n<div style=\"font-size: 120%\">\n<p>&nbsp;<\/p>\n<p>\u010ci\u0161\u010denje jezika je sastavni dio va\u0161e svakodnevne zubne higijene. Mnoge bakterije, koje uzrokuju nastanak zubnih naslaga, lo\u0161 zadah i druge probleme u ustima, nakupljaju se na jeziku i potrebno ih je redovito odstranjivati. Ipak, dosada\u0161nji struga\u010di za jezik bili su dosta primitivni.<\/p>\n<p>&nbsp;<\/p>\n<p>Predstavljamo vam prvi ultrazvu\u010dni struga\u010d za jezik na svijetu\u2026 MEGASONEX\u00ae.<\/p>\n<p>&nbsp;<\/p>\n<p>Umjesto da napravimo sasvim novi ure\u0111aj kako bi pove\u0107ali prodaju, odlu\u010dili smo napraviti odli\u010dan higijenski nastavak za svakog vlasnika MEGASONEX\u00ae zubne \u010detkice. Na\u0161 struga\u010d za jezik ima nastavak tako da ga mo\u017eete lako pri\u010dvrstiti okretajem na dr\u017ea\u010d zubne \u010detkice. Potrebno je samo zamijeniti nastavak glave zubne \u010detkice s MEGASONEX\u00ae nastavkom za struga\u010d jezika i voil\u00e0&#8230; va\u0161a \u010detkica se magi\u010dno pretvorila u najsna\u017eniji \u010dista\u010d za jezik na svijetu. Molimo istra\u017eite <a href=\"features\">prednosti<\/a> struga\u010da za jezik, saznajte o <a href=\"science\">znanosti<\/a> koja je iza \u010di\u0161\u0107enja jezka i nau\u010dite <a href=\"instructions\">kako upotrijebiti<\/a> struga\u010d za jezik za najbolji rezultat.<\/p>\n<\/div>\n","protected":false},"excerpt":{"rendered":"<p>&nbsp; \u010ci\u0161\u010denje jezika je sastavni dio va\u0161e svakodnevne zubne higijene. Mnoge bakterije, koje uzrokuju nastanak zubnih naslaga, lo\u0161 zadah i druge probleme u ustima, nakupljaju se na jeziku i potrebno ih je redovito odstranjivati. Ipak, dosada\u0161nji struga\u010di za jezik bili su dosta primitivni. &nbsp; Predstavljamo vam prvi ultrazvu\u010dni struga\u010d za jezik na svijetu\u2026 MEGASONEX\u00ae. &nbsp; [&hellip;]<\/p>\n","protected":false},"author":3,"featured_media":0,"parent":0,"menu_order":28,"comment_status":"closed","ping_status":"open","template":"","meta":{"footnotes":""},"class_list":["post-5888","page","type-page","status-publish","hentry"],"_links":{"self":[{"href":"https:\/\/megasonex.com\/bs\/wp-json\/wp\/v2\/pages\/5888","targetHints":{"allow":["GET"]}}],"collection":[{"href":"https:\/\/megasonex.com\/bs\/wp-json\/wp\/v2\/pages"}],"about":[{"href":"https:\/\/megasonex.com\/bs\/wp-json\/wp\/v2\/types\/page"}],"author":[{"embeddable":true,"href":"https:\/\/megasonex.com\/bs\/wp-json\/wp\/v2\/users\/3"}],"replies":[{"embeddable":true,"href":"https:\/\/megasonex.com\/bs\/wp-json\/wp\/v2\/comments?post=5888"}],"version-history":[{"count":0,"href":"https:\/\/megasonex.com\/bs\/wp-json\/wp\/v2\/pages\/5888\/revisions"}],"wp:attachment":[{"href":"https:\/\/megasonex.com\/bs\/wp-json\/wp\/v2\/media?parent=5888"}],"curies":[{"name":"wp","href":"https:\/\/api.w.org\/{rel}","templated":true}]}}